{"id":2005,"date":"2018-06-29T09:16:38","date_gmt":"2018-06-29T07:16:38","guid":{"rendered":"https:\/\/www.floaterlaser.com\/?page_id=2005"},"modified":"2022-05-16T17:24:48","modified_gmt":"2022-05-16T15:24:48","slug":"floater-laser-2","status":"publish","type":"page","link":"https:\/\/www.floaterlaser.com\/de\/","title":{"rendered":"Floater laser Augenklinik"},"content":{"rendered":"<div class=\"wpb-content-wrapper\">[vc_row full_width=&#8221;stretch_row&#8221; wpex_bg_overlay=&#8221;color&#8221; wpex_fixed_bg=&#8221;fixed&#8221; min_height=&#8221;450px&#8221; css=&#8221;.vc_custom_1652714680206{background-image: url(https:\/\/www.floaterlaser.com\/wp-content\/uploads\/floater-laser-omc-amstelland-amsterdam.jpg?id=2478) !important;background-position: center !important;background-repeat: no-repeat !important;background-size: cover !important;}&#8221; wpex_bg_overlay_color=&#8221;#ffffff&#8221; wpex_bg_overlay_opacity=&#8221;0.1&#8243; wpex_bg_position=&#8221;center center&#8221;][vc_column][vc_row_inner content_placement=&#8221;middle&#8221;][vc_column_inner el_class=&#8221;videoblok&#8221; width=&#8221;1\/3&#8243;]<style>.vcex-heading.vcex_69df6c74e4629{color:#ffffff;font-size:32px;font-weight:600;text-transform:uppercase;}<\/style><span class=\"vcex-heading vcex-heading-plain vcex-module wpex-heading wpex-text-2xl wpex-span wpex-text-left vc_custom_1610380955821 vcex_69df6c74e4629\"><span class=\"vcex-heading-inner wpex-inline-block\">Video Consult Service<\/span><\/span>[vc_column_text color=&#8221;#ffffff&#8221; font_size=&#8221;20px&#8221;]Neuer Service, Video Consult von zu Hause aus. F\u00fcr weitere Informationen oder um einen Termin zu vereinbaren, klicken Sie unten.[\/vc_column_text]<style>.vcex-button.vcex_69df6c74e5d64{margin-block:20px;}<\/style><div class=\"theme-button-wrap theme-button-block-wrap wpex-block wpex-clear wpex-clr\"><a href=\"\/de\/video-konsultation\/\" class=\"vcex-button theme-button align-left block vcex_69df6c74e5d64\"><span class=\"vcex-button-inner theme-button-inner wpex-flex wpex-flex-wrap wpex-items-center wpex-justify-center\">Klicken Sie f\u00fcr Informationen oder Termin<\/span><\/a><\/div> [\/vc_column_inner][vc_column_inner width=&#8221;1\/3&#8243;][\/vc_column_inner][vc_column_inner width=&#8221;1\/3&#8243;][\/vc_column_inner][\/vc_row_inner][\/vc_column][\/vc_row][vc_row][vc_column css=&#8221;.vc_custom_1507576551709{background-color: #ffffff !important;}&#8221; el_class=&#8221;home-block1&#8243;][vc_row_inner][vc_column_inner width=&#8221;1\/3&#8243;][vc_single_image image=&#8221;2474&#8243; css=&#8221;.vc_custom_1536835445104{margin-right: 15px !important;margin-left: -15px !important;}&#8221; el_class=&#8221;overlay-image&#8221; el_id=&#8221;image-marge-links&#8221;][\/vc_column_inner][vc_column_inner width=&#8221;2\/3&#8243; css=&#8221;.vc_custom_1507209591008{padding-top: 20px !important;}&#8221;]<style>.vcex-heading.vcex_69df6c74e6647{color:#80ac64;font-size:24px;}<\/style><h1 class=\"vcex-heading vcex-heading-plain vcex-module wpex-heading wpex-text-2xl wpex-h1 vcex_69df6c74e6647\"><span class=\"vcex-heading-inner wpex-inline-block\">Willkommen bei Floater Laser Augenklinik \/ OMC Amstelland<\/span><\/h1>[vc_column_text font_size=&#8221;19px&#8221; font_weight=&#8221;semibold&#8221;]Das OMC Amstelland\/ die Floater Laser Augenklinik ist ein international renommiertes Referenzkrankenhaus f\u00fcr Laserbehandlungen von Glask\u00f6rpertr\u00fcbungen. Patienten aus aller Welt reisen in unsere Augenklinik nach Amsterdam f\u00fcr eine Behandlung. In- und ausl\u00e4ndische \u00c4rzte sind regelm\u00e4\u00dfig zu Gast. Es handelt sich um Augen\u00e4rzte, die mehr \u00fcber das Lasern von Glask\u00f6rpertr\u00fcbungen lernen wollen, indem sie bei Behandlungen zuschauen.[\/vc_column_text][vc_column_text el_class=&#8221;two-col&#8221; css=&#8221;.vc_custom_1530256491692{margin-top: 15px !important;}&#8221;]Feike Gerbrandy hat seine Ausbildung zum Augenarzt im Jahre 2007 im AMC und an der Universit\u00e4t von Amsterdam abgeschlossen. Seine Spezialisierung hat er f\u00fcr: trockene Augen, Makuladegeneration, Glaukom, Star-Operationen und der Behandlung von Glask\u00f6rpertr\u00fcbungen mit dem Laser.[\/vc_column_text][\/vc_column_inner][\/vc_row_inner][vc_row_inner][vc_column_inner el_class=&#8221;contactbutton&#8221; width=&#8221;1\/3&#8243;]<h3 class=\"vcex-heading vcex-heading-plain vcex-module wpex-heading wpex-text-2xl wpex-h3\"><span class=\"vcex-heading-inner wpex-inline-block\">Kontaktdaten<\/span><\/h3>[vc_column_text]OMC Amstelland \/ Floater-Laser Augenklinik<br \/>\n<em>drs. Feike Gerbrandy \u2013 Augenarzt, Augenchirurg &amp; Refraktionschirurg<\/em><br \/>\nMuiderstraatweg 58B<br \/>\n1111 PT Diemen[\/vc_column_text]<a href=\"\/de\/kontakt\/\" class=\"vcex-button theme-button align-right inline\"><span class=\"vcex-button-inner theme-button-inner wpex-flex wpex-flex-wrap wpex-items-center wpex-justify-center\">KONTAKT<\/span><\/a> [\/vc_column_inner][vc_column_inner width=&#8221;1\/3&#8243;]<h3 class=\"vcex-heading vcex-heading-plain vcex-module wpex-heading wpex-text-2xl wpex-h3\"><span class=\"vcex-heading-inner wpex-inline-block\">Kontakt und Termine<\/span><\/h3>[vc_column_text css=&#8221;.vc_custom_1521100707595{margin-bottom: 3px !important;}&#8221;]\n<div class=\"mailtext\"><strong><a href=\"mailto:info@floaterlaser.nl\">info@floaterlaser.nl<\/a><\/strong><\/div>\n[\/vc_column_text][vc_column_text css=&#8221;.vc_custom_1531774722849{margin-bottom: 3px !important;}&#8221;]\n<div class=\"phonetext\"><strong><a href=\"tel:+31202618312\">+31 20 261 8312<\/a><\/strong><\/div>\n[\/vc_column_text][vc_column_text italic=&#8221;true&#8221; font_size=&#8221;15px&#8221;]T\u00e4glich erreichbar von 8:30-17:00. \u00a0Zwischen 12.30 und 13.15 Uhr wird unser Telefon weitergeleitet zu unserem Call Center.[\/vc_column_text][\/vc_column_inner][vc_column_inner el_class=&#8221;afspraakbutton&#8221; width=&#8221;1\/3&#8243;][vc_column_text css=&#8221;.vc_custom_1530298248781{margin-top: 15px !important;}&#8221;]<em>Die meisten Fragen k\u00f6nnen am besten per E-Mail beantwortet werden. Dann kann der Augenarzt in Ruhe Ihre Krankenakte zu Rate ziehen und die Fragen besser beantworten. Wenn Sie Ihre Frage am Telefon stellen, ist dies nicht m\u00f6glich. Darum bitten wir Sie, Ihre Fragen so viel wie m\u00f6glich per E-Mail zu stellen.<\/em>[\/vc_column_text]<div class=\"vc_custom_1530298202988 wpex-clr\"><div class=\"theme-button-wrap textcenter wpex-clr\"><a href=\"\/de\/kontakt\/\" class=\"vcex-button theme-button align-center inline\"><span class=\"vcex-button-inner theme-button-inner wpex-flex wpex-flex-wrap wpex-items-center wpex-justify-center\">VEREINBAREN TERMIN<\/span><\/a><\/div><\/div> [\/vc_column_inner][\/vc_row_inner][\/vc_column][\/vc_row][vc_row el_class=&#8221;kolommen_home&#8221;][vc_column width=&#8221;1\/3&#8243;][vc_single_image image=&#8221;189&#8243; onclick=&#8221;custom_link&#8221; el_class=&#8221;overlay-image&#8221; link=&#8221;\/de\/glaskoerpertruebungen-oder-floater\/&#8221;][vc_column_text css=&#8221;.vc_custom_1530259139264{padding-right: 15px !important;padding-left: 15px !important;}&#8221;]\n<h3>Glask\u00f6rpertr\u00fcbungen\/Floater<\/h3>\n<p>Menschen mit Glask\u00f6rpertr\u00fcbungen (Floater) haben eine oder mehrere Formen im Sichtfeld. Die Form bewegt sich mit dem Auge in charakteristisch huschender Weise. Je nachdem, wo sich der Floater befindet, st\u00f6rt er mehr oder weniger. An einige Floater kann man sich gew\u00f6hnen, andere bleiben unangenehm.[\/vc_column_text]<style>.vcex-button.vcex_69df6c74e92f7{background:#977d7a;color:#ffffff!important;}.vcex-button.vcex_69df6c74e92f7:hover{background:#977d7a!important;color:#ffffff!important;}<\/style><div class=\"vc_custom_1530277835499 wpex-clr\"><a href=\"\/de\/glaskoerpertruebungen-oder-floater\/\" class=\"vcex-button theme-button inline vcex_69df6c74e92f7\"><span class=\"vcex-button-inner theme-button-inner wpex-flex wpex-flex-wrap wpex-items-center wpex-justify-center\">WEITERLESEN<\/span><\/a><\/div> [\/vc_column][vc_column width=&#8221;1\/3&#8243;][vc_single_image image=&#8221;360&#8243; onclick=&#8221;custom_link&#8221; el_class=&#8221;overlay-image&#8221; link=&#8221;\/de\/glaskoerpertruebungen-oder-floater\/die-medizinische-lasertherapie-von-glaskoerper-truebungen\/&#8221;][vc_column_text css=&#8221;.vc_custom_1563956772047{padding-right: 15px !important;padding-left: 15px !important;}&#8221;]\n<h3>Die Behandlung<\/h3>\n<p>Sie k\u00f6nnen in die Augenklinik OMC Amstelland zur Kataraktchirurgie oder zur Behandlung von Augenlicht gehen. Alle Behandlungen finden in Form einer Tagesbehandlung statt und finden in unserer Floater Laser Augenklinik in Diemen statt.[\/vc_column_text]<style>.vcex-button.vcex_69df6c74e9c48{background:#977d7a;color:#ffffff!important;}.vcex-button.vcex_69df6c74e9c48:hover{background:#977d7a!important;color:#ffffff!important;}<\/style><div class=\"vc_custom_1530297128037 wpex-clr\"><a href=\"\/de\/glaskoerpertruebungen-oder-floater\/die-medizinische-lasertherapie-von-glaskoerper-truebungen\/\" class=\"vcex-button theme-button inline vcex_69df6c74e9c48\"><span class=\"vcex-button-inner theme-button-inner wpex-flex wpex-flex-wrap wpex-items-center wpex-justify-center\">WEITERLESEN<\/span><\/a><\/div> [\/vc_column][vc_column width=&#8221;1\/3&#8243;][vc_single_image image=&#8221;363&#8243; el_class=&#8221;overlay-image&#8221;][vc_column_text css=&#8221;.vc_custom_1530257086857{padding-right: 15px !important;padding-left: 15px !important;}&#8221;]\n<h3>Was kostet es?<\/h3>\n<p>Das niederl\u00e4ndische Pfletinstitut hat entschieden, dass Floater Laser nicht als versicherte Pflege angeboten werden kann. Deshalb bieten wir diese Behandlung nur als unversicherte Behandlung an. Wir beraten Sie \u00fcber die beste Behandlung.[\/vc_column_text]<style>.vcex-button.vcex_69df6c74ea558{background:#977d7a;color:#ffffff!important;}.vcex-button.vcex_69df6c74ea558:hover{background:#977d7a!important;color:#ffffff!important;}<\/style><div class=\"vc_custom_1530297121641 wpex-clr\"><a href=\"\/de\/behandlungskosten-fuer-auslaendische-patienten\/\" class=\"vcex-button theme-button inline vcex_69df6c74ea558\"><span class=\"vcex-button-inner theme-button-inner wpex-flex wpex-flex-wrap wpex-items-center wpex-justify-center\">WEITERLESEN<\/span><\/a><\/div> [\/vc_column][\/vc_row][vc_row full_width=&#8221;stretch_row&#8221; wpex_bg_overlay=&#8221;color&#8221; css=&#8221;.vc_custom_1652714604497{margin-top: 60px !important;background-position: center !important;background-repeat: no-repeat !important;background-size: cover !important;}&#8221; el_class=&#8221;background-home&#8221; wpex_bg_position=&#8221;center center&#8221; wpex_bg_overlay_color=&#8221;#ffffff&#8221; wpex_bg_overlay_opacity=&#8221;0.1&#8243;][vc_column width=&#8221;1\/2&#8243;][\/vc_column][vc_column width=&#8221;1\/2&#8243; css=&#8221;.vc_custom_1507215410851{padding-right: 30px !important;padding-left: 30px !important;background-color: #ffffff !important;}&#8221;]<style>.vcex-heading.vcex_69df6c74ead4f{color:#80ac64;font-size:24px;font-weight:600;letter-spacing:0.3px;}<\/style><h2 class=\"vcex-heading vcex-heading-plain vcex-module wpex-heading wpex-text-2xl wpex-h2 vc_custom_1530298310970 vcex_69df6c74ead4f\"><span class=\"vcex-heading-inner wpex-inline-block\">Erreichbarkeit<\/span><\/h2>[vc_column_text css=&#8221;.vc_custom_1530298408443{margin-top: 15px !important;}&#8221;]Das OMC Amstelland ist sehr gut erreichbar mit den \u00f6ffentlichen Verkehrsmitteln (Bus 65, Tram 9) und ebenso mit dem Auto. Die Praxis befindet sich unmittelbar au\u00dferhalb des Stadtrings im Osten von Amsterdam (Amsterdam Oost). Es gibt genug Parkpl\u00e4tze.[\/vc_column_text]<style>.vcex-heading.vcex_69df6c74eb5f6{color:#80ac64;font-size:24px;font-weight:600;letter-spacing:0.3px;}<\/style><h2 class=\"vcex-heading vcex-heading-plain vcex-module wpex-heading wpex-text-2xl wpex-h2 vc_custom_1530298346244 vcex_69df6c74eb5f6\"><span class=\"vcex-heading-inner wpex-inline-block\">OMC Amstelland in den Medien<\/span><\/h2><style>.vcex-blog-grid-wrap.vcex_69df6c74ec2d7 .entry-date{color:#d0c8cb;font-size:15px;}<\/style><div class=\"vcex-blog-grid-wrap wpex-clr\"><div class=\"wpex-row vcex-blog-grid wpex-clr entries\" data-transition-duration=\"0.0\"><div class=\"vcex-blog-entry entry-has-details span_1_of_1 col-1 col entry post-2119 type-post no-media cat-1 post_format-7\"><div class=\"vcex-blog-entry-inner entry-inner wpex-clr\"><div class=\"vcex-blog-entry-date\" style=\"color:#d0c8cb;font-size:15px;\">29 May 2018<\/div><h2 class=\"vcex-blog-entry-title entry-title\"><a href=\"https:\/\/www.floaterlaser.com\/de\/interview-mit-dr-gerbrandy\/\" title=\"Interview mit Dr. Gerbrandy\">Interview mit Dr. Gerbrandy<\/a><\/h2><div class=\"vcex-blog-entry-media entry-media\"><span class=\"wpex-responsive-media\"><iframe title=\"YAG Laser Vitreolysis: Results of 500 Eyes -- Video Interview with Feike Gerbrandy, MD\" width=\"980\" height=\"551\" src=\"https:\/\/www.youtube.com\/embed\/8xMCD5IP2m8?feature=oembed\"  allow=\"accelerometer; autoplay; clipboard-write; encrypted-media; gyroscope; picture-in-picture\" allowfullscreen><\/iframe><\/span><\/div><div class=\"vcex-blog-entry-details entry-details wpex-clr\"><div class=\"vcex-blog-entry-excerpt entry-excerpt entry clr\"><\/div><\/div><\/div><\/div><\/div><\/div>[vc_column_text css=&#8221;.vc_custom_1530298896200{margin-bottom: 20px !important;border-bottom-width: 6px !important;padding-bottom: 20px !important;border-bottom-color: #80ac64 !important;border-bottom-style: solid !important;}&#8221;]Patienten-Bewertungen unserer Augenklinik und des Augenarztes sind zu finden bei Zorgkaart Nederland \u00a0<a href=\"https:\/\/www.zorgkaartnederland.nl\/zorginstelling\/oogkliniek-omc-amstelland-diemen-3056449\" target=\"_blank\" rel=\"noopener noreferrer\">OMC Amstelland<\/a>\u00a0und<a href=\"https:\/\/www.zorgkaartnederland.nl\/zorgverlener\/oogarts-gerbrandy-s-j-f-257797\/waardering?werkzaam=Oogarts+bij+OMC+Amstelland+in+Diemen\" target=\"_blank\" rel=\"noopener noreferrer\">\u00a0<u>Feike Gerbrandy<\/u><\/a>[\/vc_column_text]<style>.vcex-heading.vcex_69df6c74f07f6{color:#585858;font-size:24px;font-weight:600;letter-spacing:0.4px;}<\/style><h5 class=\"vcex-heading vcex-heading-plain vcex-module wpex-heading wpex-text-2xl wpex-h5 wpex-text-center vc_custom_1530257256447 vcex_69df6c74f07f6\"><span class=\"vcex-heading-inner wpex-inline-block\">KONTAKTIEREN SIE UNS<\/span><\/h5>[vc_column_text color=&#8221;#afa8a8&#8243; font_weight=&#8221;semibold&#8221; text_align=&#8221;center&#8221; font_family=&#8221;Open Sans&#8221; css=&#8221;.vc_custom_1536835501619{padding-right: 40px !important;padding-left: 40px !important;}&#8221;]WOLLEN SIE EINE BERATUNG F\u00dcR EINE BERATUNG ODER EINE FLOATER-LASERBEHANDLUNG MACHEN? DAS KANN JETZT ONLINE SEIN.[\/vc_column_text]<div class=\"vc_custom_1530298702596 wpex-clr\"><div class=\"theme-button-wrap textcenter wpex-clr\"><a href=\"\/de\/kontakt\/\" class=\"vcex-button theme-button align-center inline\"><span class=\"vcex-button-inner theme-button-inner wpex-flex wpex-flex-wrap wpex-items-center wpex-justify-center\">MACHE EINE ERNENNUNG DIREKT<\/span><\/a><\/div><\/div> [\/vc_column][\/vc_row]\n<\/div>","protected":false},"excerpt":{"rendered":"<p>[vc_row full_width=&#8221;stretch_row&#8221; wpex_bg_overlay=&#8221;color&#8221; wpex_fixed_bg=&#8221;fixed&#8221; min_height=&#8221;450px&#8221; css=&#8221;.vc_custom_1652714680206{background-image: url(https:\/\/www.floaterlaser.com\/wp-content\/uploads\/floater-laser-omc-amstelland-amsterdam.jpg?id=2478) !important;background-position: center !important;background-repeat: no-repeat !important;background-size: cover !important;}&#8221; wpex_bg_overlay_color=&#8221;#ffffff&#8221; wpex_bg_overlay_opacity=&#8221;0.1&#8243; wpex_bg_position=&#8221;center center&#8221;][vc_column][vc_row_inner content_placement=&#8221;middle&#8221;][vc_column_inner el_class=&#8221;videoblok&#8221; width=&#8221;1\/3&#8243;][vc_column_text color=&#8221;#ffffff&#8221; font_size=&#8221;20px&#8221;]Neuer Service, Video Consult von zu Hause aus. F\u00fcr weitere Informationen oder um einen Termin zu vereinbaren, klicken Sie unten.[\/vc_column_text][\/vc_column_inner][vc_column_inner width=&#8221;1\/3&#8243;][\/vc_column_inner][vc_column_inner width=&#8221;1\/3&#8243;][\/vc_column_inner][\/vc_row_inner][\/vc_column][\/vc_row][vc_row][vc_column css=&#8221;.vc_custom_1507576551709{background-color: #ffffff !important;}&#8221; el_class=&#8221;home-block1&#8243;][vc_row_inner][vc_column_inner width=&#8221;1\/3&#8243;][vc_single_image image=&#8221;2474&#8243; css=&#8221;.vc_custom_1536835445104{margin-right: 15px !important;margin-left: -15px !important;}&#8221;&hellip;<\/p>\n","protected":false},"author":1,"featured_media":0,"parent":0,"menu_order":0,"comment_status":"closed","ping_status":"closed","template":"","meta":{"footnotes":""},"class_list":["post-2005","page","type-page","status-publish","hentry","entry","has-media"],"yoast_head":"<!-- This site is optimized with the Yoast SEO plugin v27.4 - https:\/\/yoast.com\/product\/yoast-seo-wordpress\/ -->\n<title>Floater laser Augenklinik - Ihre Spezialisten bei Augenproblemen<\/title>\n<meta name=\"description\" content=\"Das OMC Amstelland\/ die Floater Laser Augenklinik ist ein international renommiertes Referenzkrankenhaus f\u00fcr Laserbehandlungen von Glask\u00f6rpertr\u00fcbungen.\" \/>\n<meta name=\"robots\" content=\"index, follow, max-snippet:-1, max-image-preview:large, max-video-preview:-1\" \/>\n<link rel=\"canonical\" href=\"https:\/\/www.floaterlaser.com\/de\/\" \/>\n<meta property=\"og:locale\" content=\"de_DE\" \/>\n<meta property=\"og:type\" content=\"article\" \/>\n<meta property=\"og:title\" content=\"Floater laser Augenklinik - Ihre Spezialisten bei Augenproblemen\" \/>\n<meta property=\"og:description\" content=\"Das OMC Amstelland\/ die Floater Laser Augenklinik ist ein international renommiertes Referenzkrankenhaus f\u00fcr Laserbehandlungen von Glask\u00f6rpertr\u00fcbungen.\" \/>\n<meta property=\"og:url\" content=\"https:\/\/www.floaterlaser.com\/de\/\" \/>\n<meta property=\"og:site_name\" content=\"Floater-Laser Augenklinik \u2013 Oogheelkundig Medisch Centrum Amstelland\" \/>\n<meta property=\"article:publisher\" content=\"https:\/\/www.facebook.com\/floaterlaserOMC\" \/>\n<meta property=\"article:modified_time\" content=\"2022-05-16T15:24:48+00:00\" \/>\n<meta property=\"og:image\" content=\"https:\/\/www.floaterlaser.com\/wp-content\/uploads\/2017\/10\/homepage-floatenlaser.jpg\" \/>\n\t<meta property=\"og:image:width\" content=\"1600\" \/>\n\t<meta property=\"og:image:height\" content=\"1015\" \/>\n\t<meta property=\"og:image:type\" content=\"image\/jpeg\" \/>\n<meta name=\"twitter:card\" content=\"summary_large_image\" \/>\n<meta name=\"twitter:site\" content=\"@floaterlaser1\" \/>\n<meta name=\"twitter:label1\" content=\"Gesch\u00e4tzte Lesezeit\" \/>\n\t<meta name=\"twitter:data1\" content=\"4 minutes\" \/>\n<script type=\"application\/ld+json\" class=\"yoast-schema-graph\">{\"@context\":\"https:\\\/\\\/schema.org\",\"@graph\":[{\"@type\":[\"WebPage\",\"MedicalWebPage\"],\"@id\":\"https:\\\/\\\/www.floaterlaser.com\\\/de\\\/\",\"url\":\"https:\\\/\\\/www.floaterlaser.com\\\/de\\\/\",\"name\":\"Floater laser Augenklinik - Ihre Spezialisten bei Augenproblemen\",\"isPartOf\":{\"@id\":\"https:\\\/\\\/www.floaterlaser.com\\\/#website\"},\"datePublished\":\"2018-06-29T07:16:38+00:00\",\"dateModified\":\"2022-05-16T15:24:48+00:00\",\"description\":\"Das OMC Amstelland\\\/ die Floater Laser Augenklinik ist ein international renommiertes Referenzkrankenhaus f\u00fcr Laserbehandlungen von Glask\u00f6rpertr\u00fcbungen.\",\"breadcrumb\":{\"@id\":\"https:\\\/\\\/www.floaterlaser.com\\\/de\\\/#breadcrumb\"},\"inLanguage\":\"de-DE\",\"potentialAction\":[{\"@type\":\"ReadAction\",\"target\":[\"https:\\\/\\\/www.floaterlaser.com\\\/de\\\/\"]}]},{\"@type\":\"BreadcrumbList\",\"@id\":\"https:\\\/\\\/www.floaterlaser.com\\\/de\\\/#breadcrumb\",\"itemListElement\":[{\"@type\":\"ListItem\",\"position\":1,\"name\":\"Home\",\"item\":\"https:\\\/\\\/www.floaterlaser.com\\\/de\\\/\"},{\"@type\":\"ListItem\",\"position\":2,\"name\":\"Floater laser Augenklinik\"}]},{\"@type\":\"WebSite\",\"@id\":\"https:\\\/\\\/www.floaterlaser.com\\\/#website\",\"url\":\"https:\\\/\\\/www.floaterlaser.com\\\/\",\"name\":\"Floaterlaser Oogkliniek\",\"description\":\"Behandlungen von Glask\u00f6rpertr\u00fcbungen und anderen Augenerkrankungen\",\"publisher\":{\"@id\":\"https:\\\/\\\/www.floaterlaser.com\\\/#organization\"},\"alternateName\":\"OMC Amstelland\",\"potentialAction\":[{\"@type\":\"SearchAction\",\"target\":{\"@type\":\"EntryPoint\",\"urlTemplate\":\"https:\\\/\\\/www.floaterlaser.com\\\/?s={search_term_string}\"},\"query-input\":{\"@type\":\"PropertyValueSpecification\",\"valueRequired\":true,\"valueName\":\"search_term_string\"}}],\"inLanguage\":\"de-DE\"},{\"@type\":\"Organization\",\"@id\":\"https:\\\/\\\/www.floaterlaser.com\\\/#organization\",\"name\":\"Floaterlaser Oogkliniek \u2013 OMC Amstelland\",\"alternateName\":\"OMC Amstelland\",\"url\":\"https:\\\/\\\/www.floaterlaser.com\\\/\",\"logo\":{\"@type\":\"ImageObject\",\"inLanguage\":\"de-DE\",\"@id\":\"https:\\\/\\\/www.floaterlaser.com\\\/#\\\/schema\\\/logo\\\/image\\\/\",\"url\":\"https:\\\/\\\/www.floaterlaser.com\\\/wp-content\\\/uploads\\\/logoOMCmetAEH.jpg\",\"contentUrl\":\"https:\\\/\\\/www.floaterlaser.com\\\/wp-content\\\/uploads\\\/logoOMCmetAEH.jpg\",\"width\":473,\"height\":228,\"caption\":\"Floaterlaser Oogkliniek \u2013 OMC Amstelland\"},\"image\":{\"@id\":\"https:\\\/\\\/www.floaterlaser.com\\\/#\\\/schema\\\/logo\\\/image\\\/\"},\"sameAs\":[\"https:\\\/\\\/www.facebook.com\\\/floaterlaserOMC\",\"https:\\\/\\\/x.com\\\/floaterlaser1\",\"https:\\\/\\\/www.instagram.com\\\/omc_amstelland\\\/\",\"https:\\\/\\\/www.zorgkaartnederland.nl\\\/zorginstelling\\\/oogkliniek-omc-amstelland-diemen-3056449\"]}]}<\/script>\n<!-- \/ Yoast SEO plugin. -->","yoast_head_json":{"title":"Floater laser Augenklinik - Ihre Spezialisten bei Augenproblemen","description":"Das OMC Amstelland\/ die Floater Laser Augenklinik ist ein international renommiertes Referenzkrankenhaus f\u00fcr Laserbehandlungen von Glask\u00f6rpertr\u00fcbungen.","robots":{"index":"index","follow":"follow","max-snippet":"max-snippet:-1","max-image-preview":"max-image-preview:large","max-video-preview":"max-video-preview:-1"},"canonical":"https:\/\/www.floaterlaser.com\/de\/","og_locale":"de_DE","og_type":"article","og_title":"Floater laser Augenklinik - Ihre Spezialisten bei Augenproblemen","og_description":"Das OMC Amstelland\/ die Floater Laser Augenklinik ist ein international renommiertes Referenzkrankenhaus f\u00fcr Laserbehandlungen von Glask\u00f6rpertr\u00fcbungen.","og_url":"https:\/\/www.floaterlaser.com\/de\/","og_site_name":"Floater-Laser Augenklinik \u2013 Oogheelkundig Medisch Centrum Amstelland","article_publisher":"https:\/\/www.facebook.com\/floaterlaserOMC","article_modified_time":"2022-05-16T15:24:48+00:00","og_image":[{"width":1600,"height":1015,"url":"https:\/\/www.floaterlaser.com\/wp-content\/uploads\/2017\/10\/homepage-floatenlaser.jpg","type":"image\/jpeg"}],"twitter_card":"summary_large_image","twitter_site":"@floaterlaser1","twitter_misc":{"Gesch\u00e4tzte Lesezeit":"4 minutes"},"schema":{"@context":"https:\/\/schema.org","@graph":[{"@type":["WebPage","MedicalWebPage"],"@id":"https:\/\/www.floaterlaser.com\/de\/","url":"https:\/\/www.floaterlaser.com\/de\/","name":"Floater laser Augenklinik - Ihre Spezialisten bei Augenproblemen","isPartOf":{"@id":"https:\/\/www.floaterlaser.com\/#website"},"datePublished":"2018-06-29T07:16:38+00:00","dateModified":"2022-05-16T15:24:48+00:00","description":"Das OMC Amstelland\/ die Floater Laser Augenklinik ist ein international renommiertes Referenzkrankenhaus f\u00fcr Laserbehandlungen von Glask\u00f6rpertr\u00fcbungen.","breadcrumb":{"@id":"https:\/\/www.floaterlaser.com\/de\/#breadcrumb"},"inLanguage":"de-DE","potentialAction":[{"@type":"ReadAction","target":["https:\/\/www.floaterlaser.com\/de\/"]}]},{"@type":"BreadcrumbList","@id":"https:\/\/www.floaterlaser.com\/de\/#breadcrumb","itemListElement":[{"@type":"ListItem","position":1,"name":"Home","item":"https:\/\/www.floaterlaser.com\/de\/"},{"@type":"ListItem","position":2,"name":"Floater laser Augenklinik"}]},{"@type":"WebSite","@id":"https:\/\/www.floaterlaser.com\/#website","url":"https:\/\/www.floaterlaser.com\/","name":"Floaterlaser Oogkliniek","description":"Behandlungen von Glask\u00f6rpertr\u00fcbungen und anderen Augenerkrankungen","publisher":{"@id":"https:\/\/www.floaterlaser.com\/#organization"},"alternateName":"OMC Amstelland","potentialAction":[{"@type":"SearchAction","target":{"@type":"EntryPoint","urlTemplate":"https:\/\/www.floaterlaser.com\/?s={search_term_string}"},"query-input":{"@type":"PropertyValueSpecification","valueRequired":true,"valueName":"search_term_string"}}],"inLanguage":"de-DE"},{"@type":"Organization","@id":"https:\/\/www.floaterlaser.com\/#organization","name":"Floaterlaser Oogkliniek \u2013 OMC Amstelland","alternateName":"OMC Amstelland","url":"https:\/\/www.floaterlaser.com\/","logo":{"@type":"ImageObject","inLanguage":"de-DE","@id":"https:\/\/www.floaterlaser.com\/#\/schema\/logo\/image\/","url":"https:\/\/www.floaterlaser.com\/wp-content\/uploads\/logoOMCmetAEH.jpg","contentUrl":"https:\/\/www.floaterlaser.com\/wp-content\/uploads\/logoOMCmetAEH.jpg","width":473,"height":228,"caption":"Floaterlaser Oogkliniek \u2013 OMC Amstelland"},"image":{"@id":"https:\/\/www.floaterlaser.com\/#\/schema\/logo\/image\/"},"sameAs":["https:\/\/www.facebook.com\/floaterlaserOMC","https:\/\/x.com\/floaterlaser1","https:\/\/www.instagram.com\/omc_amstelland\/","https:\/\/www.zorgkaartnederland.nl\/zorginstelling\/oogkliniek-omc-amstelland-diemen-3056449"]}]}},"_links":{"self":[{"href":"https:\/\/www.floaterlaser.com\/de\/wp-json\/wp\/v2\/pages\/2005","targetHints":{"allow":["GET"]}}],"collection":[{"href":"https:\/\/www.floaterlaser.com\/de\/wp-json\/wp\/v2\/pages"}],"about":[{"href":"https:\/\/www.floaterlaser.com\/de\/wp-json\/wp\/v2\/types\/page"}],"author":[{"embeddable":true,"href":"https:\/\/www.floaterlaser.com\/de\/wp-json\/wp\/v2\/users\/1"}],"replies":[{"embeddable":true,"href":"https:\/\/www.floaterlaser.com\/de\/wp-json\/wp\/v2\/comments?post=2005"}],"version-history":[{"count":5,"href":"https:\/\/www.floaterlaser.com\/de\/wp-json\/wp\/v2\/pages\/2005\/revisions"}],"predecessor-version":[{"id":3990,"href":"https:\/\/www.floaterlaser.com\/de\/wp-json\/wp\/v2\/pages\/2005\/revisions\/3990"}],"wp:attachment":[{"href":"https:\/\/www.floaterlaser.com\/de\/wp-json\/wp\/v2\/media?parent=2005"}],"curies":[{"name":"wp","href":"https:\/\/api.w.org\/{rel}","templated":true}]}}