{"id":2099,"date":"2018-06-29T20:30:43","date_gmt":"2018-06-29T18:30:43","guid":{"rendered":"https:\/\/www.floaterlaser.com\/?page_id=2099"},"modified":"2023-04-13T14:42:57","modified_gmt":"2023-04-13T12:42:57","slug":"behandlungskosten-fuer-auslaendische-patienten","status":"publish","type":"page","link":"https:\/\/www.floaterlaser.com\/de\/behandlungskosten-fuer-auslaendische-patienten\/","title":{"rendered":"Behandlungskosten f\u00fcr ausl\u00e4ndische Patienten"},"content":{"rendered":"<div class=\"wpb-content-wrapper\">[vc_row][vc_column css=&#8221;.vc_custom_1509786258702{margin-bottom: 40px !important;}&#8221;]<h1 class=\"vcex-heading vcex-heading-plain vcex-module wpex-heading wpex-text-2xl wpex-h1\"><span class=\"vcex-heading-inner wpex-inline-block\">Behandlungskosten f\u00fcr ausl\u00e4ndische Patienten<\/span><\/h1>[vc_column_text responsive_text=&#8221;true&#8221; font_size=&#8221;18px&#8221; font_weight=&#8221;semibold&#8221;]Behandlungsgeb\u00fchren f\u00fcr Ausl\u00e4nder unterscheiden sich geringf\u00fcgig von den Geb\u00fchren f\u00fcr lokale Patienten, da wir besondere Vorkehrungen treffen und mehr Zeit einplanen m\u00fcssen.[\/vc_column_text][\/vc_column][\/vc_row][vc_row full_width=&#8221;stretch_row&#8221; css=&#8221;.vc_custom_1509786849335{background-color: #ffffff !important;}&#8221;][vc_column css=&#8221;.vc_custom_1509786882584{padding-top: 40px !important;}&#8221;][vc_row_inner gap=&#8221;35&#8243;][vc_column_inner][vc_column_text]\n<table style=\"width: 100%;\">\n<tbody>\n<tr>\n<td width=\"10%\">\u20ac 400<\/p>\n<p>\u20ac 145<\/td>\n<td width=\"90%\">Erste Konsultation<\/p>\n<p>Video Konsultation (Zoom oder Skype)<\/td>\n<\/tr>\n<tr>\n<td width=\"10%\">\u20ac 600<\/td>\n<td width=\"90%\">Premium-Beratung.<br \/>\nDies ist eine extra lange erste Konsultation. W\u00e4hrend dieser Konsultation bleibt gen\u00fcgend Zeit f\u00fcr Fragen und Antworten. Wir k\u00f6nnen pr\u00e4operative OCT-Scans und Videos machen. Mit diesen Videos k\u00f6nnen Sie die Floater selbst anzeigen.<\/td>\n<\/tr>\n<tr>\n<td width=\"10%\">\u20ac1750<\/td>\n<td width=\"90%\">Laserbehandlung pro Auge f\u00fcr bis zu 4 Sitzungen<\/td>\n<\/tr>\n<\/tbody>\n<\/table>\n[\/vc_column_text][vc_separator color=&#8221;custom&#8221; border_width=&#8221;5&#8243; accent_color=&#8221;#80ac64&#8243; css=&#8221;.vc_custom_1509787067080{margin-top: 20px !important;}&#8221;]<h2 class=\"vcex-heading vcex-heading-plain vcex-module wpex-heading wpex-text-2xl wpex-h2 vc_custom_1530297001520\"><span class=\"vcex-heading-inner wpex-inline-block\">Zahlungsart<\/span><\/h2>[vc_column_text]Ausl\u00e4ndische Patienten k\u00f6nnen in bar, Bank\u00fcberweisung oder Karte bezahlen. Wir akzeptieren die meisten Kreditkarten und ausl\u00e4ndische Bankkarten. Bitte beachten Sie, dass wir wegen Bankgeb\u00fchren 3% extra f\u00fcr Zahlungen mit Kreditkarte oder ausl\u00e4ndischen Bankkarten berechnen.<\/p>\n<p>&nbsp;<\/p>\n<p><em>Beispiel 1: Herr P aus Russland kommt zur Beratung. Beide Augen werden mit Laser behandelt. Das linke Auge bekommt 2 Behandlungen. Das rechte Auge 4. Die Geb\u00fchr betr\u00e4gt 400 + 1750 + 1750 = \u20ac 3900, -.\u00a0<\/em><\/p>\n<p><em>Beispiel 2: Herr U aus Polen kommt zur Beratung. Seine Augen k\u00f6nnen nicht behandelt werden. Die Geb\u00fchr betr\u00e4gt \u20ac 400, &#8211;<\/em><\/p>\n<p><em>Beispiel 3: Herr X aus China kommt zur Beratung. Er m\u00f6chte, dass beide Augen behandelt werden und m\u00f6chte die VIP-Behandlung. Wir verbringen eine Stunde mit der Einnahme. Und weitere 3 Stunden auf 3 Behandlungssitzungen f\u00fcr beide Augen. Die Geb\u00fchr betr\u00e4gt 3400+ 3400 = 6800 \u20ac<\/em><\/p>\n<p><em>Beispiel 4: Herr C aus Deutschland. Nach der ersten Konsultation bekommt er 5 Behandlungen im rechten Auge und 2 im linken Auge. Die Geb\u00fchr betr\u00e4gt 400+ 1750+ 1750 + 385 = 4285 \u20ac<\/em><\/p>\n<p><em>Beispiel 5: Herr S aus der Ukraine kommt zur Beratung und Behandlung des linken Auges. Er bekommt eine Behandlung. Die Geb\u00fchr betr\u00e4gt 400 + 1750 = 2150 \u20ac. Ein paar Monate sp\u00e4ter kommt er f\u00fcr 3 weitere Behandlungen auf dem linken Auge zur\u00fcck. Die zus\u00e4tzliche Geb\u00fchr betr\u00e4gt 0 \u20ac<\/em>[\/vc_column_text][\/vc_column_inner][\/vc_row_inner][\/vc_column][\/vc_row]\n<\/div>","protected":false},"excerpt":{"rendered":"<p>[vc_row][vc_column css=&#8221;.vc_custom_1509786258702{margin-bottom: 40px !important;}&#8221;][vc_column_text responsive_text=&#8221;true&#8221; font_size=&#8221;18px&#8221; font_weight=&#8221;semibold&#8221;]Behandlungsgeb\u00fchren f\u00fcr Ausl\u00e4nder unterscheiden sich geringf\u00fcgig von den Geb\u00fchren f\u00fcr lokale Patienten, da wir besondere Vorkehrungen treffen und mehr Zeit einplanen m\u00fcssen.[\/vc_column_text][\/vc_column][\/vc_row][vc_row full_width=&#8221;stretch_row&#8221; css=&#8221;.vc_custom_1509786849335{background-color: #ffffff !important;}&#8221;][vc_column css=&#8221;.vc_custom_1509786882584{padding-top: 40px !important;}&#8221;][vc_row_inner gap=&#8221;35&#8243;][vc_column_inner][vc_column_text] \u20ac 400 \u20ac 145 Erste Konsultation Video Konsultation (Zoom oder Skype) \u20ac 600 Premium-Beratung. Dies ist eine extra lange&hellip;<\/p>\n","protected":false},"author":1,"featured_media":0,"parent":0,"menu_order":0,"comment_status":"closed","ping_status":"closed","template":"","meta":{"footnotes":""},"class_list":["post-2099","page","type-page","status-publish","hentry","entry","no-media"],"yoast_head":"<!-- This site is optimized with the Yoast SEO plugin v27.5 - https:\/\/yoast.com\/product\/yoast-seo-wordpress\/ -->\n<title>Behandlungskosten f\u00fcr ausl\u00e4ndische Patienten | OMC Amstelland<\/title>\n<meta name=\"description\" content=\"M\u00f6chten Sie sich einer Floater-Laserbehandlung unterziehen? Die Preise f\u00fcr die OMC Amstelland-Behandlung finden Sie hier.\" \/>\n<meta name=\"robots\" content=\"index, follow, max-snippet:-1, max-image-preview:large, max-video-preview:-1\" \/>\n<link rel=\"canonical\" href=\"https:\/\/www.floaterlaser.com\/de\/behandlungskosten-fuer-auslaendische-patienten\/\" \/>\n<meta property=\"og:locale\" content=\"de_DE\" \/>\n<meta property=\"og:type\" content=\"article\" \/>\n<meta property=\"og:title\" content=\"Behandlungskosten f\u00fcr ausl\u00e4ndische Patienten | OMC Amstelland\" \/>\n<meta property=\"og:description\" content=\"M\u00f6chten Sie sich einer Floater-Laserbehandlung unterziehen? Die Preise f\u00fcr die OMC Amstelland-Behandlung finden Sie hier.\" \/>\n<meta property=\"og:url\" content=\"https:\/\/www.floaterlaser.com\/de\/behandlungskosten-fuer-auslaendische-patienten\/\" \/>\n<meta property=\"og:site_name\" content=\"Floater-Laser Augenklinik \u2013 Oogheelkundig Medisch Centrum Amstelland\" \/>\n<meta property=\"article:publisher\" content=\"https:\/\/www.facebook.com\/floaterlaserOMC\" \/>\n<meta property=\"article:modified_time\" content=\"2023-04-13T12:42:57+00:00\" \/>\n<meta property=\"og:image\" content=\"https:\/\/www.floaterlaser.com\/wp-content\/uploads\/logoOMCmetAEH.jpg\" \/>\n\t<meta property=\"og:image:width\" content=\"473\" \/>\n\t<meta property=\"og:image:height\" content=\"228\" \/>\n\t<meta property=\"og:image:type\" content=\"image\/jpeg\" \/>\n<meta name=\"twitter:card\" content=\"summary_large_image\" \/>\n<meta name=\"twitter:site\" content=\"@floaterlaser1\" \/>\n<meta name=\"twitter:label1\" content=\"Gesch\u00e4tzte Lesezeit\" \/>\n\t<meta name=\"twitter:data1\" content=\"2 minutes\" \/>\n<script type=\"application\/ld+json\" class=\"yoast-schema-graph\">{\"@context\":\"https:\\\/\\\/schema.org\",\"@graph\":[{\"@type\":[\"WebPage\",\"MedicalWebPage\"],\"@id\":\"https:\\\/\\\/www.floaterlaser.com\\\/de\\\/behandlungskosten-fuer-auslaendische-patienten\\\/\",\"url\":\"https:\\\/\\\/www.floaterlaser.com\\\/de\\\/behandlungskosten-fuer-auslaendische-patienten\\\/\",\"name\":\"Behandlungskosten f\u00fcr ausl\u00e4ndische Patienten | OMC Amstelland\",\"isPartOf\":{\"@id\":\"https:\\\/\\\/www.floaterlaser.com\\\/#website\"},\"datePublished\":\"2018-06-29T18:30:43+00:00\",\"dateModified\":\"2023-04-13T12:42:57+00:00\",\"description\":\"M\u00f6chten Sie sich einer Floater-Laserbehandlung unterziehen? Die Preise f\u00fcr die OMC Amstelland-Behandlung finden Sie hier.\",\"breadcrumb\":{\"@id\":\"https:\\\/\\\/www.floaterlaser.com\\\/de\\\/behandlungskosten-fuer-auslaendische-patienten\\\/#breadcrumb\"},\"inLanguage\":\"de-DE\",\"potentialAction\":[{\"@type\":\"ReadAction\",\"target\":[\"https:\\\/\\\/www.floaterlaser.com\\\/de\\\/behandlungskosten-fuer-auslaendische-patienten\\\/\"]}]},{\"@type\":\"BreadcrumbList\",\"@id\":\"https:\\\/\\\/www.floaterlaser.com\\\/de\\\/behandlungskosten-fuer-auslaendische-patienten\\\/#breadcrumb\",\"itemListElement\":[{\"@type\":\"ListItem\",\"position\":1,\"name\":\"Home\",\"item\":\"https:\\\/\\\/www.floaterlaser.com\\\/de\\\/\"},{\"@type\":\"ListItem\",\"position\":2,\"name\":\"Behandlungskosten f\u00fcr ausl\u00e4ndische Patienten\"}]},{\"@type\":\"WebSite\",\"@id\":\"https:\\\/\\\/www.floaterlaser.com\\\/#website\",\"url\":\"https:\\\/\\\/www.floaterlaser.com\\\/\",\"name\":\"Floaterlaser Oogkliniek\",\"description\":\"Behandlungen von Glask\u00f6rpertr\u00fcbungen und anderen Augenerkrankungen\",\"publisher\":{\"@id\":\"https:\\\/\\\/www.floaterlaser.com\\\/#organization\"},\"alternateName\":\"OMC Amstelland\",\"potentialAction\":[{\"@type\":\"SearchAction\",\"target\":{\"@type\":\"EntryPoint\",\"urlTemplate\":\"https:\\\/\\\/www.floaterlaser.com\\\/?s={search_term_string}\"},\"query-input\":{\"@type\":\"PropertyValueSpecification\",\"valueRequired\":true,\"valueName\":\"search_term_string\"}}],\"inLanguage\":\"de-DE\"},{\"@type\":\"Organization\",\"@id\":\"https:\\\/\\\/www.floaterlaser.com\\\/#organization\",\"name\":\"Floaterlaser Oogkliniek \u2013 OMC Amstelland\",\"alternateName\":\"OMC Amstelland\",\"url\":\"https:\\\/\\\/www.floaterlaser.com\\\/\",\"logo\":{\"@type\":\"ImageObject\",\"inLanguage\":\"de-DE\",\"@id\":\"https:\\\/\\\/www.floaterlaser.com\\\/#\\\/schema\\\/logo\\\/image\\\/\",\"url\":\"https:\\\/\\\/www.floaterlaser.com\\\/wp-content\\\/uploads\\\/logoOMCmetAEH.jpg\",\"contentUrl\":\"https:\\\/\\\/www.floaterlaser.com\\\/wp-content\\\/uploads\\\/logoOMCmetAEH.jpg\",\"width\":473,\"height\":228,\"caption\":\"Floaterlaser Oogkliniek \u2013 OMC Amstelland\"},\"image\":{\"@id\":\"https:\\\/\\\/www.floaterlaser.com\\\/#\\\/schema\\\/logo\\\/image\\\/\"},\"sameAs\":[\"https:\\\/\\\/www.facebook.com\\\/floaterlaserOMC\",\"https:\\\/\\\/x.com\\\/floaterlaser1\",\"https:\\\/\\\/www.instagram.com\\\/omc_amstelland\\\/\",\"https:\\\/\\\/www.zorgkaartnederland.nl\\\/zorginstelling\\\/oogkliniek-omc-amstelland-diemen-3056449\"]}]}<\/script>\n<!-- \/ Yoast SEO plugin. -->","yoast_head_json":{"title":"Behandlungskosten f\u00fcr ausl\u00e4ndische Patienten | OMC Amstelland","description":"M\u00f6chten Sie sich einer Floater-Laserbehandlung unterziehen? Die Preise f\u00fcr die OMC Amstelland-Behandlung finden Sie hier.","robots":{"index":"index","follow":"follow","max-snippet":"max-snippet:-1","max-image-preview":"max-image-preview:large","max-video-preview":"max-video-preview:-1"},"canonical":"https:\/\/www.floaterlaser.com\/de\/behandlungskosten-fuer-auslaendische-patienten\/","og_locale":"de_DE","og_type":"article","og_title":"Behandlungskosten f\u00fcr ausl\u00e4ndische Patienten | OMC Amstelland","og_description":"M\u00f6chten Sie sich einer Floater-Laserbehandlung unterziehen? Die Preise f\u00fcr die OMC Amstelland-Behandlung finden Sie hier.","og_url":"https:\/\/www.floaterlaser.com\/de\/behandlungskosten-fuer-auslaendische-patienten\/","og_site_name":"Floater-Laser Augenklinik \u2013 Oogheelkundig Medisch Centrum Amstelland","article_publisher":"https:\/\/www.facebook.com\/floaterlaserOMC","article_modified_time":"2023-04-13T12:42:57+00:00","og_image":[{"width":473,"height":228,"url":"https:\/\/www.floaterlaser.com\/wp-content\/uploads\/logoOMCmetAEH.jpg","type":"image\/jpeg"}],"twitter_card":"summary_large_image","twitter_site":"@floaterlaser1","twitter_misc":{"Gesch\u00e4tzte Lesezeit":"2 minutes"},"schema":{"@context":"https:\/\/schema.org","@graph":[{"@type":["WebPage","MedicalWebPage"],"@id":"https:\/\/www.floaterlaser.com\/de\/behandlungskosten-fuer-auslaendische-patienten\/","url":"https:\/\/www.floaterlaser.com\/de\/behandlungskosten-fuer-auslaendische-patienten\/","name":"Behandlungskosten f\u00fcr ausl\u00e4ndische Patienten | OMC Amstelland","isPartOf":{"@id":"https:\/\/www.floaterlaser.com\/#website"},"datePublished":"2018-06-29T18:30:43+00:00","dateModified":"2023-04-13T12:42:57+00:00","description":"M\u00f6chten Sie sich einer Floater-Laserbehandlung unterziehen? Die Preise f\u00fcr die OMC Amstelland-Behandlung finden Sie hier.","breadcrumb":{"@id":"https:\/\/www.floaterlaser.com\/de\/behandlungskosten-fuer-auslaendische-patienten\/#breadcrumb"},"inLanguage":"de-DE","potentialAction":[{"@type":"ReadAction","target":["https:\/\/www.floaterlaser.com\/de\/behandlungskosten-fuer-auslaendische-patienten\/"]}]},{"@type":"BreadcrumbList","@id":"https:\/\/www.floaterlaser.com\/de\/behandlungskosten-fuer-auslaendische-patienten\/#breadcrumb","itemListElement":[{"@type":"ListItem","position":1,"name":"Home","item":"https:\/\/www.floaterlaser.com\/de\/"},{"@type":"ListItem","position":2,"name":"Behandlungskosten f\u00fcr ausl\u00e4ndische Patienten"}]},{"@type":"WebSite","@id":"https:\/\/www.floaterlaser.com\/#website","url":"https:\/\/www.floaterlaser.com\/","name":"Floaterlaser Oogkliniek","description":"Behandlungen von Glask\u00f6rpertr\u00fcbungen und anderen Augenerkrankungen","publisher":{"@id":"https:\/\/www.floaterlaser.com\/#organization"},"alternateName":"OMC Amstelland","potentialAction":[{"@type":"SearchAction","target":{"@type":"EntryPoint","urlTemplate":"https:\/\/www.floaterlaser.com\/?s={search_term_string}"},"query-input":{"@type":"PropertyValueSpecification","valueRequired":true,"valueName":"search_term_string"}}],"inLanguage":"de-DE"},{"@type":"Organization","@id":"https:\/\/www.floaterlaser.com\/#organization","name":"Floaterlaser Oogkliniek \u2013 OMC Amstelland","alternateName":"OMC Amstelland","url":"https:\/\/www.floaterlaser.com\/","logo":{"@type":"ImageObject","inLanguage":"de-DE","@id":"https:\/\/www.floaterlaser.com\/#\/schema\/logo\/image\/","url":"https:\/\/www.floaterlaser.com\/wp-content\/uploads\/logoOMCmetAEH.jpg","contentUrl":"https:\/\/www.floaterlaser.com\/wp-content\/uploads\/logoOMCmetAEH.jpg","width":473,"height":228,"caption":"Floaterlaser Oogkliniek \u2013 OMC Amstelland"},"image":{"@id":"https:\/\/www.floaterlaser.com\/#\/schema\/logo\/image\/"},"sameAs":["https:\/\/www.facebook.com\/floaterlaserOMC","https:\/\/x.com\/floaterlaser1","https:\/\/www.instagram.com\/omc_amstelland\/","https:\/\/www.zorgkaartnederland.nl\/zorginstelling\/oogkliniek-omc-amstelland-diemen-3056449"]}]}},"_links":{"self":[{"href":"https:\/\/www.floaterlaser.com\/de\/wp-json\/wp\/v2\/pages\/2099","targetHints":{"allow":["GET"]}}],"collection":[{"href":"https:\/\/www.floaterlaser.com\/de\/wp-json\/wp\/v2\/pages"}],"about":[{"href":"https:\/\/www.floaterlaser.com\/de\/wp-json\/wp\/v2\/types\/page"}],"author":[{"embeddable":true,"href":"https:\/\/www.floaterlaser.com\/de\/wp-json\/wp\/v2\/users\/1"}],"replies":[{"embeddable":true,"href":"https:\/\/www.floaterlaser.com\/de\/wp-json\/wp\/v2\/comments?post=2099"}],"version-history":[{"count":5,"href":"https:\/\/www.floaterlaser.com\/de\/wp-json\/wp\/v2\/pages\/2099\/revisions"}],"predecessor-version":[{"id":3541,"href":"https:\/\/www.floaterlaser.com\/de\/wp-json\/wp\/v2\/pages\/2099\/revisions\/3541"}],"wp:attachment":[{"href":"https:\/\/www.floaterlaser.com\/de\/wp-json\/wp\/v2\/media?parent=2099"}],"curies":[{"name":"wp","href":"https:\/\/api.w.org\/{rel}","templated":true}]}}