{"id":2108,"date":"2018-06-29T20:44:53","date_gmt":"2018-06-29T18:44:53","guid":{"rendered":"https:\/\/www.floaterlaser.com\/?page_id=2108"},"modified":"2019-08-20T13:31:06","modified_gmt":"2019-08-20T11:31:06","slug":"cookie-policy","status":"publish","type":"page","link":"https:\/\/www.floaterlaser.com\/de\/cookie-policy\/","title":{"rendered":"COOKIE-RICHTLINIE"},"content":{"rendered":"<div class=\"wpb-content-wrapper\">[vc_row full_width=&#8221;stretch_row&#8221; css=&#8221;.vc_custom_1510129229689{padding-top: 50px !important;background-color: #ffffff !important;}&#8221;][vc_column]<h1 class=\"vcex-heading vcex-heading-plain vcex-module wpex-heading wpex-text-2xl wpex-h1\"><span class=\"vcex-heading-inner wpex-inline-block\">Cookie-Richtlinie<\/span><\/h1>[vc_column_text responsive_text=&#8221;true&#8221; font_weight=&#8221;bold&#8221; font_size=&#8221;18px&#8221;]OMC Amstelland verwendet Cookies auf der Website, um zu untersuchen, wie wir die Website verbessern und benutzerfreundlicher gestalten k\u00f6nnen. Dazu analysieren wir mithilfe von Cookies, wie Besucher die Website nutzen.[\/vc_column_text][\/vc_column][\/vc_row][vc_row full_width=&#8221;stretch_row&#8221; css=&#8221;.vc_custom_1510129152103{background-color: #ffffff !important;}&#8221;][vc_column][vc_row_inner equal_height=&#8221;yes&#8221;][vc_column_inner width=&#8221;1\/2&#8243; css=&#8221;.vc_custom_1509973295518{padding-top: 30px !important;padding-right: 30px !important;padding-bottom: 30px !important;padding-left: 30px !important;background-color: #ededed !important;}&#8221;][vc_single_image image=&#8221;966&#8243;][\/vc_column_inner][vc_column_inner width=&#8221;1\/2&#8243;]<h2 class=\"vcex-heading vcex-heading-plain vcex-module wpex-heading wpex-text-2xl wpex-h2\"><span class=\"vcex-heading-inner wpex-inline-block\">\u00dcber Cookies<\/span><\/h2>[vc_toggle title=&#8221;Was sind Cookies?&#8221; style=&#8221;arrow&#8221;]\n<div class=\"accordion-item-container\">\n<div class=\"accordion-content\">\n<p>Ein Cookie ist eine kleine, einfache Textdatei, die wir beim Besuch unserer Website \u00fcber unsere Website auf Ihrem Computer, Tablet oder Mobiltelefon ablegen. Die Website weist den Webbrowser, den Sie zum Anzeigen von Websites (z. B. Google Chrome, Edge oder Firefox) verwenden, an, diese Cookies auf der Festplatte Ihres Computers zu speichern.<\/p>\n<p>Es gibt zwei Arten von Cookies. Session-Cookies werden nach dem Schlie\u00dfen des Browsers von Ihrem Browser entfernt. Permanente Cookies bleiben auf Ihrem Computer, auch nachdem Sie Ihren Webbrowser geschlossen haben (Sie k\u00f6nnen ihn einfach selbst entfernen). Cookies k\u00f6nnen Ihren Computer oder die Dateien auf Ihrem Computer nicht besch\u00e4digen.<\/p>\n<\/div>\n<\/div>\n[\/vc_toggle][vc_toggle title=&#8221;Warum verwendet OMC Amstelland Cookies?&#8221; style=&#8221;arrow&#8221;]Unsere Website verwendet Cookies von Drittanbietern (Google), um besser zu verstehen, wie Nutzer unsere Website nutzen. Dies betrifft anonyme Informationen. Mit den Cookies identifizieren wir keine Menschen, sondern nur Computer. Wir sammeln keine pers\u00f6nlichen Daten \u00fcber Sie und geben keine Informationen an Dritte weiter.[\/vc_toggle][vc_toggle title=&#8221;Wie kann ich Cookies deaktivieren?&#8221; style=&#8221;arrow&#8221;]\n<div class=\"accordion-item-container\">\n<div class=\"accordion-content\">\n<p>Sie k\u00f6nnen die Cookies manuell \u00fcber Ihren Browser blockieren. Sie k\u00f6nnen bestimmte Cookies und Websites oder alle Cookies von allen Websites, die Sie besuchen, blockieren. Websites k\u00f6nnen daher langsamer oder gar nicht arbeiten. Sehen Sie hierzu im Handbuch Ihres Browsers nach:<\/p>\n<p>&#8211; <a title=\"Meer informatie over cookies blokkeren in InternetExplorer, op website van Windows\" href=\"https:\/\/windows.microsoft.com\/nl-NL\/windows-vista\/Block-or-allow-cookies\" target=\"_blank\" rel=\"noopener noreferrer\">Cookie-instellingen Internet Explorer<\/a><br \/>\n&#8211; <a title=\"Meer informatie over cookies blokkeren in Firefox, op website van Mozilla\" href=\"https:\/\/support.mozilla.org\/nl\/kb\/cookies-in-en-uitschakelen-websites-voorkeuren?redirectlocale=nl&amp;redirectslug=Cookies+in-+en+uitschakelen\" target=\"_blank\" rel=\"noopener noreferrer\">Cookie-instellingen Firefox<\/a><br \/>\n&#8211; <a title=\"Meer informatie over cookies blokkeren in Chrome, op website van Google\" href=\"https:\/\/support.google.com\/chrome\/answer\/95647?hl=nl\" target=\"_blank\" rel=\"noopener noreferrer\">Cookie-instellingen Chrome<\/a><br \/>\n&#8211; <a title=\"Meer informatie over cookies blokkeren in Safari, op website van Apple\" href=\"https:\/\/support.apple.com\/kb\/PH5042?locale=nl_NL\" target=\"_blank\" rel=\"noopener noreferrer\">Cookie-instellingen Safari<\/a><\/p>\n<\/div>\n<\/div>\n[\/vc_toggle][\/vc_column_inner][\/vc_row_inner][\/vc_column][\/vc_row]\n<\/div>","protected":false},"excerpt":{"rendered":"<p>[vc_row full_width=&#8221;stretch_row&#8221; css=&#8221;.vc_custom_1510129229689{padding-top: 50px !important;background-color: #ffffff !important;}&#8221;][vc_column][vc_column_text responsive_text=&#8221;true&#8221; font_weight=&#8221;bold&#8221; font_size=&#8221;18px&#8221;]OMC Amstelland verwendet Cookies auf der Website, um zu untersuchen, wie wir die Website verbessern und benutzerfreundlicher gestalten k\u00f6nnen. Dazu analysieren wir mithilfe von Cookies, wie Besucher die Website nutzen.[\/vc_column_text][\/vc_column][\/vc_row][vc_row full_width=&#8221;stretch_row&#8221; css=&#8221;.vc_custom_1510129152103{background-color: #ffffff !important;}&#8221;][vc_column][vc_row_inner equal_height=&#8221;yes&#8221;][vc_column_inner width=&#8221;1\/2&#8243; css=&#8221;.vc_custom_1509973295518{padding-top: 30px !important;padding-right: 30px !important;padding-bottom: 30px !important;padding-left: 30px !important;background-color: #ededed&hellip;<\/p>\n","protected":false},"author":1,"featured_media":0,"parent":0,"menu_order":0,"comment_status":"closed","ping_status":"closed","template":"","meta":{"footnotes":""},"class_list":["post-2108","page","type-page","status-publish","hentry","entry","no-media"],"yoast_head":"<!-- This site is optimized with the Yoast SEO plugin v27.3 - https:\/\/yoast.com\/product\/yoast-seo-wordpress\/ -->\n<title>Cookie Policy - Floaterlaser Augenklinik OMC Amstelland<\/title>\n<meta name=\"description\" content=\"OMC Amstelland verwendet Cookies auf der Website, um zu untersuchen, wie wir die Website verbessern und benutzerfreundlicher gestalten k\u00f6nnen.\" \/>\n<meta name=\"robots\" content=\"noindex, follow\" \/>\n<meta property=\"og:locale\" content=\"de_DE\" \/>\n<meta property=\"og:type\" content=\"article\" \/>\n<meta property=\"og:title\" content=\"Cookie Policy - Floaterlaser Augenklinik OMC Amstelland\" \/>\n<meta property=\"og:description\" content=\"OMC Amstelland verwendet Cookies auf der Website, um zu untersuchen, wie wir die Website verbessern und benutzerfreundlicher gestalten k\u00f6nnen.\" \/>\n<meta property=\"og:url\" content=\"https:\/\/www.floaterlaser.com\/de\/cookie-policy\/\" \/>\n<meta property=\"og:site_name\" content=\"Floater-Laser Augenklinik \u2013 Oogheelkundig Medisch Centrum Amstelland\" \/>\n<meta property=\"article:publisher\" content=\"https:\/\/www.facebook.com\/floaterlaserOMC\" \/>\n<meta property=\"article:modified_time\" content=\"2019-08-20T11:31:06+00:00\" \/>\n<meta property=\"og:image\" content=\"https:\/\/www.floaterlaser.com\/wp-content\/uploads\/logoOMCmetAEH.jpg\" \/>\n\t<meta property=\"og:image:width\" content=\"473\" \/>\n\t<meta property=\"og:image:height\" content=\"228\" \/>\n\t<meta property=\"og:image:type\" content=\"image\/jpeg\" \/>\n<meta name=\"twitter:card\" content=\"summary_large_image\" \/>\n<meta name=\"twitter:site\" content=\"@floaterlaser1\" \/>\n<meta name=\"twitter:label1\" content=\"Gesch\u00e4tzte Lesezeit\" \/>\n\t<meta name=\"twitter:data1\" content=\"2 minutes\" \/>\n<script type=\"application\/ld+json\" class=\"yoast-schema-graph\">{\"@context\":\"https:\\\/\\\/schema.org\",\"@graph\":[{\"@type\":[\"WebPage\",\"MedicalWebPage\"],\"@id\":\"https:\\\/\\\/www.floaterlaser.com\\\/de\\\/cookie-policy\\\/\",\"url\":\"https:\\\/\\\/www.floaterlaser.com\\\/de\\\/cookie-policy\\\/\",\"name\":\"Cookie Policy - Floaterlaser Augenklinik OMC Amstelland\",\"isPartOf\":{\"@id\":\"https:\\\/\\\/www.floaterlaser.com\\\/#website\"},\"datePublished\":\"2018-06-29T18:44:53+00:00\",\"dateModified\":\"2019-08-20T11:31:06+00:00\",\"description\":\"OMC Amstelland verwendet Cookies auf der Website, um zu untersuchen, wie wir die Website verbessern und benutzerfreundlicher gestalten k\u00f6nnen.\",\"breadcrumb\":{\"@id\":\"https:\\\/\\\/www.floaterlaser.com\\\/de\\\/cookie-policy\\\/#breadcrumb\"},\"inLanguage\":\"de-DE\",\"potentialAction\":[{\"@type\":\"ReadAction\",\"target\":[\"https:\\\/\\\/www.floaterlaser.com\\\/de\\\/cookie-policy\\\/\"]}]},{\"@type\":\"BreadcrumbList\",\"@id\":\"https:\\\/\\\/www.floaterlaser.com\\\/de\\\/cookie-policy\\\/#breadcrumb\",\"itemListElement\":[{\"@type\":\"ListItem\",\"position\":1,\"name\":\"Home\",\"item\":\"https:\\\/\\\/www.floaterlaser.com\\\/de\\\/\"},{\"@type\":\"ListItem\",\"position\":2,\"name\":\"COOKIE-RICHTLINIE\"}]},{\"@type\":\"WebSite\",\"@id\":\"https:\\\/\\\/www.floaterlaser.com\\\/#website\",\"url\":\"https:\\\/\\\/www.floaterlaser.com\\\/\",\"name\":\"Floaterlaser Oogkliniek\",\"description\":\"Behandlungen von Glask\u00f6rpertr\u00fcbungen und anderen Augenerkrankungen\",\"publisher\":{\"@id\":\"https:\\\/\\\/www.floaterlaser.com\\\/#organization\"},\"alternateName\":\"OMC Amstelland\",\"potentialAction\":[{\"@type\":\"SearchAction\",\"target\":{\"@type\":\"EntryPoint\",\"urlTemplate\":\"https:\\\/\\\/www.floaterlaser.com\\\/?s={search_term_string}\"},\"query-input\":{\"@type\":\"PropertyValueSpecification\",\"valueRequired\":true,\"valueName\":\"search_term_string\"}}],\"inLanguage\":\"de-DE\"},{\"@type\":\"Organization\",\"@id\":\"https:\\\/\\\/www.floaterlaser.com\\\/#organization\",\"name\":\"Floaterlaser Oogkliniek \u2013 OMC Amstelland\",\"alternateName\":\"OMC Amstelland\",\"url\":\"https:\\\/\\\/www.floaterlaser.com\\\/\",\"logo\":{\"@type\":\"ImageObject\",\"inLanguage\":\"de-DE\",\"@id\":\"https:\\\/\\\/www.floaterlaser.com\\\/#\\\/schema\\\/logo\\\/image\\\/\",\"url\":\"https:\\\/\\\/www.floaterlaser.com\\\/wp-content\\\/uploads\\\/logoOMCmetAEH.jpg\",\"contentUrl\":\"https:\\\/\\\/www.floaterlaser.com\\\/wp-content\\\/uploads\\\/logoOMCmetAEH.jpg\",\"width\":473,\"height\":228,\"caption\":\"Floaterlaser Oogkliniek \u2013 OMC Amstelland\"},\"image\":{\"@id\":\"https:\\\/\\\/www.floaterlaser.com\\\/#\\\/schema\\\/logo\\\/image\\\/\"},\"sameAs\":[\"https:\\\/\\\/www.facebook.com\\\/floaterlaserOMC\",\"https:\\\/\\\/x.com\\\/floaterlaser1\",\"https:\\\/\\\/www.instagram.com\\\/omc_amstelland\\\/\",\"https:\\\/\\\/www.zorgkaartnederland.nl\\\/zorginstelling\\\/oogkliniek-omc-amstelland-diemen-3056449\"]}]}<\/script>\n<!-- \/ Yoast SEO plugin. -->","yoast_head_json":{"title":"Cookie Policy - Floaterlaser Augenklinik OMC Amstelland","description":"OMC Amstelland verwendet Cookies auf der Website, um zu untersuchen, wie wir die Website verbessern und benutzerfreundlicher gestalten k\u00f6nnen.","robots":{"index":"noindex","follow":"follow"},"og_locale":"de_DE","og_type":"article","og_title":"Cookie Policy - Floaterlaser Augenklinik OMC Amstelland","og_description":"OMC Amstelland verwendet Cookies auf der Website, um zu untersuchen, wie wir die Website verbessern und benutzerfreundlicher gestalten k\u00f6nnen.","og_url":"https:\/\/www.floaterlaser.com\/de\/cookie-policy\/","og_site_name":"Floater-Laser Augenklinik \u2013 Oogheelkundig Medisch Centrum Amstelland","article_publisher":"https:\/\/www.facebook.com\/floaterlaserOMC","article_modified_time":"2019-08-20T11:31:06+00:00","og_image":[{"width":473,"height":228,"url":"https:\/\/www.floaterlaser.com\/wp-content\/uploads\/logoOMCmetAEH.jpg","type":"image\/jpeg"}],"twitter_card":"summary_large_image","twitter_site":"@floaterlaser1","twitter_misc":{"Gesch\u00e4tzte Lesezeit":"2 minutes"},"schema":{"@context":"https:\/\/schema.org","@graph":[{"@type":["WebPage","MedicalWebPage"],"@id":"https:\/\/www.floaterlaser.com\/de\/cookie-policy\/","url":"https:\/\/www.floaterlaser.com\/de\/cookie-policy\/","name":"Cookie Policy - Floaterlaser Augenklinik OMC Amstelland","isPartOf":{"@id":"https:\/\/www.floaterlaser.com\/#website"},"datePublished":"2018-06-29T18:44:53+00:00","dateModified":"2019-08-20T11:31:06+00:00","description":"OMC Amstelland verwendet Cookies auf der Website, um zu untersuchen, wie wir die Website verbessern und benutzerfreundlicher gestalten k\u00f6nnen.","breadcrumb":{"@id":"https:\/\/www.floaterlaser.com\/de\/cookie-policy\/#breadcrumb"},"inLanguage":"de-DE","potentialAction":[{"@type":"ReadAction","target":["https:\/\/www.floaterlaser.com\/de\/cookie-policy\/"]}]},{"@type":"BreadcrumbList","@id":"https:\/\/www.floaterlaser.com\/de\/cookie-policy\/#breadcrumb","itemListElement":[{"@type":"ListItem","position":1,"name":"Home","item":"https:\/\/www.floaterlaser.com\/de\/"},{"@type":"ListItem","position":2,"name":"COOKIE-RICHTLINIE"}]},{"@type":"WebSite","@id":"https:\/\/www.floaterlaser.com\/#website","url":"https:\/\/www.floaterlaser.com\/","name":"Floaterlaser Oogkliniek","description":"Behandlungen von Glask\u00f6rpertr\u00fcbungen und anderen Augenerkrankungen","publisher":{"@id":"https:\/\/www.floaterlaser.com\/#organization"},"alternateName":"OMC Amstelland","potentialAction":[{"@type":"SearchAction","target":{"@type":"EntryPoint","urlTemplate":"https:\/\/www.floaterlaser.com\/?s={search_term_string}"},"query-input":{"@type":"PropertyValueSpecification","valueRequired":true,"valueName":"search_term_string"}}],"inLanguage":"de-DE"},{"@type":"Organization","@id":"https:\/\/www.floaterlaser.com\/#organization","name":"Floaterlaser Oogkliniek \u2013 OMC Amstelland","alternateName":"OMC Amstelland","url":"https:\/\/www.floaterlaser.com\/","logo":{"@type":"ImageObject","inLanguage":"de-DE","@id":"https:\/\/www.floaterlaser.com\/#\/schema\/logo\/image\/","url":"https:\/\/www.floaterlaser.com\/wp-content\/uploads\/logoOMCmetAEH.jpg","contentUrl":"https:\/\/www.floaterlaser.com\/wp-content\/uploads\/logoOMCmetAEH.jpg","width":473,"height":228,"caption":"Floaterlaser Oogkliniek \u2013 OMC Amstelland"},"image":{"@id":"https:\/\/www.floaterlaser.com\/#\/schema\/logo\/image\/"},"sameAs":["https:\/\/www.facebook.com\/floaterlaserOMC","https:\/\/x.com\/floaterlaser1","https:\/\/www.instagram.com\/omc_amstelland\/","https:\/\/www.zorgkaartnederland.nl\/zorginstelling\/oogkliniek-omc-amstelland-diemen-3056449"]}]}},"_links":{"self":[{"href":"https:\/\/www.floaterlaser.com\/de\/wp-json\/wp\/v2\/pages\/2108","targetHints":{"allow":["GET"]}}],"collection":[{"href":"https:\/\/www.floaterlaser.com\/de\/wp-json\/wp\/v2\/pages"}],"about":[{"href":"https:\/\/www.floaterlaser.com\/de\/wp-json\/wp\/v2\/types\/page"}],"author":[{"embeddable":true,"href":"https:\/\/www.floaterlaser.com\/de\/wp-json\/wp\/v2\/users\/1"}],"replies":[{"embeddable":true,"href":"https:\/\/www.floaterlaser.com\/de\/wp-json\/wp\/v2\/comments?post=2108"}],"version-history":[{"count":0,"href":"https:\/\/www.floaterlaser.com\/de\/wp-json\/wp\/v2\/pages\/2108\/revisions"}],"wp:attachment":[{"href":"https:\/\/www.floaterlaser.com\/de\/wp-json\/wp\/v2\/media?parent=2108"}],"curies":[{"name":"wp","href":"https:\/\/api.w.org\/{rel}","templated":true}]}}