{"id":2622,"date":"2018-09-28T13:14:11","date_gmt":"2018-09-28T11:14:11","guid":{"rendered":"https:\/\/www.floaterlaser.com\/?page_id=2622"},"modified":"2018-10-05T11:02:58","modified_gmt":"2018-10-05T09:02:58","slug":"augenprobleme","status":"publish","type":"page","link":"https:\/\/www.floaterlaser.com\/de\/augenprobleme\/","title":{"rendered":"Augenprobleme \u2013 was nun?"},"content":{"rendered":"<div class=\"wpb-content-wrapper\">[vc_row][vc_column]<h1 class=\"vcex-heading vcex-heading-plain vcex-module wpex-heading wpex-text-2xl wpex-h1\"><span class=\"vcex-heading-inner wpex-inline-block\">Augenprobleme \u2013 was nun?<\/span><\/h1>[vc_column_text responsive_text=&#8221;true&#8221; font_weight=&#8221;bold&#8221; font_size=&#8221;18px&#8221;]Augenprobleme sind h\u00e4ufig und haben in den letzten Jahren sogar zugenommen. Sei es der Stress im Alltag, die langen Stunden vor Bildschirmen aller Art, die k\u00fcnstlichen Lichtquellen oder andere Umwelteinfl\u00fcsse, unsere Augen sind tagt\u00e4glich gro\u00dfen Belastungen ausgesetzt. Dabei lassen sich gewisse Augenprobleme verhindern, wenn Sie sich und Ihren Augen hin und wieder eine Auszeit g\u00f6nnen und elektronische Ger\u00e4te und den Alltagsstress abschalten.[\/vc_column_text][vc_column_text css=&#8221;.vc_custom_1538133419423{padding-top: 20px !important;}&#8221;]Es gibt aber auch Augenprobleme, die genetisch bedingt sich, sich im Alter entwickeln oder als Begleiterscheinungen von anderen Krankheiten auftreten. Das hei\u00dft jedoch nicht, dass Augenprobleme nicht behandelbar w\u00e4ren. Die Ursache Ihrer Beschwerden muss auch jeden Fall von einem Facharzt festgestellt werden, der Ihnen auch die richtige Therapie verschreiben kann. Von Selbstdiagnosen und \u2013therapien wird in jedem Fall dringend abgeraten.[\/vc_column_text][vc_row_inner css=&#8221;.vc_custom_1509695953406{margin-top: 30px !important;}&#8221;][vc_column_inner][vc_single_image image=&#8221;2626&#8243;]<div class=\"vcex-spacing wpex-w-100 wpex-clear\"><\/div>[vc_column_text el_class=&#8221;two-col&#8221;]\n<h2>Augenprobleme nicht hinausz\u00f6gern<\/h2>\n<p>Selbst leichte Seh- und Augenprobleme sollte man keines Falls auf die leichte Schulter nehmen, da sie sich schleichend entwickeln k\u00f6nne. Suchen Sie bei Augenbeschwerden m\u00f6glichst schnell einen Augenarzt auf. Viele Augenerkrankungen lassen sich n\u00e4mlich leicht behandeln, besonders wenn schnell gehandelt wird. Auch ohne Augenprobleme empfehlen sich regelm\u00e4\u00dfige Kontrollen der Augen beim Arzt, um Erkrankungen sofort zu erkennen und zu therapieren.<\/p>\n<p>Wenn Sie eine Sehverschlechterung feststellen, Augenschmerzen haben, farbige Ringe, Lichtquellen Blitze oder schwarze Flocken wahrnehmen, pl\u00f6tzlich doppelt sehen, das Auge stark ger\u00f6tet ist oder sie sich am Auge verletzt haben, sollten Sie unverz\u00fcglich einen Augenarzt oder eine Augenklinik aufsuchen, damit Ihre Augenprobleme untersucht und behandelt werden k\u00f6nnen. Es ist besser, seine Augen einmal zu oft als einmal zu wenig durchchecken zu lassen.<\/p>\n<h2>H\u00e4ufige Augenbeschwerden<\/h2>\n<p>Augenprobleme k\u00f6nnen in unterschiedlicher Art und Weise auftreten, aber lassen sich generell in gr\u00f6\u00dfere Gruppen zusammenfassen: Erkrankungen der Augenlider wie Gerstenkorn, Hagelkorn, Warzen und gut- oder b\u00f6sartige Tumore, <a href=\"https:\/\/www.floaterlaser.com\/de\/glaskoerpertruebungen-oder-floater\/\">Glask\u00f6rpertr\u00fcbung<\/a>, trockene Augen, grauer und gr\u00fcner Star, Netzhauterkrankungen wie Makuladegeneration, Retinitis pigmentosa oder Netzhautabl\u00f6sung sowie Augenkrebs.<\/p>\n<p>Bei jeder Erkrankung treten spezifische Symptome auf. Oft sind die Krankheitszeichen verschiedener Beschwerden \u00e4hnlich und k\u00f6nnen von Laien leicht verwechselt werden. Woher Ihre Augenprobleme kommen und wie sie behandelt werden k\u00f6nnen und in den meisten F\u00e4llen sogar m\u00fcssen, kann Ihnen Ihr Augenarzt sagen. Suchen Sie deshalb den Arzt Ihres Vertrauens auf, sobald erste verd\u00e4chtige Anzeichen auftreten.<\/p>\n<h2>Behandlungsmethoden f\u00fcr Augenprobleme<\/h2>\n<p>Die Therapieformen sind so unterschiedlich wie die Augenprobleme und reichen von Tropfen, Cremes, Entlastung durch Sehkorrektur, \u00fcber Augen lasern bis hin zu Augenoperationen. Manchmal ist es auch notwendig, dass verschiedene Behandlungsmethoden miteinander kombiniert werden, wobei man in der Regel als erstes immer zu den m\u00f6glichst wenig invasiven Heilverfahren greift.<\/p>\n<p>Die Glask\u00f6rpertr\u00fcbung beispielsweise kann entweder mit einer Lasertherapie oder operativ mit einer Vitrektomie behandelt werden. Da die Vitrektomie mit vergleichsweise invasiv und mit hohen Risiken verbunden ist, empfiehlt sich als erste Option eine Behandlung mit einem YAG-Laser mit einem minimalen Risiko, aber hohen Erfolgschancen. Letztendlich entscheidet der behandelnde Arzt zusammen mit dem Patienten \u00fcber die angemessenste Behandlungsmethode.<\/p>\n<h2>Augen lasern in der Floater Laser Augenklinik OMC Amstelland<\/h2>\n<p>Falls bei Ihnen eine Glask\u00f6rpertr\u00fcbung festgestellt worden ist, ist die kein Grund zur Beunruhigung, denn in vielen F\u00e4llen ist die Erkrankung behandelbar. Meist k\u00f6nnen die Beschwerden mit Augen lasern verringert oder gar vollst\u00e4ndig behoben werden. Vertrauen Sie den Eingriff einem Facharzt in diesem Gebiet an. Die Floater Laser Augenklinik Amstelland ist unter anderem auf die <a href=\"https:\/\/www.floaterlaser.com\/de\/glaskoerpertruebungen-oder-floater\/die-medizinische-lasertherapie-von-glaskoerper-truebungen\/\">medizinische Lasertherapie von Glask\u00f6rpertr\u00fcbungen<\/a> spezialisiert.<\/p>\n<p>Auf unserer Homepage finden Sie die wichtigsten Informationen zu unserer Klinik, Augenerkrankungen und Behandlungsmethoden. F\u00fcr Fragen oder Terminvereinbarungen k\u00f6nnen Sie uns gerne per Telefon unter der Nummer +31202612590, per E-Mail an <a href=\"mailto:info@floaterlaser.nl\">info@floaterlaser.nl<\/a> kontaktieren oder das Kontaktformular nutzen. Die Terminvergabe ist auch direkt online m\u00f6glich. Wir freuen uns auf Ihre Kontaktaufnahme.[\/vc_column_text][\/vc_column_inner][\/vc_row_inner][\/vc_column][\/vc_row][vc_row full_width=&#8221;stretch_row&#8221; css=&#8221;.vc_custom_1509702792372{background-color: #eae5e4 !important;}&#8221;][vc_column css=&#8221;.vc_custom_1509702928704{padding-top: 70px !important;padding-bottom: 40px !important;}&#8221;][vc_row_inner][vc_column_inner width=&#8221;1\/3&#8243;][vc_single_image image=&#8221;189&#8243; el_class=&#8221;overlay-image&#8221;][vc_column_text css=&#8221;.vc_custom_1530259952949{padding-right: 15px !important;padding-left: 15px !important;}&#8221;]\n<h3>Glask\u00f6rpertr\u00fcbungen\/Floater<\/h3>\n<p>Menschen mit Glask\u00f6rpertr\u00fcbungen (Floater) haben eine oder mehrere Formen im Sichtfeld. Die Form bewegt sich mit dem Auge in charakteristisch huschender Weise. Je nachdem, wo sich der Floater befindet, st\u00f6rt er mehr oder weniger. An einige Floater kann man sich gew\u00f6hnen, andere bleiben unangenehm.[\/vc_column_text]<style>.vcex-button.vcex_69ee8fb09e35e{background:#977d7a;color:#ffffff!important;}.vcex-button.vcex_69ee8fb09e35e:hover{background:#977d7a!important;color:#ffffff!important;}<\/style><div class=\"vc_custom_1530300298020 wpex-clr\"><a href=\"\/de\/glaskoerpertruebungen-oder-floater\/\" class=\"vcex-button theme-button inline vcex_69ee8fb09e35e\"><span class=\"vcex-button-inner theme-button-inner wpex-flex wpex-flex-wrap wpex-items-center wpex-justify-center\">WEITERLESEN<\/span><\/a><\/div> [\/vc_column_inner][vc_column_inner width=&#8221;1\/3&#8243;][vc_single_image image=&#8221;360&#8243; el_class=&#8221;overlay-image&#8221;][vc_column_text css=&#8221;.vc_custom_1530300246358{padding-right: 15px !important;padding-left: 15px !important;}&#8221;]\n<h3>DIE BEHANDLUNG<\/h3>\n<p>Sie k\u00f6nnen in die Augenklinik OMC Amstelland zur Kataraktchirurgie oder zur Behandlung von Augenlicht gehen. Alle Behandlungen finden in Form einer Tagesbehandlung statt und finden in unserer Augenklinik in Diemen statt.[\/vc_column_text]<style>.vcex-button.vcex_69ee8fb09f1a5{background:#977d7a;color:#ffffff!important;}.vcex-button.vcex_69ee8fb09f1a5:hover{background:#977d7a!important;color:#ffffff!important;}<\/style><div class=\"vc_custom_1530300273469 wpex-clr\"><a href=\"\/de\/glaskoerpertruebungen-oder-floater\/die-medizinische-lasertherapie-von-glaskoerper-truebungen\/\" class=\"vcex-button theme-button inline vcex_69ee8fb09f1a5\"><span class=\"vcex-button-inner theme-button-inner wpex-flex wpex-flex-wrap wpex-items-center wpex-justify-center\">WEITERLESEN<\/span><\/a><\/div> [\/vc_column_inner][vc_column_inner width=&#8221;1\/3&#8243;][vc_single_image image=&#8221;363&#8243; el_class=&#8221;overlay-image&#8221;][vc_column_text css=&#8221;.vc_custom_1530300235936{padding-right: 15px !important;padding-left: 15px !important;}&#8221;]\n<h3>WAS KOSTET ES?<\/h3>\n<p>Das niederl\u00e4ndische Pfletinstitut hat entschieden, dass Floater Laser nicht als versicherte Pflege angeboten werden kann. Deshalb bieten wir diese Behandlung nur als unversicherte Behandlung an. Wir beraten Sie \u00fcber die beste Behandlung.[\/vc_column_text]<style>.vcex-button.vcex_69ee8fb09fbf5{background:#977d7a;color:#ffffff!important;}.vcex-button.vcex_69ee8fb09fbf5:hover{background:#977d7a!important;color:#ffffff!important;}<\/style><div class=\"vc_custom_1530300220552 wpex-clr\"><a href=\"\/de\/behandlungskosten-fuer-auslaendische-patienten\/\" class=\"vcex-button theme-button inline vcex_69ee8fb09fbf5\"><span class=\"vcex-button-inner theme-button-inner wpex-flex wpex-flex-wrap wpex-items-center wpex-justify-center\">WEITERLESEN<\/span><\/a><\/div> [\/vc_column_inner][\/vc_row_inner][\/vc_column][\/vc_row]\n<\/div>","protected":false},"excerpt":{"rendered":"<p>[vc_row][vc_column][vc_column_text responsive_text=&#8221;true&#8221; font_weight=&#8221;bold&#8221; font_size=&#8221;18px&#8221;]Augenprobleme sind h\u00e4ufig und haben in den letzten Jahren sogar zugenommen. Sei es der Stress im Alltag, die langen Stunden vor Bildschirmen aller Art, die k\u00fcnstlichen Lichtquellen oder andere Umwelteinfl\u00fcsse, unsere Augen sind tagt\u00e4glich gro\u00dfen Belastungen ausgesetzt. Dabei lassen sich gewisse Augenprobleme verhindern, wenn Sie sich und Ihren Augen hin und wieder&hellip;<\/p>\n","protected":false},"author":1,"featured_media":0,"parent":0,"menu_order":0,"comment_status":"closed","ping_status":"closed","template":"","meta":{"footnotes":""},"class_list":["post-2622","page","type-page","status-publish","hentry","entry","no-media"],"yoast_head":"<!-- This site is optimized with the Yoast SEO plugin v27.4 - https:\/\/yoast.com\/product\/yoast-seo-wordpress\/ -->\n<title>Augenprobleme \u2013 was nun? - Wir bieten professionelle Hilfe<\/title>\n<meta name=\"description\" content=\"Augenprobleme k\u00f6nnen den Alltag enorm beeinflussen. In unserer Augenklinik erwarten Sie Spezialisten die Sie dabei unterst\u00fctzen wieder gesund zu werden.\" \/>\n<meta name=\"robots\" content=\"index, follow, max-snippet:-1, max-image-preview:large, max-video-preview:-1\" \/>\n<link rel=\"canonical\" href=\"https:\/\/www.floaterlaser.com\/de\/augenprobleme\/\" \/>\n<meta property=\"og:locale\" content=\"de_DE\" \/>\n<meta property=\"og:type\" content=\"article\" \/>\n<meta property=\"og:title\" content=\"Augenprobleme \u2013 was nun? - Wir bieten professionelle Hilfe\" \/>\n<meta property=\"og:description\" content=\"Augenprobleme k\u00f6nnen den Alltag enorm beeinflussen. In unserer Augenklinik erwarten Sie Spezialisten die Sie dabei unterst\u00fctzen wieder gesund zu werden.\" \/>\n<meta property=\"og:url\" content=\"https:\/\/www.floaterlaser.com\/de\/augenprobleme\/\" \/>\n<meta property=\"og:site_name\" content=\"Floater-Laser Augenklinik \u2013 Oogheelkundig Medisch Centrum Amstelland\" \/>\n<meta property=\"article:publisher\" content=\"https:\/\/www.facebook.com\/floaterlaserOMC\" \/>\n<meta property=\"article:modified_time\" content=\"2018-10-05T09:02:58+00:00\" \/>\n<meta property=\"og:image\" content=\"https:\/\/www.floaterlaser.com\/wp-content\/uploads\/logoOMCmetAEH.jpg\" \/>\n\t<meta property=\"og:image:width\" content=\"473\" \/>\n\t<meta property=\"og:image:height\" content=\"228\" \/>\n\t<meta property=\"og:image:type\" content=\"image\/jpeg\" \/>\n<meta name=\"twitter:card\" content=\"summary_large_image\" \/>\n<meta name=\"twitter:site\" content=\"@floaterlaser1\" \/>\n<meta name=\"twitter:label1\" content=\"Gesch\u00e4tzte Lesezeit\" \/>\n\t<meta name=\"twitter:data1\" content=\"5 minutes\" \/>\n<script type=\"application\/ld+json\" class=\"yoast-schema-graph\">{\"@context\":\"https:\\\/\\\/schema.org\",\"@graph\":[{\"@type\":[\"WebPage\",\"MedicalWebPage\"],\"@id\":\"https:\\\/\\\/www.floaterlaser.com\\\/de\\\/augenprobleme\\\/\",\"url\":\"https:\\\/\\\/www.floaterlaser.com\\\/de\\\/augenprobleme\\\/\",\"name\":\"Augenprobleme \u2013 was nun? - Wir bieten professionelle Hilfe\",\"isPartOf\":{\"@id\":\"https:\\\/\\\/www.floaterlaser.com\\\/#website\"},\"datePublished\":\"2018-09-28T11:14:11+00:00\",\"dateModified\":\"2018-10-05T09:02:58+00:00\",\"description\":\"Augenprobleme k\u00f6nnen den Alltag enorm beeinflussen. In unserer Augenklinik erwarten Sie Spezialisten die Sie dabei unterst\u00fctzen wieder gesund zu werden.\",\"breadcrumb\":{\"@id\":\"https:\\\/\\\/www.floaterlaser.com\\\/de\\\/augenprobleme\\\/#breadcrumb\"},\"inLanguage\":\"de-DE\",\"potentialAction\":[{\"@type\":\"ReadAction\",\"target\":[\"https:\\\/\\\/www.floaterlaser.com\\\/de\\\/augenprobleme\\\/\"]}]},{\"@type\":\"BreadcrumbList\",\"@id\":\"https:\\\/\\\/www.floaterlaser.com\\\/de\\\/augenprobleme\\\/#breadcrumb\",\"itemListElement\":[{\"@type\":\"ListItem\",\"position\":1,\"name\":\"Home\",\"item\":\"https:\\\/\\\/www.floaterlaser.com\\\/de\\\/\"},{\"@type\":\"ListItem\",\"position\":2,\"name\":\"Augenprobleme \u2013 was nun?\"}]},{\"@type\":\"WebSite\",\"@id\":\"https:\\\/\\\/www.floaterlaser.com\\\/#website\",\"url\":\"https:\\\/\\\/www.floaterlaser.com\\\/\",\"name\":\"Floaterlaser Oogkliniek\",\"description\":\"Behandlungen von Glask\u00f6rpertr\u00fcbungen und anderen Augenerkrankungen\",\"publisher\":{\"@id\":\"https:\\\/\\\/www.floaterlaser.com\\\/#organization\"},\"alternateName\":\"OMC Amstelland\",\"potentialAction\":[{\"@type\":\"SearchAction\",\"target\":{\"@type\":\"EntryPoint\",\"urlTemplate\":\"https:\\\/\\\/www.floaterlaser.com\\\/?s={search_term_string}\"},\"query-input\":{\"@type\":\"PropertyValueSpecification\",\"valueRequired\":true,\"valueName\":\"search_term_string\"}}],\"inLanguage\":\"de-DE\"},{\"@type\":\"Organization\",\"@id\":\"https:\\\/\\\/www.floaterlaser.com\\\/#organization\",\"name\":\"Floaterlaser Oogkliniek \u2013 OMC Amstelland\",\"alternateName\":\"OMC Amstelland\",\"url\":\"https:\\\/\\\/www.floaterlaser.com\\\/\",\"logo\":{\"@type\":\"ImageObject\",\"inLanguage\":\"de-DE\",\"@id\":\"https:\\\/\\\/www.floaterlaser.com\\\/#\\\/schema\\\/logo\\\/image\\\/\",\"url\":\"https:\\\/\\\/www.floaterlaser.com\\\/wp-content\\\/uploads\\\/logoOMCmetAEH.jpg\",\"contentUrl\":\"https:\\\/\\\/www.floaterlaser.com\\\/wp-content\\\/uploads\\\/logoOMCmetAEH.jpg\",\"width\":473,\"height\":228,\"caption\":\"Floaterlaser Oogkliniek \u2013 OMC Amstelland\"},\"image\":{\"@id\":\"https:\\\/\\\/www.floaterlaser.com\\\/#\\\/schema\\\/logo\\\/image\\\/\"},\"sameAs\":[\"https:\\\/\\\/www.facebook.com\\\/floaterlaserOMC\",\"https:\\\/\\\/x.com\\\/floaterlaser1\",\"https:\\\/\\\/www.instagram.com\\\/omc_amstelland\\\/\",\"https:\\\/\\\/www.zorgkaartnederland.nl\\\/zorginstelling\\\/oogkliniek-omc-amstelland-diemen-3056449\"]}]}<\/script>\n<!-- \/ Yoast SEO plugin. -->","yoast_head_json":{"title":"Augenprobleme \u2013 was nun? - Wir bieten professionelle Hilfe","description":"Augenprobleme k\u00f6nnen den Alltag enorm beeinflussen. In unserer Augenklinik erwarten Sie Spezialisten die Sie dabei unterst\u00fctzen wieder gesund zu werden.","robots":{"index":"index","follow":"follow","max-snippet":"max-snippet:-1","max-image-preview":"max-image-preview:large","max-video-preview":"max-video-preview:-1"},"canonical":"https:\/\/www.floaterlaser.com\/de\/augenprobleme\/","og_locale":"de_DE","og_type":"article","og_title":"Augenprobleme \u2013 was nun? - Wir bieten professionelle Hilfe","og_description":"Augenprobleme k\u00f6nnen den Alltag enorm beeinflussen. In unserer Augenklinik erwarten Sie Spezialisten die Sie dabei unterst\u00fctzen wieder gesund zu werden.","og_url":"https:\/\/www.floaterlaser.com\/de\/augenprobleme\/","og_site_name":"Floater-Laser Augenklinik \u2013 Oogheelkundig Medisch Centrum Amstelland","article_publisher":"https:\/\/www.facebook.com\/floaterlaserOMC","article_modified_time":"2018-10-05T09:02:58+00:00","og_image":[{"width":473,"height":228,"url":"https:\/\/www.floaterlaser.com\/wp-content\/uploads\/logoOMCmetAEH.jpg","type":"image\/jpeg"}],"twitter_card":"summary_large_image","twitter_site":"@floaterlaser1","twitter_misc":{"Gesch\u00e4tzte Lesezeit":"5 minutes"},"schema":{"@context":"https:\/\/schema.org","@graph":[{"@type":["WebPage","MedicalWebPage"],"@id":"https:\/\/www.floaterlaser.com\/de\/augenprobleme\/","url":"https:\/\/www.floaterlaser.com\/de\/augenprobleme\/","name":"Augenprobleme \u2013 was nun? - Wir bieten professionelle Hilfe","isPartOf":{"@id":"https:\/\/www.floaterlaser.com\/#website"},"datePublished":"2018-09-28T11:14:11+00:00","dateModified":"2018-10-05T09:02:58+00:00","description":"Augenprobleme k\u00f6nnen den Alltag enorm beeinflussen. In unserer Augenklinik erwarten Sie Spezialisten die Sie dabei unterst\u00fctzen wieder gesund zu werden.","breadcrumb":{"@id":"https:\/\/www.floaterlaser.com\/de\/augenprobleme\/#breadcrumb"},"inLanguage":"de-DE","potentialAction":[{"@type":"ReadAction","target":["https:\/\/www.floaterlaser.com\/de\/augenprobleme\/"]}]},{"@type":"BreadcrumbList","@id":"https:\/\/www.floaterlaser.com\/de\/augenprobleme\/#breadcrumb","itemListElement":[{"@type":"ListItem","position":1,"name":"Home","item":"https:\/\/www.floaterlaser.com\/de\/"},{"@type":"ListItem","position":2,"name":"Augenprobleme \u2013 was nun?"}]},{"@type":"WebSite","@id":"https:\/\/www.floaterlaser.com\/#website","url":"https:\/\/www.floaterlaser.com\/","name":"Floaterlaser Oogkliniek","description":"Behandlungen von Glask\u00f6rpertr\u00fcbungen und anderen Augenerkrankungen","publisher":{"@id":"https:\/\/www.floaterlaser.com\/#organization"},"alternateName":"OMC Amstelland","potentialAction":[{"@type":"SearchAction","target":{"@type":"EntryPoint","urlTemplate":"https:\/\/www.floaterlaser.com\/?s={search_term_string}"},"query-input":{"@type":"PropertyValueSpecification","valueRequired":true,"valueName":"search_term_string"}}],"inLanguage":"de-DE"},{"@type":"Organization","@id":"https:\/\/www.floaterlaser.com\/#organization","name":"Floaterlaser Oogkliniek \u2013 OMC Amstelland","alternateName":"OMC Amstelland","url":"https:\/\/www.floaterlaser.com\/","logo":{"@type":"ImageObject","inLanguage":"de-DE","@id":"https:\/\/www.floaterlaser.com\/#\/schema\/logo\/image\/","url":"https:\/\/www.floaterlaser.com\/wp-content\/uploads\/logoOMCmetAEH.jpg","contentUrl":"https:\/\/www.floaterlaser.com\/wp-content\/uploads\/logoOMCmetAEH.jpg","width":473,"height":228,"caption":"Floaterlaser Oogkliniek \u2013 OMC Amstelland"},"image":{"@id":"https:\/\/www.floaterlaser.com\/#\/schema\/logo\/image\/"},"sameAs":["https:\/\/www.facebook.com\/floaterlaserOMC","https:\/\/x.com\/floaterlaser1","https:\/\/www.instagram.com\/omc_amstelland\/","https:\/\/www.zorgkaartnederland.nl\/zorginstelling\/oogkliniek-omc-amstelland-diemen-3056449"]}]}},"_links":{"self":[{"href":"https:\/\/www.floaterlaser.com\/de\/wp-json\/wp\/v2\/pages\/2622","targetHints":{"allow":["GET"]}}],"collection":[{"href":"https:\/\/www.floaterlaser.com\/de\/wp-json\/wp\/v2\/pages"}],"about":[{"href":"https:\/\/www.floaterlaser.com\/de\/wp-json\/wp\/v2\/types\/page"}],"author":[{"embeddable":true,"href":"https:\/\/www.floaterlaser.com\/de\/wp-json\/wp\/v2\/users\/1"}],"replies":[{"embeddable":true,"href":"https:\/\/www.floaterlaser.com\/de\/wp-json\/wp\/v2\/comments?post=2622"}],"version-history":[{"count":0,"href":"https:\/\/www.floaterlaser.com\/de\/wp-json\/wp\/v2\/pages\/2622\/revisions"}],"wp:attachment":[{"href":"https:\/\/www.floaterlaser.com\/de\/wp-json\/wp\/v2\/media?parent=2622"}],"curies":[{"name":"wp","href":"https:\/\/api.w.org\/{rel}","templated":true}]}}