{"id":2635,"date":"2018-09-28T13:25:22","date_gmt":"2018-09-28T11:25:22","guid":{"rendered":"https:\/\/www.floaterlaser.com\/?page_id=2635"},"modified":"2019-07-24T10:30:49","modified_gmt":"2019-07-24T08:30:49","slug":"was-ist-glaskoerpertruebung-und-was-kann-man-dagegen-tun","status":"publish","type":"page","link":"https:\/\/www.floaterlaser.com\/de\/augenprobleme\/was-ist-glaskoerpertruebung-und-was-kann-man-dagegen-tun\/","title":{"rendered":"Was ist Glask\u00f6rpertr\u00fcbung und was kann man dagegen tun?"},"content":{"rendered":"<div class=\"wpb-content-wrapper\">[vc_row][vc_column]<h1 class=\"vcex-heading vcex-heading-plain vcex-module wpex-heading wpex-text-2xl wpex-h1\"><span class=\"vcex-heading-inner wpex-inline-block\">Was ist Glask\u00f6rpertr\u00fcbung und was kann man dagegen tun?<\/span><\/h1>[vc_column_text responsive_text=&#8221;true&#8221; font_weight=&#8221;bold&#8221; font_size=&#8221;18px&#8221;]<a href=\"https:\/\/www.floaterlaser.com\/de\/glaskoerpertruebungen-oder-floater\/\">Glask\u00f6rpertr\u00fcbung<\/a> ist ein Augenproblem, das sich in Form von kleinen Punkten, Flecken oder Strichen bemerkbar macht. Man bezeichnet diese Sehst\u00f6rungen auch als Mouches volantes, fliegende M\u00fccken, muscae volitantes oder Floaters, da sie sich meist schwingend bewegen. F\u00fcr den Betroffenen ist die Glask\u00f6rpertr\u00fcbung \u00e4usserst unangenehm. Wenn sich die Symptome nicht innerhalb weniger Wochen von selbst zur\u00fcckbilden, ist eine Floaters Behandlung ratsam.[\/vc_column_text][vc_column_text css=&#8221;.vc_custom_1538133712160{padding-top: 20px !important;}&#8221;]Menschen, die Verletzungen im Gesicht und an den Augen erlitten haben, sind einem erh\u00f6hten Risiko f\u00fcr Glask\u00f6rpertr\u00fcbung ausgesetzt. Auch unausgewogene Ern\u00e4hrung, hoher Blutdruck, chronischer Stress und Autoimmunerkrankungen k\u00f6nnen dazu f\u00fchren, dass der Glask\u00f6rper schrumpft und sich von der Augenr\u00fcckwand abl\u00f6st, wodurch sich die Fasern im Glask\u00f6rper zusammenballen und der Eindruck der sich bewegenden Punkte im Auge entsteht.[\/vc_column_text][vc_row_inner css=&#8221;.vc_custom_1509695953406{margin-top: 30px !important;}&#8221;][vc_column_inner][vc_single_image image=&#8221;2638&#8243;]<div class=\"vcex-spacing wpex-w-100 wpex-clear\"><\/div>[vc_column_text el_class=&#8221;two-col&#8221;]\n<h2>Glask\u00f6rpertr\u00fcbung erkennen<\/h2>\n<p>Der erste Schritt bei Punkten und Flecken im Sichtfeld ist der Gang zum Augenarzt. Er kann die Ursachen der Symptome erkennen und weitere Erkrankungen ausschlie\u00dfen. Anschlie\u00dfend wird Ihr Vertrauensarzt Ihnen die weiteren Schritte erkl\u00e4ren. Sollten Sie vorerst warten, ob eine spontane Besserung eintritt, k\u00f6nnen Augentropfen helfen muss eine andere Therapie in Betracht gezogen werden?<\/p>\n<p>Der Arztbesuch ist auch deshalb ratsam, weil zuweilen Komplikationen auftreten k\u00f6nnen. In sehr seltenen F\u00e4llen bleiben vereinzelte Fasern an der Netzhaut haften und \u00fcben einen konstanten Druck auf sie aus, wodurch kleine L\u00f6cher entstehen k\u00f6nnen. Wenn Teile des Glask\u00f6rpers durch diese L\u00f6cher unter die Netzhaut gelangen, kann eine Netzhautabl\u00f6sung entstehen. Darum ist es so wichtig, die Glask\u00f6rpertr\u00fcbung zu erkennen und zu beobachten.<\/p>\n<h2>Behandlungsm\u00f6glichkeiten bei Glask\u00f6rpertr\u00fcbung<\/h2>\n<p>Man kennt im Allgemeinen drei Therapieformen bei Glask\u00f6rpertr\u00fcbung: die konservative Therapie, die operative Therapie in Form einer Vitrektomie oder die Lasertherapie. Konservative Therapie hei\u00dft so viel wie Besserung abwarten. F\u00fcr viele Patienten ist diese Option sehr schwierig, denn sie f\u00fchlen sich und ihre Erkrankung dabei nicht ernstgenommen. Zahlreiche <a href=\"https:\/\/www.floaterlaser.com\/de\/erfahrungen\/\">Erfahrungsberichte<\/a> zeigen die Leidensgeschichten von betroffenen Personen auf.<\/p>\n<p>Wenn die Situation also unertr\u00e4glich wird und auch nach Wochen und Monaten immer noch keine Besserung eintritt, sollte die Glask\u00f6rpertr\u00fcbung behandelt werden. Daf\u00fcr muss erneut ein Augenarzt aufgesucht werden, der mit Ihnen zusammen den bevorstehenden Eingriff plant. Suchen Sie sich am besten eine Augenklinik aus, die sowohl die Vitrektomie als auch die Therapie mithilfe von Lasern anbietet, damit Sie sich alle M\u00f6glichkeiten offen halten k\u00f6nnen.<\/p>\n<h2>Bei Glask\u00f6rpertr\u00fcbung Augen lasern oder operieren?<\/h2>\n<p>Welche Argumente sprechen f\u00fcr die operative Behandlung der Glask\u00f6rpertr\u00fcbung und welche f\u00fcr die Lasertherapie? Bei der Vitrektomie werden Teile des Glask\u00f6rper chirurgisch entfernt, was sehr effizient sein kann, aber auch mit Risiken verbunden ist, da es in rund einem Prozent der F\u00e4lle zu Komplikationen wie grauem Star oder Netzhautabl\u00f6sung kommen kann. Wer dieses Risiko nicht in Kauf nehmen m\u00f6chte, sollte sich eher f\u00fcr eine Floater Laserbehandlung entscheiden.<\/p>\n<p>Die Lasertherapie ist mit einer Komplikationsrate von unter 0.1 Prozent viel weniger riskant als die operative Methode und auch weniger invasiv, wobei die Erfolgsquote mit 50 bis 95 Prozent immer noch sehr hoch ist. Manche Augen\u00e4rzte sind noch nicht f\u00fcr eine Lasertherapie ausgestattet und bieten darum nur die Therapie durch die Vitrektomie an. Deshalb empfiehlt es sich, an eine Augenklinik zu wenden, die verschiedene Therapieformen anbietet.<\/p>\n<h2>Eine Glask\u00f6rpertr\u00fcbung Therapie in der Floater Laser Augenklinik OMC Amstelland<\/h2>\n<p>Die Floater Laser Augenklinik Amstelland geh\u00f6rt zu den medizinischen Zentren, welche sich auf Lasertherapien spezialisiert haben. Insbesondere Glask\u00f6rpertr\u00fcbungen werden hier tagt\u00e4glich erfolgreich behandelt. Auf unserer Webseite k\u00f6nnen Sie sich <a href=\"\/de\/glaskoerpertruebungen-oder-floater\/die-medizinische-lasertherapie-von-glaskoerper-truebungen\/videos-von-behandlungen\/\">Videos der angebotenen Behandlungsmethoden<\/a> anschauen und <a href=\"\/de\/glaskoerpertruebungen-oder-floater\/\">mehr Informationen zur Glask\u00f6pertr\u00fcbung<\/a> und andere Augenprobleme finden.<\/p>\n<p>Studieren Sie unsere Internetseite in Ruhe und sehen Sie, was Sie bei einer <a href=\"\/de\/glaskoerpertruebungen-oder-floater\/die-medizinische-lasertherapie-von-glaskoerper-truebungen\/\">Therapie zur Glask\u00f6rpertr\u00fcbung<\/a> erwartet. Gerne beraten wir Sie auch telefonisch oder per E-Mail. Sie k\u00f6nnen uns Ihr Anliegen auch \u00fcber unser Kontaktformular mitteilen oder direkt einen Termin f\u00fcr eine Erstkonsultation vereinbaren, bei der Ihre Augen eingehend untersucht und Sie \u00fcber die Lasertherapie informiert werden.[\/vc_column_text][\/vc_column_inner][\/vc_row_inner][\/vc_column][\/vc_row][vc_row full_width=&#8221;stretch_row&#8221; css=&#8221;.vc_custom_1509702792372{background-color: #eae5e4 !important;}&#8221;][vc_column css=&#8221;.vc_custom_1509702928704{padding-top: 70px !important;padding-bottom: 40px !important;}&#8221;][vc_row_inner][vc_column_inner width=&#8221;1\/3&#8243;][vc_single_image image=&#8221;189&#8243; el_class=&#8221;overlay-image&#8221;][vc_column_text css=&#8221;.vc_custom_1530259952949{padding-right: 15px !important;padding-left: 15px !important;}&#8221;]\n<h3>Glask\u00f6rpertr\u00fcbungen\/Floater<\/h3>\n<p>Menschen mit Glask\u00f6rpertr\u00fcbungen (Floater) haben eine oder mehrere Formen im Sichtfeld. Die Form bewegt sich mit dem Auge in charakteristisch huschender Weise. Je nachdem, wo sich der Floater befindet, st\u00f6rt er mehr oder weniger. An einige Floater kann man sich gew\u00f6hnen, andere bleiben unangenehm.[\/vc_column_text]<style>.vcex-button.vcex_69f4f6a1c635e{background:#977d7a;color:#ffffff!important;}.vcex-button.vcex_69f4f6a1c635e:hover{background:#977d7a!important;color:#ffffff!important;}<\/style><div class=\"vc_custom_1530300298020 wpex-clr\"><a href=\"\/de\/glaskoerpertruebungen-oder-floater\/\" class=\"vcex-button theme-button inline vcex_69f4f6a1c635e\"><span class=\"vcex-button-inner theme-button-inner wpex-flex wpex-flex-wrap wpex-items-center wpex-justify-center\">WEITERLESEN<\/span><\/a><\/div> [\/vc_column_inner][vc_column_inner width=&#8221;1\/3&#8243;][vc_single_image image=&#8221;360&#8243; el_class=&#8221;overlay-image&#8221;][vc_column_text css=&#8221;.vc_custom_1563956561084{padding-right: 15px !important;padding-left: 15px !important;}&#8221;]\n<h3>DIE BEHANDLUNG<\/h3>\n<p>Sie k\u00f6nnen in die Augenklinik OMC Amstelland zur Kataraktchirurgie oder zur Behandlung von Augenlicht gehen. Alle Floater\u00a0Behandlungen finden in Form einer Tagesbehandlung statt und finden in unserer Augenklinik in Diemen statt.[\/vc_column_text]<style>.vcex-button.vcex_69f4f6a1c8248{background:#977d7a;color:#ffffff!important;}.vcex-button.vcex_69f4f6a1c8248:hover{background:#977d7a!important;color:#ffffff!important;}<\/style><div class=\"vc_custom_1530300273469 wpex-clr\"><a href=\"\/de\/glaskoerpertruebungen-oder-floater\/die-medizinische-lasertherapie-von-glaskoerper-truebungen\/\" class=\"vcex-button theme-button inline vcex_69f4f6a1c8248\"><span class=\"vcex-button-inner theme-button-inner wpex-flex wpex-flex-wrap wpex-items-center wpex-justify-center\">WEITERLESEN<\/span><\/a><\/div> [\/vc_column_inner][vc_column_inner width=&#8221;1\/3&#8243;][vc_single_image image=&#8221;363&#8243; el_class=&#8221;overlay-image&#8221;][vc_column_text css=&#8221;.vc_custom_1530300235936{padding-right: 15px !important;padding-left: 15px !important;}&#8221;]\n<h3>WAS KOSTET ES?<\/h3>\n<p>Das niederl\u00e4ndische Pfletinstitut hat entschieden, dass Floater Laser nicht als versicherte Pflege angeboten werden kann. Deshalb bieten wir diese Behandlung nur als unversicherte Behandlung an. Wir beraten Sie \u00fcber die beste Behandlung.[\/vc_column_text]<style>.vcex-button.vcex_69f4f6a1c8ca2{background:#977d7a;color:#ffffff!important;}.vcex-button.vcex_69f4f6a1c8ca2:hover{background:#977d7a!important;color:#ffffff!important;}<\/style><div class=\"vc_custom_1530300220552 wpex-clr\"><a href=\"\/de\/behandlungskosten-fuer-auslaendische-patienten\/\" class=\"vcex-button theme-button inline vcex_69f4f6a1c8ca2\"><span class=\"vcex-button-inner theme-button-inner wpex-flex wpex-flex-wrap wpex-items-center wpex-justify-center\">WEITERLESEN<\/span><\/a><\/div> [\/vc_column_inner][\/vc_row_inner][\/vc_column][\/vc_row]\n<\/div>","protected":false},"excerpt":{"rendered":"<p>[vc_row][vc_column][vc_column_text responsive_text=&#8221;true&#8221; font_weight=&#8221;bold&#8221; font_size=&#8221;18px&#8221;]Glask\u00f6rpertr\u00fcbung ist ein Augenproblem, das sich in Form von kleinen Punkten, Flecken oder Strichen bemerkbar macht. Man bezeichnet diese Sehst\u00f6rungen auch als Mouches volantes, fliegende M\u00fccken, muscae volitantes oder Floaters, da sie sich meist schwingend bewegen. F\u00fcr den Betroffenen ist die Glask\u00f6rpertr\u00fcbung \u00e4usserst unangenehm. Wenn sich die Symptome nicht innerhalb weniger Wochen&hellip;<\/p>\n","protected":false},"author":1,"featured_media":0,"parent":2622,"menu_order":0,"comment_status":"closed","ping_status":"closed","template":"","meta":{"footnotes":""},"class_list":["post-2635","page","type-page","status-publish","hentry","entry","no-media"],"yoast_head":"<!-- This site is optimized with the Yoast SEO plugin v27.5 - https:\/\/yoast.com\/product\/yoast-seo-wordpress\/ -->\n<title>Was ist Glask\u00f6rpertr\u00fcbung und was kann man dagegen tun? -<\/title>\n<meta name=\"description\" content=\"Glask\u00f6rpertr\u00fcbung, unsere Augenklinik ist spezialisert auf spezifische Eingriffe am Auge. Wir helfen Ihnen bei der L\u00f6sung Ihrer Augenprobleme.\" \/>\n<meta name=\"robots\" content=\"index, follow, max-snippet:-1, max-image-preview:large, max-video-preview:-1\" \/>\n<link rel=\"canonical\" href=\"https:\/\/www.floaterlaser.com\/de\/augenprobleme\/was-ist-glaskoerpertruebung-und-was-kann-man-dagegen-tun\/\" \/>\n<meta property=\"og:locale\" content=\"de_DE\" \/>\n<meta property=\"og:type\" content=\"article\" \/>\n<meta property=\"og:title\" content=\"Was ist Glask\u00f6rpertr\u00fcbung und was kann man dagegen tun? -\" \/>\n<meta property=\"og:description\" content=\"Glask\u00f6rpertr\u00fcbung, unsere Augenklinik ist spezialisert auf spezifische Eingriffe am Auge. Wir helfen Ihnen bei der L\u00f6sung Ihrer Augenprobleme.\" \/>\n<meta property=\"og:url\" content=\"https:\/\/www.floaterlaser.com\/de\/augenprobleme\/was-ist-glaskoerpertruebung-und-was-kann-man-dagegen-tun\/\" \/>\n<meta property=\"og:site_name\" content=\"Floater-Laser Augenklinik \u2013 Oogheelkundig Medisch Centrum Amstelland\" \/>\n<meta property=\"article:publisher\" content=\"https:\/\/www.facebook.com\/floaterlaserOMC\" \/>\n<meta property=\"article:modified_time\" content=\"2019-07-24T08:30:49+00:00\" \/>\n<meta property=\"og:image\" content=\"https:\/\/www.floaterlaser.com\/wp-content\/uploads\/logoOMCmetAEH.jpg\" \/>\n\t<meta property=\"og:image:width\" content=\"473\" \/>\n\t<meta property=\"og:image:height\" content=\"228\" \/>\n\t<meta property=\"og:image:type\" content=\"image\/jpeg\" \/>\n<meta name=\"twitter:card\" content=\"summary_large_image\" \/>\n<meta name=\"twitter:site\" content=\"@floaterlaser1\" \/>\n<meta name=\"twitter:label1\" content=\"Gesch\u00e4tzte Lesezeit\" \/>\n\t<meta name=\"twitter:data1\" content=\"6 minutes\" \/>\n<script type=\"application\/ld+json\" class=\"yoast-schema-graph\">{\"@context\":\"https:\\\/\\\/schema.org\",\"@graph\":[{\"@type\":[\"WebPage\",\"MedicalWebPage\"],\"@id\":\"https:\\\/\\\/www.floaterlaser.com\\\/de\\\/augenprobleme\\\/was-ist-glaskoerpertruebung-und-was-kann-man-dagegen-tun\\\/\",\"url\":\"https:\\\/\\\/www.floaterlaser.com\\\/de\\\/augenprobleme\\\/was-ist-glaskoerpertruebung-und-was-kann-man-dagegen-tun\\\/\",\"name\":\"Was ist Glask\u00f6rpertr\u00fcbung und was kann man dagegen tun? -\",\"isPartOf\":{\"@id\":\"https:\\\/\\\/www.floaterlaser.com\\\/#website\"},\"datePublished\":\"2018-09-28T11:25:22+00:00\",\"dateModified\":\"2019-07-24T08:30:49+00:00\",\"description\":\"Glask\u00f6rpertr\u00fcbung, unsere Augenklinik ist spezialisert auf spezifische Eingriffe am Auge. Wir helfen Ihnen bei der L\u00f6sung Ihrer Augenprobleme.\",\"breadcrumb\":{\"@id\":\"https:\\\/\\\/www.floaterlaser.com\\\/de\\\/augenprobleme\\\/was-ist-glaskoerpertruebung-und-was-kann-man-dagegen-tun\\\/#breadcrumb\"},\"inLanguage\":\"de-DE\",\"potentialAction\":[{\"@type\":\"ReadAction\",\"target\":[\"https:\\\/\\\/www.floaterlaser.com\\\/de\\\/augenprobleme\\\/was-ist-glaskoerpertruebung-und-was-kann-man-dagegen-tun\\\/\"]}]},{\"@type\":\"BreadcrumbList\",\"@id\":\"https:\\\/\\\/www.floaterlaser.com\\\/de\\\/augenprobleme\\\/was-ist-glaskoerpertruebung-und-was-kann-man-dagegen-tun\\\/#breadcrumb\",\"itemListElement\":[{\"@type\":\"ListItem\",\"position\":1,\"name\":\"Home\",\"item\":\"https:\\\/\\\/www.floaterlaser.com\\\/de\\\/\"},{\"@type\":\"ListItem\",\"position\":2,\"name\":\"Augenprobleme \u2013 was nun?\",\"item\":\"https:\\\/\\\/www.floaterlaser.com\\\/de\\\/augenprobleme\\\/\"},{\"@type\":\"ListItem\",\"position\":3,\"name\":\"Was ist Glask\u00f6rpertr\u00fcbung und was kann&hellip;\"}]},{\"@type\":\"WebSite\",\"@id\":\"https:\\\/\\\/www.floaterlaser.com\\\/#website\",\"url\":\"https:\\\/\\\/www.floaterlaser.com\\\/\",\"name\":\"Floaterlaser Oogkliniek\",\"description\":\"Behandlungen von Glask\u00f6rpertr\u00fcbungen und anderen Augenerkrankungen\",\"publisher\":{\"@id\":\"https:\\\/\\\/www.floaterlaser.com\\\/#organization\"},\"alternateName\":\"OMC Amstelland\",\"potentialAction\":[{\"@type\":\"SearchAction\",\"target\":{\"@type\":\"EntryPoint\",\"urlTemplate\":\"https:\\\/\\\/www.floaterlaser.com\\\/?s={search_term_string}\"},\"query-input\":{\"@type\":\"PropertyValueSpecification\",\"valueRequired\":true,\"valueName\":\"search_term_string\"}}],\"inLanguage\":\"de-DE\"},{\"@type\":\"Organization\",\"@id\":\"https:\\\/\\\/www.floaterlaser.com\\\/#organization\",\"name\":\"Floaterlaser Oogkliniek \u2013 OMC Amstelland\",\"alternateName\":\"OMC Amstelland\",\"url\":\"https:\\\/\\\/www.floaterlaser.com\\\/\",\"logo\":{\"@type\":\"ImageObject\",\"inLanguage\":\"de-DE\",\"@id\":\"https:\\\/\\\/www.floaterlaser.com\\\/#\\\/schema\\\/logo\\\/image\\\/\",\"url\":\"https:\\\/\\\/www.floaterlaser.com\\\/wp-content\\\/uploads\\\/logoOMCmetAEH.jpg\",\"contentUrl\":\"https:\\\/\\\/www.floaterlaser.com\\\/wp-content\\\/uploads\\\/logoOMCmetAEH.jpg\",\"width\":473,\"height\":228,\"caption\":\"Floaterlaser Oogkliniek \u2013 OMC Amstelland\"},\"image\":{\"@id\":\"https:\\\/\\\/www.floaterlaser.com\\\/#\\\/schema\\\/logo\\\/image\\\/\"},\"sameAs\":[\"https:\\\/\\\/www.facebook.com\\\/floaterlaserOMC\",\"https:\\\/\\\/x.com\\\/floaterlaser1\",\"https:\\\/\\\/www.instagram.com\\\/omc_amstelland\\\/\",\"https:\\\/\\\/www.zorgkaartnederland.nl\\\/zorginstelling\\\/oogkliniek-omc-amstelland-diemen-3056449\"]}]}<\/script>\n<!-- \/ Yoast SEO plugin. -->","yoast_head_json":{"title":"Was ist Glask\u00f6rpertr\u00fcbung und was kann man dagegen tun? -","description":"Glask\u00f6rpertr\u00fcbung, unsere Augenklinik ist spezialisert auf spezifische Eingriffe am Auge. Wir helfen Ihnen bei der L\u00f6sung Ihrer Augenprobleme.","robots":{"index":"index","follow":"follow","max-snippet":"max-snippet:-1","max-image-preview":"max-image-preview:large","max-video-preview":"max-video-preview:-1"},"canonical":"https:\/\/www.floaterlaser.com\/de\/augenprobleme\/was-ist-glaskoerpertruebung-und-was-kann-man-dagegen-tun\/","og_locale":"de_DE","og_type":"article","og_title":"Was ist Glask\u00f6rpertr\u00fcbung und was kann man dagegen tun? -","og_description":"Glask\u00f6rpertr\u00fcbung, unsere Augenklinik ist spezialisert auf spezifische Eingriffe am Auge. Wir helfen Ihnen bei der L\u00f6sung Ihrer Augenprobleme.","og_url":"https:\/\/www.floaterlaser.com\/de\/augenprobleme\/was-ist-glaskoerpertruebung-und-was-kann-man-dagegen-tun\/","og_site_name":"Floater-Laser Augenklinik \u2013 Oogheelkundig Medisch Centrum Amstelland","article_publisher":"https:\/\/www.facebook.com\/floaterlaserOMC","article_modified_time":"2019-07-24T08:30:49+00:00","og_image":[{"width":473,"height":228,"url":"https:\/\/www.floaterlaser.com\/wp-content\/uploads\/logoOMCmetAEH.jpg","type":"image\/jpeg"}],"twitter_card":"summary_large_image","twitter_site":"@floaterlaser1","twitter_misc":{"Gesch\u00e4tzte Lesezeit":"6 minutes"},"schema":{"@context":"https:\/\/schema.org","@graph":[{"@type":["WebPage","MedicalWebPage"],"@id":"https:\/\/www.floaterlaser.com\/de\/augenprobleme\/was-ist-glaskoerpertruebung-und-was-kann-man-dagegen-tun\/","url":"https:\/\/www.floaterlaser.com\/de\/augenprobleme\/was-ist-glaskoerpertruebung-und-was-kann-man-dagegen-tun\/","name":"Was ist Glask\u00f6rpertr\u00fcbung und was kann man dagegen tun? -","isPartOf":{"@id":"https:\/\/www.floaterlaser.com\/#website"},"datePublished":"2018-09-28T11:25:22+00:00","dateModified":"2019-07-24T08:30:49+00:00","description":"Glask\u00f6rpertr\u00fcbung, unsere Augenklinik ist spezialisert auf spezifische Eingriffe am Auge. Wir helfen Ihnen bei der L\u00f6sung Ihrer Augenprobleme.","breadcrumb":{"@id":"https:\/\/www.floaterlaser.com\/de\/augenprobleme\/was-ist-glaskoerpertruebung-und-was-kann-man-dagegen-tun\/#breadcrumb"},"inLanguage":"de-DE","potentialAction":[{"@type":"ReadAction","target":["https:\/\/www.floaterlaser.com\/de\/augenprobleme\/was-ist-glaskoerpertruebung-und-was-kann-man-dagegen-tun\/"]}]},{"@type":"BreadcrumbList","@id":"https:\/\/www.floaterlaser.com\/de\/augenprobleme\/was-ist-glaskoerpertruebung-und-was-kann-man-dagegen-tun\/#breadcrumb","itemListElement":[{"@type":"ListItem","position":1,"name":"Home","item":"https:\/\/www.floaterlaser.com\/de\/"},{"@type":"ListItem","position":2,"name":"Augenprobleme \u2013 was nun?","item":"https:\/\/www.floaterlaser.com\/de\/augenprobleme\/"},{"@type":"ListItem","position":3,"name":"Was ist Glask\u00f6rpertr\u00fcbung und was kann&hellip;"}]},{"@type":"WebSite","@id":"https:\/\/www.floaterlaser.com\/#website","url":"https:\/\/www.floaterlaser.com\/","name":"Floaterlaser Oogkliniek","description":"Behandlungen von Glask\u00f6rpertr\u00fcbungen und anderen Augenerkrankungen","publisher":{"@id":"https:\/\/www.floaterlaser.com\/#organization"},"alternateName":"OMC Amstelland","potentialAction":[{"@type":"SearchAction","target":{"@type":"EntryPoint","urlTemplate":"https:\/\/www.floaterlaser.com\/?s={search_term_string}"},"query-input":{"@type":"PropertyValueSpecification","valueRequired":true,"valueName":"search_term_string"}}],"inLanguage":"de-DE"},{"@type":"Organization","@id":"https:\/\/www.floaterlaser.com\/#organization","name":"Floaterlaser Oogkliniek \u2013 OMC Amstelland","alternateName":"OMC Amstelland","url":"https:\/\/www.floaterlaser.com\/","logo":{"@type":"ImageObject","inLanguage":"de-DE","@id":"https:\/\/www.floaterlaser.com\/#\/schema\/logo\/image\/","url":"https:\/\/www.floaterlaser.com\/wp-content\/uploads\/logoOMCmetAEH.jpg","contentUrl":"https:\/\/www.floaterlaser.com\/wp-content\/uploads\/logoOMCmetAEH.jpg","width":473,"height":228,"caption":"Floaterlaser Oogkliniek \u2013 OMC Amstelland"},"image":{"@id":"https:\/\/www.floaterlaser.com\/#\/schema\/logo\/image\/"},"sameAs":["https:\/\/www.facebook.com\/floaterlaserOMC","https:\/\/x.com\/floaterlaser1","https:\/\/www.instagram.com\/omc_amstelland\/","https:\/\/www.zorgkaartnederland.nl\/zorginstelling\/oogkliniek-omc-amstelland-diemen-3056449"]}]}},"_links":{"self":[{"href":"https:\/\/www.floaterlaser.com\/de\/wp-json\/wp\/v2\/pages\/2635","targetHints":{"allow":["GET"]}}],"collection":[{"href":"https:\/\/www.floaterlaser.com\/de\/wp-json\/wp\/v2\/pages"}],"about":[{"href":"https:\/\/www.floaterlaser.com\/de\/wp-json\/wp\/v2\/types\/page"}],"author":[{"embeddable":true,"href":"https:\/\/www.floaterlaser.com\/de\/wp-json\/wp\/v2\/users\/1"}],"replies":[{"embeddable":true,"href":"https:\/\/www.floaterlaser.com\/de\/wp-json\/wp\/v2\/comments?post=2635"}],"version-history":[{"count":0,"href":"https:\/\/www.floaterlaser.com\/de\/wp-json\/wp\/v2\/pages\/2635\/revisions"}],"up":[{"embeddable":true,"href":"https:\/\/www.floaterlaser.com\/de\/wp-json\/wp\/v2\/pages\/2622"}],"wp:attachment":[{"href":"https:\/\/www.floaterlaser.com\/de\/wp-json\/wp\/v2\/media?parent=2635"}],"curies":[{"name":"wp","href":"https:\/\/api.w.org\/{rel}","templated":true}]}}