{"id":2649,"date":"2018-09-28T13:40:42","date_gmt":"2018-09-28T11:40:42","guid":{"rendered":"https:\/\/www.floaterlaser.com\/?page_id=2649"},"modified":"2023-05-11T14:24:09","modified_gmt":"2023-05-11T12:24:09","slug":"das-sollten-sie-ueber-die-laser-vitreolyse-wissen","status":"publish","type":"page","link":"https:\/\/www.floaterlaser.com\/de\/das-sollten-sie-ueber-die-laser-vitreolyse-wissen\/","title":{"rendered":"Das sollten Sie \u00fcber die Laser Vitreolyse wissen"},"content":{"rendered":"<div class=\"wpb-content-wrapper\">[vc_row][vc_column]<h1 class=\"vcex-heading vcex-heading-plain vcex-module wpex-heading wpex-text-2xl wpex-h1\"><span class=\"vcex-heading-inner wpex-inline-block\">Das sollten Sie \u00fcber die Laser Vitreolyse wissen<\/span><\/h1>[vc_column_text responsive_text=&#8221;true&#8221; font_weight=&#8221;bold&#8221; font_size=&#8221;18px&#8221;]Unter Laser Vitreolyse versteht man die Lasertherapie zur Behandlung von Glask\u00f6rpertr\u00fcbung. Diese Augenerkrankung nennt man auch Mouches volantes, fliegende M\u00fccken oder Floater. Sie entsteht durch Gewebeklumpen im Glask\u00f6rper, welche Formen im Sichtfeld der Patienten ausl\u00f6sen. In manchen F\u00e4llen bewegen sich die zusammengeballten Fasern von alleine in eine Zone, in der sie weniger oder gar nicht st\u00f6ren.[\/vc_column_text][vc_column_text css=&#8221;.vc_custom_1538134631988{padding-top: 20px !important;}&#8221;]Wenn die Sehst\u00f6rung aber anh\u00e4lt und f\u00fcr den Betroffenen sehr unangenehm ist, dann gibt es verschiedene Therapiemethoden. Zuerst kann man es mit Augentropfen und speziellen Sichtgl\u00e4sern versuchen, aber wenn auch dies keine Abhilfe schafft, besteht die M\u00f6glichkeit einer Lasertherapie oder einer Operation. Bei beiden Methoden ist die Erfolgsquote sehr hoch, wobei die Laser Vitreolyse weniger invasiv ist und h\u00f6chst selten zu Komplikationen f\u00fchrt.[\/vc_column_text][vc_row_inner css=&#8221;.vc_custom_1509695953406{margin-top: 30px !important;}&#8221;][vc_column_inner][vc_single_image image=&#8221;2652&#8243;]<div class=\"vcex-spacing wpex-w-100 wpex-clear\"><\/div>[vc_column_text el_class=&#8221;two-col&#8221;]\n<h2>So funktioniert die Laser Vitreolyse<\/h2>\n<p>Bei der Laser Vitreolyse werden kurze Laserimpulse auf die Gewebeklumpen, welche die Sehst\u00f6rungen verursachen, gerichtet und dabei im besten Fall zerst\u00f6rt. Manchmal sind mehrere Behandlungen notwendig, damit die dichten Strukturen gel\u00f6st werden. Der Eingriff verursacht keine Schmerzen und birgt kein Infektionsrisiko, wenn er fachgerecht ausgef\u00fchrt wird.<\/p>\n<p>Wenn Sie sich f\u00fcr eine Laser Vitreolyse entscheiden, werden Sie vom behandelnden Arzt zu einer Erstkonsultation eingeladen. Nutzen Sie die Gelegenheit, um bei der Untersuchung all Ihre Fragen zu stellen. In der Folge wird ein Termin f\u00fcr die Laser Vitreolyse vereinbart. Rechnen Sie damit, dass es ein paar Stunden dauert, bis Sie die volle Sehf\u00e4higkeit wieder erreichen.<\/p>\n<h2>Laser Vitreolyse oder Vitrektomie?<\/h2>\n<p>Die Laser Vitreolyse ist eine Verfahrensweise, die sich bew\u00e4hrt hat. Sie ist weniger invasiv als eine Operation und birgt auch weniger Risiken in sich. Komplikationen treten bei der Laser Vitreolyse in weniger als 0.1 Prozent der F\u00e4lle auf. Die Vorteile der Vitrektomie liegen vor allem in der hohen Erfolgsrate. Der Eingriff hat aber eine h\u00f6here Risikorate als die Lasertherapie.<\/p>\n<p>Nat\u00fcrlich l\u00e4sst sich nicht so auf die Schnelle sagen, welche Therapie sich am besten eignet. Diese Entscheidung sollten Sie zusammen mit einem Augenarzt f\u00e4llen. Am besten wenden Sie sich daf\u00fcr an eine Augenklinik, in der beide Methoden angewendet werden. <a href=\"https:\/\/www.floaterlaser.com\/de\/glaskoerpertruebungen-oder-floater\/die-medizinische-lasertherapie-von-glaskoerper-truebungen\/wieso-sollte-man-glaskoerpertruebungen-in-der-augenklinik-omc-amstelland-lasern-lassen\/\">Oft lohnt es sich<\/a> auch, den Eingriff im Ausland vorzunehmen, beispielsweise in der Augenklinik OMC Amstelland.<\/p>\n<h2>Welche Kosten sind mit einer Laser Vitreolyse verbunden?<\/h2>\n<p>Die Frage nach den Kosten f\u00fcr eine Behandlungsmethode ist nat\u00fcrlich berechtigt, sollte aber bei der Wahl der Therapie nicht im Vordergrund stehen. Die ausschlaggebenden Kriterien sollten die Erfolgsquote und Risikorate sein. Wenn es darum geht, die richtige Klinik auszusuchen, sollten Sie darauf achten, dass der Eingriff von spezialisierten Fach\u00e4rzten ausgef\u00fchrt wird.<\/p>\n<p>Da bei der Laser Vitreolyse Pr\u00e4zisionsinstrumente zum Einsatz kommen, die von Spezialisten verwendet werden, sind die <a href=\"https:\/\/www.floaterlaser.com\/de\/behandlungskosten-fuer-auslaendische-patienten\/\">Behandlungskosten<\/a> f\u00fcr eine Laser Vitreolyse nachvollziehbar. In der Floater Laser Augenklinik OMC Amstelland liegen die Kosten f\u00fcr eine Laser Vitreolyse bei 1750 Euro pro Auge, wobei in diesem Tarif bis zu vier Behandlungen inbegriffen sind.<\/p>\n<h2>Laser Vitreolyse in der Floater Laser Augenklinik OMC Amstelland<\/h2>\n<p>Die Floater Laser Augenklinik Amstelland hat sich auf die Laster Vitreolyse spezialisiert. Wir behandeln damit t\u00e4glich Patienten aus aller Welt. Wenn auch Sie auf der Suche nach einer spezialisierten Augenklinik sind, dann sind Sie in der Floater Laser Augenklinik OMC Amstelland an der richtigen Adresse. Wir k\u00fcmmern uns professionell um Ihre Augen.<\/p>\n<p>Sehen Sie sich unsere Webseite in Ruhe an und erfahren Sie, was Sie bei Ihrer Therapie erwartet. Bei Fragen stehen wir Ihnen telefonisch, per E-Mail oder via Kontaktformular zur Verf\u00fcgung. Wenn Sie sich bereits f\u00fcr eine Laser Vitreolyse entschieden haben, k\u00f6nnen Sie Ihren Termin auch gleich online buchen. Wir freuen uns darauf, auch Sie behandeln zu d\u00fcrfen.[\/vc_column_text][\/vc_column_inner][\/vc_row_inner][\/vc_column][\/vc_row][vc_row full_width=&#8221;stretch_row&#8221; css=&#8221;.vc_custom_1509702792372{background-color: #eae5e4 !important;}&#8221;][vc_column css=&#8221;.vc_custom_1509702928704{padding-top: 70px !important;padding-bottom: 40px !important;}&#8221;][vc_row_inner][vc_column_inner width=&#8221;1\/3&#8243;][vc_single_image image=&#8221;189&#8243; el_class=&#8221;overlay-image&#8221;][vc_column_text css=&#8221;.vc_custom_1530259952949{padding-right: 15px !important;padding-left: 15px !important;}&#8221;]\n<h3>Glask\u00f6rpertr\u00fcbungen\/Floater<\/h3>\n<p>Menschen mit Glask\u00f6rpertr\u00fcbungen (Floater) haben eine oder mehrere Formen im Sichtfeld. Die Form bewegt sich mit dem Auge in charakteristisch huschender Weise. Je nachdem, wo sich der Floater befindet, st\u00f6rt er mehr oder weniger. An einige Floater kann man sich gew\u00f6hnen, andere bleiben unangenehm.[\/vc_column_text]<style>.vcex-button.vcex_69df6bc2b3e8f{background:#977d7a;color:#ffffff!important;}.vcex-button.vcex_69df6bc2b3e8f:hover{background:#977d7a!important;color:#ffffff!important;}<\/style><div class=\"vc_custom_1530300298020 wpex-clr\"><a href=\"\/de\/glaskoerpertruebungen-oder-floater\/\" class=\"vcex-button theme-button inline vcex_69df6bc2b3e8f\"><span class=\"vcex-button-inner theme-button-inner wpex-flex wpex-flex-wrap wpex-items-center wpex-justify-center\">WEITERLESEN<\/span><\/a><\/div> [\/vc_column_inner][vc_column_inner width=&#8221;1\/3&#8243;][vc_single_image image=&#8221;360&#8243; el_class=&#8221;overlay-image&#8221;][vc_column_text css=&#8221;.vc_custom_1530300246358{padding-right: 15px !important;padding-left: 15px !important;}&#8221;]\n<h3>DIE BEHANDLUNG<\/h3>\n<p>Sie k\u00f6nnen in die Augenklinik OMC Amstelland zur Kataraktchirurgie oder zur Behandlung von Augenlicht gehen. Alle Behandlungen finden in Form einer Tagesbehandlung statt und finden in unserer Augenklinik in Diemen statt.[\/vc_column_text]<style>.vcex-button.vcex_69df6bc2b4bd1{background:#977d7a;color:#ffffff!important;}.vcex-button.vcex_69df6bc2b4bd1:hover{background:#977d7a!important;color:#ffffff!important;}<\/style><div class=\"vc_custom_1530300273469 wpex-clr\"><a href=\"\/de\/glaskoerpertruebungen-oder-floater\/die-medizinische-lasertherapie-von-glaskoerper-truebungen\/\" class=\"vcex-button theme-button inline vcex_69df6bc2b4bd1\"><span class=\"vcex-button-inner theme-button-inner wpex-flex wpex-flex-wrap wpex-items-center wpex-justify-center\">WEITERLESEN<\/span><\/a><\/div> [\/vc_column_inner][vc_column_inner width=&#8221;1\/3&#8243;][vc_single_image image=&#8221;363&#8243; el_class=&#8221;overlay-image&#8221;][vc_column_text css=&#8221;.vc_custom_1530300235936{padding-right: 15px !important;padding-left: 15px !important;}&#8221;]\n<h3>WAS KOSTET ES?<\/h3>\n<p>Das niederl\u00e4ndische Pfletinstitut hat entschieden, dass Floater Laser nicht als versicherte Pflege angeboten werden kann. Deshalb bieten wir diese Behandlung nur als unversicherte Behandlung an. Wir beraten Sie \u00fcber die beste Behandlung.[\/vc_column_text]<style>.vcex-button.vcex_69df6bc2b54ee{background:#977d7a;color:#ffffff!important;}.vcex-button.vcex_69df6bc2b54ee:hover{background:#977d7a!important;color:#ffffff!important;}<\/style><div class=\"vc_custom_1530300220552 wpex-clr\"><a href=\"\/de\/behandlungskosten-fuer-auslaendische-patienten\/\" class=\"vcex-button theme-button inline vcex_69df6bc2b54ee\"><span class=\"vcex-button-inner theme-button-inner wpex-flex wpex-flex-wrap wpex-items-center wpex-justify-center\">WEITERLESEN<\/span><\/a><\/div> [\/vc_column_inner][\/vc_row_inner][\/vc_column][\/vc_row]\n<\/div>","protected":false},"excerpt":{"rendered":"<p>[vc_row][vc_column][vc_column_text responsive_text=&#8221;true&#8221; font_weight=&#8221;bold&#8221; font_size=&#8221;18px&#8221;]Unter Laser Vitreolyse versteht man die Lasertherapie zur Behandlung von Glask\u00f6rpertr\u00fcbung. Diese Augenerkrankung nennt man auch Mouches volantes, fliegende M\u00fccken oder Floater. Sie entsteht durch Gewebeklumpen im Glask\u00f6rper, welche Formen im Sichtfeld der Patienten ausl\u00f6sen. In manchen F\u00e4llen bewegen sich die zusammengeballten Fasern von alleine in eine Zone, in der sie weniger&hellip;<\/p>\n","protected":false},"author":1,"featured_media":0,"parent":0,"menu_order":0,"comment_status":"closed","ping_status":"closed","template":"","meta":{"footnotes":""},"class_list":["post-2649","page","type-page","status-publish","hentry","entry","no-media"],"yoast_head":"<!-- This site is optimized with the Yoast SEO plugin v27.4 - https:\/\/yoast.com\/product\/yoast-seo-wordpress\/ -->\n<title>Das sollten Sie \u00fcber die Laser Vitreolyse wissen - Augenklinik<\/title>\n<meta name=\"description\" content=\"Vitreolyse ist eine Lasertherapie zur Behandlung der Glask\u00f6rpertr\u00fcbung. Unsere Augenklinik ist spezialisiert auf hochmoderne Eingriffe. Mehr dazu.\" \/>\n<meta name=\"robots\" content=\"index, follow, max-snippet:-1, max-image-preview:large, max-video-preview:-1\" \/>\n<link rel=\"canonical\" href=\"https:\/\/www.floaterlaser.com\/de\/das-sollten-sie-ueber-die-laser-vitreolyse-wissen\/\" \/>\n<meta property=\"og:locale\" content=\"de_DE\" \/>\n<meta property=\"og:type\" content=\"article\" \/>\n<meta property=\"og:title\" content=\"Das sollten Sie \u00fcber die Laser Vitreolyse wissen - Augenklinik\" \/>\n<meta property=\"og:description\" content=\"Vitreolyse ist eine Lasertherapie zur Behandlung der Glask\u00f6rpertr\u00fcbung. Unsere Augenklinik ist spezialisiert auf hochmoderne Eingriffe. Mehr dazu.\" \/>\n<meta property=\"og:url\" content=\"https:\/\/www.floaterlaser.com\/de\/das-sollten-sie-ueber-die-laser-vitreolyse-wissen\/\" \/>\n<meta property=\"og:site_name\" content=\"Floater-Laser Augenklinik \u2013 Oogheelkundig Medisch Centrum Amstelland\" \/>\n<meta property=\"article:publisher\" content=\"https:\/\/www.facebook.com\/floaterlaserOMC\" \/>\n<meta property=\"article:modified_time\" content=\"2023-05-11T12:24:09+00:00\" \/>\n<meta property=\"og:image\" content=\"https:\/\/www.floaterlaser.com\/wp-content\/uploads\/logoOMCmetAEH.jpg\" \/>\n\t<meta property=\"og:image:width\" content=\"473\" \/>\n\t<meta property=\"og:image:height\" content=\"228\" \/>\n\t<meta property=\"og:image:type\" content=\"image\/jpeg\" \/>\n<meta name=\"twitter:card\" content=\"summary_large_image\" \/>\n<meta name=\"twitter:site\" content=\"@floaterlaser1\" \/>\n<meta name=\"twitter:label1\" content=\"Gesch\u00e4tzte Lesezeit\" \/>\n\t<meta name=\"twitter:data1\" content=\"4 minutes\" \/>\n<script type=\"application\/ld+json\" class=\"yoast-schema-graph\">{\"@context\":\"https:\\\/\\\/schema.org\",\"@graph\":[{\"@type\":[\"WebPage\",\"MedicalWebPage\"],\"@id\":\"https:\\\/\\\/www.floaterlaser.com\\\/de\\\/das-sollten-sie-ueber-die-laser-vitreolyse-wissen\\\/\",\"url\":\"https:\\\/\\\/www.floaterlaser.com\\\/de\\\/das-sollten-sie-ueber-die-laser-vitreolyse-wissen\\\/\",\"name\":\"Das sollten Sie \u00fcber die Laser Vitreolyse wissen - Augenklinik\",\"isPartOf\":{\"@id\":\"https:\\\/\\\/www.floaterlaser.com\\\/#website\"},\"datePublished\":\"2018-09-28T11:40:42+00:00\",\"dateModified\":\"2023-05-11T12:24:09+00:00\",\"description\":\"Vitreolyse ist eine Lasertherapie zur Behandlung der Glask\u00f6rpertr\u00fcbung. Unsere Augenklinik ist spezialisiert auf hochmoderne Eingriffe. Mehr dazu.\",\"breadcrumb\":{\"@id\":\"https:\\\/\\\/www.floaterlaser.com\\\/de\\\/das-sollten-sie-ueber-die-laser-vitreolyse-wissen\\\/#breadcrumb\"},\"inLanguage\":\"de-DE\",\"potentialAction\":[{\"@type\":\"ReadAction\",\"target\":[\"https:\\\/\\\/www.floaterlaser.com\\\/de\\\/das-sollten-sie-ueber-die-laser-vitreolyse-wissen\\\/\"]}]},{\"@type\":\"BreadcrumbList\",\"@id\":\"https:\\\/\\\/www.floaterlaser.com\\\/de\\\/das-sollten-sie-ueber-die-laser-vitreolyse-wissen\\\/#breadcrumb\",\"itemListElement\":[{\"@type\":\"ListItem\",\"position\":1,\"name\":\"Home\",\"item\":\"https:\\\/\\\/www.floaterlaser.com\\\/de\\\/\"},{\"@type\":\"ListItem\",\"position\":2,\"name\":\"Das sollten Sie \u00fcber die Laser&hellip;\"}]},{\"@type\":\"WebSite\",\"@id\":\"https:\\\/\\\/www.floaterlaser.com\\\/#website\",\"url\":\"https:\\\/\\\/www.floaterlaser.com\\\/\",\"name\":\"Floaterlaser Oogkliniek\",\"description\":\"Behandlungen von Glask\u00f6rpertr\u00fcbungen und anderen Augenerkrankungen\",\"publisher\":{\"@id\":\"https:\\\/\\\/www.floaterlaser.com\\\/#organization\"},\"alternateName\":\"OMC Amstelland\",\"potentialAction\":[{\"@type\":\"SearchAction\",\"target\":{\"@type\":\"EntryPoint\",\"urlTemplate\":\"https:\\\/\\\/www.floaterlaser.com\\\/?s={search_term_string}\"},\"query-input\":{\"@type\":\"PropertyValueSpecification\",\"valueRequired\":true,\"valueName\":\"search_term_string\"}}],\"inLanguage\":\"de-DE\"},{\"@type\":\"Organization\",\"@id\":\"https:\\\/\\\/www.floaterlaser.com\\\/#organization\",\"name\":\"Floaterlaser Oogkliniek \u2013 OMC Amstelland\",\"alternateName\":\"OMC Amstelland\",\"url\":\"https:\\\/\\\/www.floaterlaser.com\\\/\",\"logo\":{\"@type\":\"ImageObject\",\"inLanguage\":\"de-DE\",\"@id\":\"https:\\\/\\\/www.floaterlaser.com\\\/#\\\/schema\\\/logo\\\/image\\\/\",\"url\":\"https:\\\/\\\/www.floaterlaser.com\\\/wp-content\\\/uploads\\\/logoOMCmetAEH.jpg\",\"contentUrl\":\"https:\\\/\\\/www.floaterlaser.com\\\/wp-content\\\/uploads\\\/logoOMCmetAEH.jpg\",\"width\":473,\"height\":228,\"caption\":\"Floaterlaser Oogkliniek \u2013 OMC Amstelland\"},\"image\":{\"@id\":\"https:\\\/\\\/www.floaterlaser.com\\\/#\\\/schema\\\/logo\\\/image\\\/\"},\"sameAs\":[\"https:\\\/\\\/www.facebook.com\\\/floaterlaserOMC\",\"https:\\\/\\\/x.com\\\/floaterlaser1\",\"https:\\\/\\\/www.instagram.com\\\/omc_amstelland\\\/\",\"https:\\\/\\\/www.zorgkaartnederland.nl\\\/zorginstelling\\\/oogkliniek-omc-amstelland-diemen-3056449\"]}]}<\/script>\n<!-- \/ Yoast SEO plugin. -->","yoast_head_json":{"title":"Das sollten Sie \u00fcber die Laser Vitreolyse wissen - Augenklinik","description":"Vitreolyse ist eine Lasertherapie zur Behandlung der Glask\u00f6rpertr\u00fcbung. Unsere Augenklinik ist spezialisiert auf hochmoderne Eingriffe. Mehr dazu.","robots":{"index":"index","follow":"follow","max-snippet":"max-snippet:-1","max-image-preview":"max-image-preview:large","max-video-preview":"max-video-preview:-1"},"canonical":"https:\/\/www.floaterlaser.com\/de\/das-sollten-sie-ueber-die-laser-vitreolyse-wissen\/","og_locale":"de_DE","og_type":"article","og_title":"Das sollten Sie \u00fcber die Laser Vitreolyse wissen - Augenklinik","og_description":"Vitreolyse ist eine Lasertherapie zur Behandlung der Glask\u00f6rpertr\u00fcbung. Unsere Augenklinik ist spezialisiert auf hochmoderne Eingriffe. Mehr dazu.","og_url":"https:\/\/www.floaterlaser.com\/de\/das-sollten-sie-ueber-die-laser-vitreolyse-wissen\/","og_site_name":"Floater-Laser Augenklinik \u2013 Oogheelkundig Medisch Centrum Amstelland","article_publisher":"https:\/\/www.facebook.com\/floaterlaserOMC","article_modified_time":"2023-05-11T12:24:09+00:00","og_image":[{"width":473,"height":228,"url":"https:\/\/www.floaterlaser.com\/wp-content\/uploads\/logoOMCmetAEH.jpg","type":"image\/jpeg"}],"twitter_card":"summary_large_image","twitter_site":"@floaterlaser1","twitter_misc":{"Gesch\u00e4tzte Lesezeit":"4 minutes"},"schema":{"@context":"https:\/\/schema.org","@graph":[{"@type":["WebPage","MedicalWebPage"],"@id":"https:\/\/www.floaterlaser.com\/de\/das-sollten-sie-ueber-die-laser-vitreolyse-wissen\/","url":"https:\/\/www.floaterlaser.com\/de\/das-sollten-sie-ueber-die-laser-vitreolyse-wissen\/","name":"Das sollten Sie \u00fcber die Laser Vitreolyse wissen - Augenklinik","isPartOf":{"@id":"https:\/\/www.floaterlaser.com\/#website"},"datePublished":"2018-09-28T11:40:42+00:00","dateModified":"2023-05-11T12:24:09+00:00","description":"Vitreolyse ist eine Lasertherapie zur Behandlung der Glask\u00f6rpertr\u00fcbung. Unsere Augenklinik ist spezialisiert auf hochmoderne Eingriffe. Mehr dazu.","breadcrumb":{"@id":"https:\/\/www.floaterlaser.com\/de\/das-sollten-sie-ueber-die-laser-vitreolyse-wissen\/#breadcrumb"},"inLanguage":"de-DE","potentialAction":[{"@type":"ReadAction","target":["https:\/\/www.floaterlaser.com\/de\/das-sollten-sie-ueber-die-laser-vitreolyse-wissen\/"]}]},{"@type":"BreadcrumbList","@id":"https:\/\/www.floaterlaser.com\/de\/das-sollten-sie-ueber-die-laser-vitreolyse-wissen\/#breadcrumb","itemListElement":[{"@type":"ListItem","position":1,"name":"Home","item":"https:\/\/www.floaterlaser.com\/de\/"},{"@type":"ListItem","position":2,"name":"Das sollten Sie \u00fcber die Laser&hellip;"}]},{"@type":"WebSite","@id":"https:\/\/www.floaterlaser.com\/#website","url":"https:\/\/www.floaterlaser.com\/","name":"Floaterlaser Oogkliniek","description":"Behandlungen von Glask\u00f6rpertr\u00fcbungen und anderen Augenerkrankungen","publisher":{"@id":"https:\/\/www.floaterlaser.com\/#organization"},"alternateName":"OMC Amstelland","potentialAction":[{"@type":"SearchAction","target":{"@type":"EntryPoint","urlTemplate":"https:\/\/www.floaterlaser.com\/?s={search_term_string}"},"query-input":{"@type":"PropertyValueSpecification","valueRequired":true,"valueName":"search_term_string"}}],"inLanguage":"de-DE"},{"@type":"Organization","@id":"https:\/\/www.floaterlaser.com\/#organization","name":"Floaterlaser Oogkliniek \u2013 OMC Amstelland","alternateName":"OMC Amstelland","url":"https:\/\/www.floaterlaser.com\/","logo":{"@type":"ImageObject","inLanguage":"de-DE","@id":"https:\/\/www.floaterlaser.com\/#\/schema\/logo\/image\/","url":"https:\/\/www.floaterlaser.com\/wp-content\/uploads\/logoOMCmetAEH.jpg","contentUrl":"https:\/\/www.floaterlaser.com\/wp-content\/uploads\/logoOMCmetAEH.jpg","width":473,"height":228,"caption":"Floaterlaser Oogkliniek \u2013 OMC Amstelland"},"image":{"@id":"https:\/\/www.floaterlaser.com\/#\/schema\/logo\/image\/"},"sameAs":["https:\/\/www.facebook.com\/floaterlaserOMC","https:\/\/x.com\/floaterlaser1","https:\/\/www.instagram.com\/omc_amstelland\/","https:\/\/www.zorgkaartnederland.nl\/zorginstelling\/oogkliniek-omc-amstelland-diemen-3056449"]}]}},"_links":{"self":[{"href":"https:\/\/www.floaterlaser.com\/de\/wp-json\/wp\/v2\/pages\/2649","targetHints":{"allow":["GET"]}}],"collection":[{"href":"https:\/\/www.floaterlaser.com\/de\/wp-json\/wp\/v2\/pages"}],"about":[{"href":"https:\/\/www.floaterlaser.com\/de\/wp-json\/wp\/v2\/types\/page"}],"author":[{"embeddable":true,"href":"https:\/\/www.floaterlaser.com\/de\/wp-json\/wp\/v2\/users\/1"}],"replies":[{"embeddable":true,"href":"https:\/\/www.floaterlaser.com\/de\/wp-json\/wp\/v2\/comments?post=2649"}],"version-history":[{"count":1,"href":"https:\/\/www.floaterlaser.com\/de\/wp-json\/wp\/v2\/pages\/2649\/revisions"}],"predecessor-version":[{"id":4478,"href":"https:\/\/www.floaterlaser.com\/de\/wp-json\/wp\/v2\/pages\/2649\/revisions\/4478"}],"wp:attachment":[{"href":"https:\/\/www.floaterlaser.com\/de\/wp-json\/wp\/v2\/media?parent=2649"}],"curies":[{"name":"wp","href":"https:\/\/api.w.org\/{rel}","templated":true}]}}