{"id":2657,"date":"2018-10-01T10:47:45","date_gmt":"2018-10-01T08:47:45","guid":{"rendered":"https:\/\/www.floaterlaser.com\/?page_id=2657"},"modified":"2018-10-05T11:04:52","modified_gmt":"2018-10-05T09:04:52","slug":"abhilfe-gegen-mouche-volante-mouches-volantes","status":"publish","type":"page","link":"https:\/\/www.floaterlaser.com\/de\/abhilfe-gegen-mouche-volante-mouches-volantes\/","title":{"rendered":"Abhilfe gegen Mouche volante &#038; Mouches volantes"},"content":{"rendered":"<div class=\"wpb-content-wrapper\">[vc_row][vc_column]<h1 class=\"vcex-heading vcex-heading-plain vcex-module wpex-heading wpex-text-2xl wpex-h1\"><span class=\"vcex-heading-inner wpex-inline-block\">Abhilfe gegen Mouche volante &#038; Mouches volantes<\/span><\/h1>[vc_column_text responsive_text=&#8221;true&#8221; font_weight=&#8221;bold&#8221; font_size=&#8221;18px&#8221;]Was versteht man genau unter \u201eMouche volante\u201c und \u201eMouches volantes\u201c? Diese franz\u00f6sischen Bezeichnungen stehen w\u00f6rtlich \u00fcbersetzt f\u00fcr \u201efliegende Fliegen\u201c. Auf Deutsch verwendet man daf\u00fcr den Begriff \u201efliegende M\u00fccken\u201c, das englische Pendant dazu ist \u201eFloaters\u201c. All diese Benennungen stehen f\u00fcr kleine sich bewegende Formen im Gesichtsfeld. Diese Linien, Punkte oder Flecken sind typischerweise Symptome f\u00fcr eine Glask\u00f6rpertr\u00fcbung.[\/vc_column_text][vc_column_text css=&#8221;.vc_custom_1538383571619{padding-top: 20px !important;}&#8221;]Fliegende M\u00fccken k\u00f6nnen unterschiedlich gro\u00df sein und je nachdem, wo sie sich genau befinden, st\u00f6ren sie die Betroffenen mehr oder weniger. Auch wenn die Glask\u00f6rpertr\u00fcbung ein weit verbreitetes Augenproblem ist, das ab einem gewissen Alter als normale Erscheinung gilt, k\u00f6nnen Mouche volante &amp; Mouches volantes sehr belastend f\u00fcr die Patienten sein. Zum Gl\u00fcck gibt es Methoden, die erfolgreich Abhilfe gegen diese oft unangenehme Sehst\u00f6rung schaffen.[\/vc_column_text][vc_row_inner css=&#8221;.vc_custom_1509695953406{margin-top: 30px !important;}&#8221;][vc_column_inner][vc_single_image image=&#8221;2626&#8243;]<div class=\"vcex-spacing wpex-w-100 wpex-clear\"><\/div>[vc_column_text el_class=&#8221;two-col&#8221;]\n<h2>Wodurch entstehen Mouche volante &amp; Mouches volantes<\/h2>\n<p>Die Punkte und Flecken, die der Betroffene wahrnimmt, entstehen dadurch, dass sich der Glask\u00f6rper im Laufe der Jahre als normale Alterserscheinung, nach Unf\u00e4llen oder in Verbindung mit Krankheiten, Mangelern\u00e4hrung oder Stress zusammenzieht und von der Augenr\u00fcckwand abzul\u00f6sen beginnt. Dadurch bilden sich feine Kl\u00fcmpchen, die die Sehf\u00e4higkeit einschr\u00e4nken.<\/p>\n<p>Wenn Sie von Mouche volante &amp; Mouches volantes betroffen sind, dann sollten Sie sich von einem Augenarzt untersuchen lassen. So k\u00f6nnen andere Krankheiten ausgeschlossen und Komplikationen verhindert werden. In manchen F\u00e4llen verschwinden die Punkte, Formen, Flecken oder Striche spontan aus dem Sichtfeld. Falls nicht, gibt es Therapiem\u00f6glichkeiten.<\/p>\n<h2>Die Behandlung der Glask\u00f6rpertr\u00fcbung<\/h2>\n<p>Wenn die Mouche volante &amp; Mouches volantes andauern und\/ oder die Sehf\u00e4higkeit oder das Wohlbefinden des Patienten dadurch besonders einschr\u00e4nkt werden, sollte gehandelt werden. Zuweilen k\u00f6nnen Augentropfen oder Spezialgl\u00e4ser Abhilfe schaffen. Falls nicht, sollten die Gewebeklumpen, welche die fliegenden M\u00fccken verursachen, entfernt oder zerst\u00f6rt werden.<\/p>\n<p>Daf\u00fcr gibt es zwei M\u00f6glichkeiten: Die operative Methode (Vitrektomie) oder die <a href=\"https:\/\/www.floaterlaser.com\/de\/glaskoerpertruebungen-oder-floater\/die-medizinische-lasertherapie-von-glaskoerper-truebungen\/wieso-sollte-man-glaskoerpertruebungen-in-der-augenklinik-omc-amstelland-lasern-lassen\/\">Laserbehandlung<\/a> (Laser Vitreolyse). Bei der Vitrektomie werden die betroffenen Stellen im Glask\u00f6rper entfernt, w\u00e4hrend man bei der Lasertherapie versucht, die geballten Fasern zu zerst\u00f6ren. Beide Methoden haben sich bew\u00e4hrt und weisen hohe Erfolgsquoten aus.<\/p>\n<h2>Die Rahmenbedingungen bei Therapien gegen Mouche volante &amp; Mouches volantes<\/h2>\n<p>Egal, f\u00fcr welche Therapieform Sie sich auch entscheiden, sie sollte von einem erfahrenen Facharzt ausgef\u00fchrt werden. In Europa ist die Floater Laser Augenklinik OMC Amstelland die <a href=\"https:\/\/www.floaterlaser.com\/de\/glaskoerpertruebungen-oder-floater\/die-medizinische-lasertherapie-von-glaskoerper-truebungen\/wieso-sollte-man-glaskoerpertruebungen-in-der-augenklinik-omc-amstelland-lasern-lassen\/\">f\u00fchrende Klinik<\/a> f\u00fcr Laser Vitreolysen. Hier werden seit Jahren erfolgreich Tausende von Laserbehandlungen durchgef\u00fchrt und die Lasertechnologie ist stets auf dem neusten Stand.<\/p>\n<p>Da es sich bei der Laser Vitreolyse um einen Eingriff mit Pr\u00e4zisionsinstrumenten handelt, der viel Erfahrung ben\u00f6tigt, damit sie den gew\u00fcnschten Erfolg bringt, sollten Sie sich daf\u00fcr an einen Spezialisten wie Floater Laser Augenklinik OMC Amstelland wenden. Da es weltweit nur in den USA eine vergleichbare Klinik gibt, reisen Patienten aus aller Welt zur Behandlung nach Holland.<\/p>\n<h2>Die Floater Laser Augenklinik behandelt Glask\u00f6rpertr\u00fcbungen mit Erfolg<\/h2>\n<p>Die Floater Laser Augenklink OMC Amstelland verf\u00fcgt sowohl \u00fcber den Ultra Q-Reflex (UQR), den neuesten Laser der australischen Marke Ellex, als auch \u00fcber Microruptor II-Laser (MRII) der Marke Meridian aus der Schweiz. Diese Laser erg\u00e4nzen sich, da sich das eine Modell besser f\u00fcr den vorderen und das andere f\u00fcr den hinteren Bereich des Auges eignet. Da wir beide Laser gleichzeitig verwenden, k\u00f6nnen die meisten Gewebekl\u00fcmpchen im Glask\u00f6rper zerst\u00f6rt werden.<\/p>\n<p>Mehr zur Glask\u00f6rpertr\u00fcbung, unseren Lasertherapien und \u00fcber unsere Klinik erfahren Sie auf unserer Webseite. Sehen Sie sich insbesondere auch die Videos \u00fcber unsere Behandlungen und die Erfahrungsberichte an, um sich ein Bild von unseren Behandlungen machen zu k\u00f6nnen. Weitere Fragen k\u00f6nnen Sie uns gerne per Telefon, E-Mail oder \u00fcber unser Kontaktformular stellen. Wir freuen uns darauf, Ihnen unsere Therapien vorstellen zu d\u00fcrfen.[\/vc_column_text][\/vc_column_inner][\/vc_row_inner][\/vc_column][\/vc_row][vc_row full_width=&#8221;stretch_row&#8221; css=&#8221;.vc_custom_1509702792372{background-color: #eae5e4 !important;}&#8221;][vc_column css=&#8221;.vc_custom_1509702928704{padding-top: 70px !important;padding-bottom: 40px !important;}&#8221;][vc_row_inner][vc_column_inner width=&#8221;1\/3&#8243;][vc_single_image image=&#8221;189&#8243; el_class=&#8221;overlay-image&#8221;][vc_column_text css=&#8221;.vc_custom_1530259952949{padding-right: 15px !important;padding-left: 15px !important;}&#8221;]\n<h3>Glask\u00f6rpertr\u00fcbungen\/Floater<\/h3>\n<p>Menschen mit Glask\u00f6rpertr\u00fcbungen (Floater) haben eine oder mehrere Formen im Sichtfeld. Die Form bewegt sich mit dem Auge in charakteristisch huschender Weise. Je nachdem, wo sich der Floater befindet, st\u00f6rt er mehr oder weniger. An einige Floater kann man sich gew\u00f6hnen, andere bleiben unangenehm.[\/vc_column_text]<style>.vcex-button.vcex_69fe0d2b6efa7{background:#977d7a;color:#ffffff!important;}.vcex-button.vcex_69fe0d2b6efa7:hover{background:#977d7a!important;color:#ffffff!important;}<\/style><div class=\"vc_custom_1530300298020 wpex-clr\"><a href=\"\/de\/glaskoerpertruebungen-oder-floater\/\" class=\"vcex-button theme-button inline vcex_69fe0d2b6efa7\"><span class=\"vcex-button-inner theme-button-inner wpex-flex wpex-flex-wrap wpex-items-center wpex-justify-center\">WEITERLESEN<\/span><\/a><\/div> [\/vc_column_inner][vc_column_inner width=&#8221;1\/3&#8243;][vc_single_image image=&#8221;360&#8243; el_class=&#8221;overlay-image&#8221;][vc_column_text css=&#8221;.vc_custom_1530300246358{padding-right: 15px !important;padding-left: 15px !important;}&#8221;]\n<h3>DIE BEHANDLUNG<\/h3>\n<p>Sie k\u00f6nnen in die Augenklinik OMC Amstelland zur Kataraktchirurgie oder zur Behandlung von Augenlicht gehen. Alle Behandlungen finden in Form einer Tagesbehandlung statt und finden in unserer Augenklinik in Diemen statt.[\/vc_column_text]<style>.vcex-button.vcex_69fe0d2b6ff7e{background:#977d7a;color:#ffffff!important;}.vcex-button.vcex_69fe0d2b6ff7e:hover{background:#977d7a!important;color:#ffffff!important;}<\/style><div class=\"vc_custom_1530300273469 wpex-clr\"><a href=\"\/de\/glaskoerpertruebungen-oder-floater\/die-medizinische-lasertherapie-von-glaskoerper-truebungen\/\" class=\"vcex-button theme-button inline vcex_69fe0d2b6ff7e\"><span class=\"vcex-button-inner theme-button-inner wpex-flex wpex-flex-wrap wpex-items-center wpex-justify-center\">WEITERLESEN<\/span><\/a><\/div> [\/vc_column_inner][vc_column_inner width=&#8221;1\/3&#8243;][vc_single_image image=&#8221;363&#8243; el_class=&#8221;overlay-image&#8221;][vc_column_text css=&#8221;.vc_custom_1530300235936{padding-right: 15px !important;padding-left: 15px !important;}&#8221;]\n<h3>WAS KOSTET ES?<\/h3>\n<p>Das niederl\u00e4ndische Pfletinstitut hat entschieden, dass Floater Laser nicht als versicherte Pflege angeboten werden kann. Deshalb bieten wir diese Behandlung nur als unversicherte Behandlung an. Wir beraten Sie \u00fcber die beste Behandlung.[\/vc_column_text]<style>.vcex-button.vcex_69fe0d2b70a7b{background:#977d7a;color:#ffffff!important;}.vcex-button.vcex_69fe0d2b70a7b:hover{background:#977d7a!important;color:#ffffff!important;}<\/style><div class=\"vc_custom_1530300220552 wpex-clr\"><a href=\"\/de\/behandlungskosten-fuer-auslaendische-patienten\/\" class=\"vcex-button theme-button inline vcex_69fe0d2b70a7b\"><span class=\"vcex-button-inner theme-button-inner wpex-flex wpex-flex-wrap wpex-items-center wpex-justify-center\">WEITERLESEN<\/span><\/a><\/div> [\/vc_column_inner][\/vc_row_inner][\/vc_column][\/vc_row]\n<\/div>","protected":false},"excerpt":{"rendered":"<p>[vc_row][vc_column][vc_column_text responsive_text=&#8221;true&#8221; font_weight=&#8221;bold&#8221; font_size=&#8221;18px&#8221;]Was versteht man genau unter \u201eMouche volante\u201c und \u201eMouches volantes\u201c? Diese franz\u00f6sischen Bezeichnungen stehen w\u00f6rtlich \u00fcbersetzt f\u00fcr \u201efliegende Fliegen\u201c. Auf Deutsch verwendet man daf\u00fcr den Begriff \u201efliegende M\u00fccken\u201c, das englische Pendant dazu ist \u201eFloaters\u201c. All diese Benennungen stehen f\u00fcr kleine sich bewegende Formen im Gesichtsfeld. Diese Linien, Punkte oder Flecken sind typischerweise&hellip;<\/p>\n","protected":false},"author":1,"featured_media":0,"parent":0,"menu_order":0,"comment_status":"closed","ping_status":"closed","template":"","meta":{"footnotes":""},"class_list":["post-2657","page","type-page","status-publish","hentry","entry","no-media"],"yoast_head":"<!-- This site is optimized with the Yoast SEO plugin v27.5 - https:\/\/yoast.com\/product\/yoast-seo-wordpress\/ -->\n<title>Abhilfe gegen Mouche volante &amp; Mouches volantes -<\/title>\n<meta name=\"description\" content=\"Mouche Volante beeintr\u00e4chtigt das Leben. In unserer Augenklinik finden Sie Profis die Sie dabei unterst\u00fctzen dieses Problem zu lindern.\" \/>\n<meta name=\"robots\" content=\"index, follow, max-snippet:-1, max-image-preview:large, max-video-preview:-1\" \/>\n<link rel=\"canonical\" href=\"https:\/\/www.floaterlaser.com\/de\/abhilfe-gegen-mouche-volante-mouches-volantes\/\" \/>\n<meta property=\"og:locale\" content=\"de_DE\" \/>\n<meta property=\"og:type\" content=\"article\" \/>\n<meta property=\"og:title\" content=\"Abhilfe gegen Mouche volante &amp; Mouches volantes -\" \/>\n<meta property=\"og:description\" content=\"Mouche Volante beeintr\u00e4chtigt das Leben. In unserer Augenklinik finden Sie Profis die Sie dabei unterst\u00fctzen dieses Problem zu lindern.\" \/>\n<meta property=\"og:url\" content=\"https:\/\/www.floaterlaser.com\/de\/abhilfe-gegen-mouche-volante-mouches-volantes\/\" \/>\n<meta property=\"og:site_name\" content=\"Floater-Laser Augenklinik \u2013 Oogheelkundig Medisch Centrum Amstelland\" \/>\n<meta property=\"article:publisher\" content=\"https:\/\/www.facebook.com\/floaterlaserOMC\" \/>\n<meta property=\"article:modified_time\" content=\"2018-10-05T09:04:52+00:00\" \/>\n<meta property=\"og:image\" content=\"https:\/\/www.floaterlaser.com\/wp-content\/uploads\/logoOMCmetAEH.jpg\" \/>\n\t<meta property=\"og:image:width\" content=\"473\" \/>\n\t<meta property=\"og:image:height\" content=\"228\" \/>\n\t<meta property=\"og:image:type\" content=\"image\/jpeg\" \/>\n<meta name=\"twitter:card\" content=\"summary_large_image\" \/>\n<meta name=\"twitter:site\" content=\"@floaterlaser1\" \/>\n<meta name=\"twitter:label1\" content=\"Gesch\u00e4tzte Lesezeit\" \/>\n\t<meta name=\"twitter:data1\" content=\"5 minutes\" \/>\n<script type=\"application\/ld+json\" class=\"yoast-schema-graph\">{\"@context\":\"https:\\\/\\\/schema.org\",\"@graph\":[{\"@type\":[\"WebPage\",\"MedicalWebPage\"],\"@id\":\"https:\\\/\\\/www.floaterlaser.com\\\/de\\\/abhilfe-gegen-mouche-volante-mouches-volantes\\\/\",\"url\":\"https:\\\/\\\/www.floaterlaser.com\\\/de\\\/abhilfe-gegen-mouche-volante-mouches-volantes\\\/\",\"name\":\"Abhilfe gegen Mouche volante & Mouches volantes -\",\"isPartOf\":{\"@id\":\"https:\\\/\\\/www.floaterlaser.com\\\/#website\"},\"datePublished\":\"2018-10-01T08:47:45+00:00\",\"dateModified\":\"2018-10-05T09:04:52+00:00\",\"description\":\"Mouche Volante beeintr\u00e4chtigt das Leben. In unserer Augenklinik finden Sie Profis die Sie dabei unterst\u00fctzen dieses Problem zu lindern.\",\"breadcrumb\":{\"@id\":\"https:\\\/\\\/www.floaterlaser.com\\\/de\\\/abhilfe-gegen-mouche-volante-mouches-volantes\\\/#breadcrumb\"},\"inLanguage\":\"de-DE\",\"potentialAction\":[{\"@type\":\"ReadAction\",\"target\":[\"https:\\\/\\\/www.floaterlaser.com\\\/de\\\/abhilfe-gegen-mouche-volante-mouches-volantes\\\/\"]}]},{\"@type\":\"BreadcrumbList\",\"@id\":\"https:\\\/\\\/www.floaterlaser.com\\\/de\\\/abhilfe-gegen-mouche-volante-mouches-volantes\\\/#breadcrumb\",\"itemListElement\":[{\"@type\":\"ListItem\",\"position\":1,\"name\":\"Home\",\"item\":\"https:\\\/\\\/www.floaterlaser.com\\\/de\\\/\"},{\"@type\":\"ListItem\",\"position\":2,\"name\":\"Abhilfe gegen Mouche volante &#038; Mouches&hellip;\"}]},{\"@type\":\"WebSite\",\"@id\":\"https:\\\/\\\/www.floaterlaser.com\\\/#website\",\"url\":\"https:\\\/\\\/www.floaterlaser.com\\\/\",\"name\":\"Floaterlaser Oogkliniek\",\"description\":\"Behandlungen von Glask\u00f6rpertr\u00fcbungen und anderen Augenerkrankungen\",\"publisher\":{\"@id\":\"https:\\\/\\\/www.floaterlaser.com\\\/#organization\"},\"alternateName\":\"OMC Amstelland\",\"potentialAction\":[{\"@type\":\"SearchAction\",\"target\":{\"@type\":\"EntryPoint\",\"urlTemplate\":\"https:\\\/\\\/www.floaterlaser.com\\\/?s={search_term_string}\"},\"query-input\":{\"@type\":\"PropertyValueSpecification\",\"valueRequired\":true,\"valueName\":\"search_term_string\"}}],\"inLanguage\":\"de-DE\"},{\"@type\":\"Organization\",\"@id\":\"https:\\\/\\\/www.floaterlaser.com\\\/#organization\",\"name\":\"Floaterlaser Oogkliniek \u2013 OMC Amstelland\",\"alternateName\":\"OMC Amstelland\",\"url\":\"https:\\\/\\\/www.floaterlaser.com\\\/\",\"logo\":{\"@type\":\"ImageObject\",\"inLanguage\":\"de-DE\",\"@id\":\"https:\\\/\\\/www.floaterlaser.com\\\/#\\\/schema\\\/logo\\\/image\\\/\",\"url\":\"https:\\\/\\\/www.floaterlaser.com\\\/wp-content\\\/uploads\\\/logoOMCmetAEH.jpg\",\"contentUrl\":\"https:\\\/\\\/www.floaterlaser.com\\\/wp-content\\\/uploads\\\/logoOMCmetAEH.jpg\",\"width\":473,\"height\":228,\"caption\":\"Floaterlaser Oogkliniek \u2013 OMC Amstelland\"},\"image\":{\"@id\":\"https:\\\/\\\/www.floaterlaser.com\\\/#\\\/schema\\\/logo\\\/image\\\/\"},\"sameAs\":[\"https:\\\/\\\/www.facebook.com\\\/floaterlaserOMC\",\"https:\\\/\\\/x.com\\\/floaterlaser1\",\"https:\\\/\\\/www.instagram.com\\\/omc_amstelland\\\/\",\"https:\\\/\\\/www.zorgkaartnederland.nl\\\/zorginstelling\\\/oogkliniek-omc-amstelland-diemen-3056449\"]}]}<\/script>\n<!-- \/ Yoast SEO plugin. -->","yoast_head_json":{"title":"Abhilfe gegen Mouche volante & Mouches volantes -","description":"Mouche Volante beeintr\u00e4chtigt das Leben. In unserer Augenklinik finden Sie Profis die Sie dabei unterst\u00fctzen dieses Problem zu lindern.","robots":{"index":"index","follow":"follow","max-snippet":"max-snippet:-1","max-image-preview":"max-image-preview:large","max-video-preview":"max-video-preview:-1"},"canonical":"https:\/\/www.floaterlaser.com\/de\/abhilfe-gegen-mouche-volante-mouches-volantes\/","og_locale":"de_DE","og_type":"article","og_title":"Abhilfe gegen Mouche volante & Mouches volantes -","og_description":"Mouche Volante beeintr\u00e4chtigt das Leben. In unserer Augenklinik finden Sie Profis die Sie dabei unterst\u00fctzen dieses Problem zu lindern.","og_url":"https:\/\/www.floaterlaser.com\/de\/abhilfe-gegen-mouche-volante-mouches-volantes\/","og_site_name":"Floater-Laser Augenklinik \u2013 Oogheelkundig Medisch Centrum Amstelland","article_publisher":"https:\/\/www.facebook.com\/floaterlaserOMC","article_modified_time":"2018-10-05T09:04:52+00:00","og_image":[{"width":473,"height":228,"url":"https:\/\/www.floaterlaser.com\/wp-content\/uploads\/logoOMCmetAEH.jpg","type":"image\/jpeg"}],"twitter_card":"summary_large_image","twitter_site":"@floaterlaser1","twitter_misc":{"Gesch\u00e4tzte Lesezeit":"5 minutes"},"schema":{"@context":"https:\/\/schema.org","@graph":[{"@type":["WebPage","MedicalWebPage"],"@id":"https:\/\/www.floaterlaser.com\/de\/abhilfe-gegen-mouche-volante-mouches-volantes\/","url":"https:\/\/www.floaterlaser.com\/de\/abhilfe-gegen-mouche-volante-mouches-volantes\/","name":"Abhilfe gegen Mouche volante & Mouches volantes -","isPartOf":{"@id":"https:\/\/www.floaterlaser.com\/#website"},"datePublished":"2018-10-01T08:47:45+00:00","dateModified":"2018-10-05T09:04:52+00:00","description":"Mouche Volante beeintr\u00e4chtigt das Leben. In unserer Augenklinik finden Sie Profis die Sie dabei unterst\u00fctzen dieses Problem zu lindern.","breadcrumb":{"@id":"https:\/\/www.floaterlaser.com\/de\/abhilfe-gegen-mouche-volante-mouches-volantes\/#breadcrumb"},"inLanguage":"de-DE","potentialAction":[{"@type":"ReadAction","target":["https:\/\/www.floaterlaser.com\/de\/abhilfe-gegen-mouche-volante-mouches-volantes\/"]}]},{"@type":"BreadcrumbList","@id":"https:\/\/www.floaterlaser.com\/de\/abhilfe-gegen-mouche-volante-mouches-volantes\/#breadcrumb","itemListElement":[{"@type":"ListItem","position":1,"name":"Home","item":"https:\/\/www.floaterlaser.com\/de\/"},{"@type":"ListItem","position":2,"name":"Abhilfe gegen Mouche volante &#038; Mouches&hellip;"}]},{"@type":"WebSite","@id":"https:\/\/www.floaterlaser.com\/#website","url":"https:\/\/www.floaterlaser.com\/","name":"Floaterlaser Oogkliniek","description":"Behandlungen von Glask\u00f6rpertr\u00fcbungen und anderen Augenerkrankungen","publisher":{"@id":"https:\/\/www.floaterlaser.com\/#organization"},"alternateName":"OMC Amstelland","potentialAction":[{"@type":"SearchAction","target":{"@type":"EntryPoint","urlTemplate":"https:\/\/www.floaterlaser.com\/?s={search_term_string}"},"query-input":{"@type":"PropertyValueSpecification","valueRequired":true,"valueName":"search_term_string"}}],"inLanguage":"de-DE"},{"@type":"Organization","@id":"https:\/\/www.floaterlaser.com\/#organization","name":"Floaterlaser Oogkliniek \u2013 OMC Amstelland","alternateName":"OMC Amstelland","url":"https:\/\/www.floaterlaser.com\/","logo":{"@type":"ImageObject","inLanguage":"de-DE","@id":"https:\/\/www.floaterlaser.com\/#\/schema\/logo\/image\/","url":"https:\/\/www.floaterlaser.com\/wp-content\/uploads\/logoOMCmetAEH.jpg","contentUrl":"https:\/\/www.floaterlaser.com\/wp-content\/uploads\/logoOMCmetAEH.jpg","width":473,"height":228,"caption":"Floaterlaser Oogkliniek \u2013 OMC Amstelland"},"image":{"@id":"https:\/\/www.floaterlaser.com\/#\/schema\/logo\/image\/"},"sameAs":["https:\/\/www.facebook.com\/floaterlaserOMC","https:\/\/x.com\/floaterlaser1","https:\/\/www.instagram.com\/omc_amstelland\/","https:\/\/www.zorgkaartnederland.nl\/zorginstelling\/oogkliniek-omc-amstelland-diemen-3056449"]}]}},"_links":{"self":[{"href":"https:\/\/www.floaterlaser.com\/de\/wp-json\/wp\/v2\/pages\/2657","targetHints":{"allow":["GET"]}}],"collection":[{"href":"https:\/\/www.floaterlaser.com\/de\/wp-json\/wp\/v2\/pages"}],"about":[{"href":"https:\/\/www.floaterlaser.com\/de\/wp-json\/wp\/v2\/types\/page"}],"author":[{"embeddable":true,"href":"https:\/\/www.floaterlaser.com\/de\/wp-json\/wp\/v2\/users\/1"}],"replies":[{"embeddable":true,"href":"https:\/\/www.floaterlaser.com\/de\/wp-json\/wp\/v2\/comments?post=2657"}],"version-history":[{"count":0,"href":"https:\/\/www.floaterlaser.com\/de\/wp-json\/wp\/v2\/pages\/2657\/revisions"}],"wp:attachment":[{"href":"https:\/\/www.floaterlaser.com\/de\/wp-json\/wp\/v2\/media?parent=2657"}],"curies":[{"name":"wp","href":"https:\/\/api.w.org\/{rel}","templated":true}]}}