{"id":2988,"date":"2019-08-12T20:07:53","date_gmt":"2019-08-12T18:07:53","guid":{"rendered":"https:\/\/www.floaterlaser.com\/?page_id=2988"},"modified":"2019-08-20T09:45:26","modified_gmt":"2019-08-20T07:45:26","slug":"haeufig-gestellte-fragen","status":"publish","type":"page","link":"https:\/\/www.floaterlaser.com\/de\/glaskoerpertruebungen-oder-floater\/haeufig-gestellte-fragen\/","title":{"rendered":"H\u00e4ufig gestellte Fragen"},"content":{"rendered":"<div class=\"wpb-content-wrapper\">[vc_row][vc_column css=&#8221;.vc_custom_1509973847584{padding-bottom: 30px !important;}&#8221;]<h1 class=\"vcex-heading vcex-heading-plain vcex-module wpex-heading wpex-text-2xl wpex-h1\"><span class=\"vcex-heading-inner wpex-inline-block\">H\u00e4ufig gestellte Fragen<\/span><\/h1>[vc_column_text responsive_text=&#8221;true&#8221; font_weight=&#8221;bold&#8221; font_size=&#8221;18px&#8221;]Sie k\u00f6nnen die OMC Amstelland Augenklinik aufsuchen, um sich einer Kataraktoperation oder der Behandlung von Eye Floatern zu unterziehen, aber auch f\u00fcr verschiedene andere Behandlungen. Alle Behandlungen finden in Form einer Tagesbehandlung statt und finden in unserer Augenklinik in Diemen statt. Wenn Sie von Gerbrandy gesehen wurden, k\u00f6nnen Sie eine Floater-Laserbehandlung buchen. Es ist m\u00f6glich, die erste Behandlung sofort am Tag der ersten Konsultation durchzuf\u00fchren.[\/vc_column_text][\/vc_column][\/vc_row][vc_row][vc_column][vc_row_inner equal_height=&#8221;yes&#8221;][vc_column_inner css=&#8221;.vc_custom_1509973312002{padding-top: 30px !important;padding-right: 30px !important;padding-bottom: 30px !important;padding-left: 30px !important;background-color: #ffffff !important;}&#8221;][vc_toggle title=&#8221;Was sind Glask\u00f6rpertr\u00fcbungen (\u201eMouches volantes\u201c) im Auge?&#8221; style=&#8221;arrow&#8221;]<span style=\"font-weight: 400;\">\u00dcbersch\u00fcssige Eiwei\u00dfe werden normalerweise vom K\u00f6rper selbst ausgeschieden. Bei Glask\u00f6rpertr\u00fcbungen ist dies nicht der Fall und es entstehen Glask\u00f6rpertr\u00fcbungen im Auge. Diese k\u00f6nnen das Gesichtsfeld behindern.<\/span>[\/vc_toggle][vc_toggle title=&#8221;Was sind die Symptome von Glask\u00f6rpertr\u00fcbungen?&#8221; style=&#8221;arrow&#8221;]<span style=\"font-weight: 400;\">Sie fallen nicht immer sofort auf. <\/span><span style=\"font-weight: 400;\">Glask\u00f6rpertr\u00fcbungen <\/span><span style=\"font-weight: 400;\">sind kleine dunkle oder durchsichtige Punkte, Flecken oder fadenartige Strukturen die einen Schatten auf die Netzhaut werfen k\u00f6nnen. <\/span><span style=\"font-weight: 400;\">Glask\u00f6rpertr\u00fcbungen <\/span><span style=\"font-weight: 400;\">k\u00f6nnen sich auch bewegen. <\/span>[\/vc_toggle][vc_toggle title=&#8221;Wie entstehen Glask\u00f6rpertr\u00fcbungen?&#8221; style=&#8221;arrow&#8221;]<span style=\"font-weight: 400;\">Die Ursache f\u00fcr <\/span><span style=\"font-weight: 400;\">Glask\u00f6rpertr\u00fcbungen <\/span><span style=\"font-weight: 400;\">ist oft das Alter der betroffenen Person. Dabei entweichen winzige Mengen Fl\u00fcssigkeit aus dem Glask\u00f6rper des Auges und k\u00f6nnen dessen Ordnung durcheinander bringen. Andere Ursachen k\u00f6nnen Netzhauteinrisse, Netzhautabl\u00f6sung,\u00a0eine Blutung im Glask\u00f6rperraum, eine Infektion im Auge oder eine Glask\u00f6rperabhebung\u00a0sein.<\/span>[\/vc_toggle][vc_toggle title=&#8221;Wie kann ich Glask\u00f6rpertr\u00fcbungen verhindern?&#8221; style=&#8221;arrow&#8221;]<span style=\"font-weight: 400;\">Glask\u00f6rpertr\u00fcbungen<\/span><span style=\"font-weight: 400;\"> sind oft eine Folge des Alters. Es ist wichtig, sich gut um Ihre Augen zu k\u00fcmmern. Vermeiden Sie Traumata\/Harte Schl\u00e4ge auf Ihre Augen und seien Sie vorsichtig mit Diabetes. Diabetes erh\u00f6ht das Risiko von Glask\u00f6rpertr\u00fcbungen.<\/span>[\/vc_toggle][vc_toggle title=&#8221;Wie kann ich Glask\u00f6rpertr\u00fcbungen behandeln?&#8221; style=&#8221;arrow&#8221;]<span style=\"font-weight: 400;\">Bei OMC Amstelland sind wir auf die Behandlung von Glask\u00f6rpertr\u00fcbungen spezialisiert. Anhand Ihrer Situation pr\u00fcfen wir, ob es f\u00fcr Sie sinnvoll ist, abzuwarten oder zu operieren. Wir behandeln die Glask\u00f6rpertr\u00fcbung mit einer Lasertherapie. <\/span>[\/vc_toggle][vc_toggle title=&#8221;Sind Glask\u00f6rpertr\u00fcbungen gef\u00e4hrlich?&#8221; style=&#8221;arrow&#8221;]<span style=\"font-weight: 400;\">In der Regel sind Glask\u00f6rpertr\u00fcbungen v\u00f6llig harmlos. Sie k\u00f6nnen jedoch im Zusammenhang mit einer Augenerkrankung stehen. Wenn Sie Sehst\u00f6rungen, Augenschmerzen bei Licht und \u00f6fters unter ger\u00f6teten Augen leiden, ist es ratsam, sich mit uns in Verbindung zu setzen.<\/span>[\/vc_toggle][vc_toggle title=&#8221;K\u00f6nnen Glask\u00f6rpertr\u00fcbungen sich durch Stress verschlimmern?&#8221; style=&#8221;arrow&#8221;]<span style=\"font-weight: 400;\">Glask\u00f6rpertr\u00fcbungen k\u00f6nnen sich bei Stress verst\u00e4rken aber auch nach einer gewissen Zeit wieder schw\u00e4cher werden. Es ist ratsam, sie genau zu beobachten. <\/span>[\/vc_toggle][vc_toggle title=&#8221;Wie ist die Vorgehensweise bei einer Behandlung von Glask\u00f6rpertr\u00fcbungen?&#8221; style=&#8221;arrow&#8221;]<span style=\"font-weight: 400;\">Es gibt verschiedene Behandlungsm\u00f6glichkeiten:<\/span><\/p>\n<p><span style=\"font-weight: 400;\">1) Abwarten. Sie k\u00f6nnen den Rat bekommen, noch etwas abzuwarten.<\/span><\/p>\n<p><span style=\"font-weight: 400;\">2) Operativ. Wenn wir Ihnen eine Operation empfehlen, werden wir Sie an einen Netzhautchirurgen \u00fcberweisen.<\/span><\/p>\n<p><span style=\"font-weight: 400;\">3) Die Behandlung der Glask\u00f6rpertr\u00fcbung erfolgt mit dem Floaterlaser.<\/span><\/p>\n[\/vc_toggle][vc_toggle title=&#8221;Wie ist die Vorgehensweise einer Laserbehandlung der Glask\u00f6rpertr\u00fcbungen?&#8221; style=&#8221;arrow&#8221;]<span style=\"font-weight: 400;\">Bei einer Laserbehandlung der Glask\u00f6rpertr\u00fcbung erhalten Sie zun\u00e4chst Augentropfen, die Ihre Pupillen erweitern. Der Augenarzt wird dann sehen, ob die Floater oder Glask\u00f6rpertr\u00fcbungen gut sichtbar sind und dann mit dem Laser fortfahren. W\u00e4hrend der Behandlung werden Sie keine Schmerzen versp\u00fcren, da Sie zuvor Narkosetropfen bekommen werden.<\/span>[\/vc_toggle][vc_toggle title=&#8221;Was hoch sind die Risiken bei einer Behandlung von Glask\u00f6rpertr\u00fcbungen?&#8221; style=&#8221;arrow&#8221;]<span style=\"font-weight: 400;\">Die Risiken einer Behandlung der Glask\u00f6rpertr\u00fcbungen sind sehr gering. Bei 0,1 bis 0,16% der Behandlungen treten keine schwerwiegenden Komplikationen auf. Schwere Komplikationen sind so selten, dass es eigentlich keine sinnvollen Zahlen daf\u00fcr gibt.<\/span>[\/vc_toggle][vc_toggle title=&#8221;Wie lange dauert eine Behandlung von Glask\u00f6rpertr\u00fcbungen?&#8221; style=&#8221;arrow&#8221;]<span style=\"font-weight: 400;\">Je nach Gr\u00f6\u00dfe der Glask\u00f6rpertr\u00fcbungen sind viele (Hunderte) oder wenige (&lt;50) Einsch\u00fcsse erforderlich. Eine Behandlung kann daher relativ kurz sein.\u00a0<\/span><\/p>\n[\/vc_toggle][vc_toggle title=&#8221; Kann ich nach der Behandlung der Glask\u00f6rpertr\u00fcbung sofort wieder mit der Arbeit beginnen?&#8221; style=&#8221;arrow&#8221;]<span style=\"font-weight: 400;\">Nach der Behandlung der Glask\u00f6rpertr\u00fcbung empfehlen wir Ihnen sich ein paar Tage frei zunehmen bevor Sie wieder mit Ihrer Arbeit beginnen.<\/span>[\/vc_toggle][\/vc_column_inner][\/vc_row_inner][\/vc_column][\/vc_row]\n<\/div>","protected":false},"excerpt":{"rendered":"<p>[vc_row][vc_column css=&#8221;.vc_custom_1509973847584{padding-bottom: 30px !important;}&#8221;][vc_column_text responsive_text=&#8221;true&#8221; font_weight=&#8221;bold&#8221; font_size=&#8221;18px&#8221;]Sie k\u00f6nnen die OMC Amstelland Augenklinik aufsuchen, um sich einer Kataraktoperation oder der Behandlung von Eye Floatern zu unterziehen, aber auch f\u00fcr verschiedene andere Behandlungen. Alle Behandlungen finden in Form einer Tagesbehandlung statt und finden in unserer Augenklinik in Diemen statt. Wenn Sie von Gerbrandy gesehen wurden, k\u00f6nnen Sie&hellip;<\/p>\n","protected":false},"author":1,"featured_media":0,"parent":2016,"menu_order":0,"comment_status":"closed","ping_status":"closed","template":"","meta":{"footnotes":""},"class_list":["post-2988","page","type-page","status-publish","hentry","entry","no-media"],"yoast_head":"<!-- This site is optimized with the Yoast SEO plugin v27.5 - https:\/\/yoast.com\/product\/yoast-seo-wordpress\/ -->\n<title>H\u00e4ufig gestellte Fragen Mouches Volantes - OMC Amstelland<\/title>\n<meta name=\"description\" content=\"M\u00f6chten Sie mehr \u00fcber Mouches volantes, Augenprobleme oder Glask\u00f6rpererkrankungen erfahren? Lesen Sie hier weitere Informationen.\" \/>\n<meta name=\"robots\" content=\"index, follow, max-snippet:-1, max-image-preview:large, max-video-preview:-1\" \/>\n<link rel=\"canonical\" href=\"https:\/\/www.floaterlaser.com\/de\/glaskoerpertruebungen-oder-floater\/haeufig-gestellte-fragen\/\" \/>\n<meta property=\"og:locale\" content=\"de_DE\" \/>\n<meta property=\"og:type\" content=\"article\" \/>\n<meta property=\"og:title\" content=\"H\u00e4ufig gestellte Fragen Mouches Volantes - OMC Amstelland\" \/>\n<meta property=\"og:description\" content=\"M\u00f6chten Sie mehr \u00fcber Mouches volantes, Augenprobleme oder Glask\u00f6rpererkrankungen erfahren? Lesen Sie hier weitere Informationen.\" \/>\n<meta property=\"og:url\" content=\"https:\/\/www.floaterlaser.com\/de\/glaskoerpertruebungen-oder-floater\/haeufig-gestellte-fragen\/\" \/>\n<meta property=\"og:site_name\" content=\"Floater-Laser Augenklinik \u2013 Oogheelkundig Medisch Centrum Amstelland\" \/>\n<meta property=\"article:publisher\" content=\"https:\/\/www.facebook.com\/floaterlaserOMC\" \/>\n<meta property=\"article:modified_time\" content=\"2019-08-20T07:45:26+00:00\" \/>\n<meta property=\"og:image\" content=\"https:\/\/www.floaterlaser.com\/wp-content\/uploads\/logoOMCmetAEH.jpg\" \/>\n\t<meta property=\"og:image:width\" content=\"473\" \/>\n\t<meta property=\"og:image:height\" content=\"228\" \/>\n\t<meta property=\"og:image:type\" content=\"image\/jpeg\" \/>\n<meta name=\"twitter:card\" content=\"summary_large_image\" \/>\n<meta name=\"twitter:site\" content=\"@floaterlaser1\" \/>\n<meta name=\"twitter:label1\" content=\"Gesch\u00e4tzte Lesezeit\" \/>\n\t<meta name=\"twitter:data1\" content=\"4 minutes\" \/>\n<script type=\"application\/ld+json\" class=\"yoast-schema-graph\">{\"@context\":\"https:\\\/\\\/schema.org\",\"@graph\":[{\"@type\":[\"WebPage\",\"MedicalWebPage\"],\"@id\":\"https:\\\/\\\/www.floaterlaser.com\\\/de\\\/glaskoerpertruebungen-oder-floater\\\/haeufig-gestellte-fragen\\\/\",\"url\":\"https:\\\/\\\/www.floaterlaser.com\\\/de\\\/glaskoerpertruebungen-oder-floater\\\/haeufig-gestellte-fragen\\\/\",\"name\":\"H\u00e4ufig gestellte Fragen Mouches Volantes - OMC Amstelland\",\"isPartOf\":{\"@id\":\"https:\\\/\\\/www.floaterlaser.com\\\/#website\"},\"datePublished\":\"2019-08-12T18:07:53+00:00\",\"dateModified\":\"2019-08-20T07:45:26+00:00\",\"description\":\"M\u00f6chten Sie mehr \u00fcber Mouches volantes, Augenprobleme oder Glask\u00f6rpererkrankungen erfahren? Lesen Sie hier weitere Informationen.\",\"breadcrumb\":{\"@id\":\"https:\\\/\\\/www.floaterlaser.com\\\/de\\\/glaskoerpertruebungen-oder-floater\\\/haeufig-gestellte-fragen\\\/#breadcrumb\"},\"inLanguage\":\"de-DE\",\"potentialAction\":[{\"@type\":\"ReadAction\",\"target\":[\"https:\\\/\\\/www.floaterlaser.com\\\/de\\\/glaskoerpertruebungen-oder-floater\\\/haeufig-gestellte-fragen\\\/\"]}]},{\"@type\":\"BreadcrumbList\",\"@id\":\"https:\\\/\\\/www.floaterlaser.com\\\/de\\\/glaskoerpertruebungen-oder-floater\\\/haeufig-gestellte-fragen\\\/#breadcrumb\",\"itemListElement\":[{\"@type\":\"ListItem\",\"position\":1,\"name\":\"Home\",\"item\":\"https:\\\/\\\/www.floaterlaser.com\\\/de\\\/\"},{\"@type\":\"ListItem\",\"position\":2,\"name\":\"Glask\u00f6rpertr\u00fcbungen oder Floater\",\"item\":\"https:\\\/\\\/www.floaterlaser.com\\\/de\\\/glaskoerpertruebungen-oder-floater\\\/\"},{\"@type\":\"ListItem\",\"position\":3,\"name\":\"H\u00e4ufig gestellte Fragen\"}]},{\"@type\":\"WebSite\",\"@id\":\"https:\\\/\\\/www.floaterlaser.com\\\/#website\",\"url\":\"https:\\\/\\\/www.floaterlaser.com\\\/\",\"name\":\"Floaterlaser Oogkliniek\",\"description\":\"Behandlungen von Glask\u00f6rpertr\u00fcbungen und anderen Augenerkrankungen\",\"publisher\":{\"@id\":\"https:\\\/\\\/www.floaterlaser.com\\\/#organization\"},\"alternateName\":\"OMC Amstelland\",\"potentialAction\":[{\"@type\":\"SearchAction\",\"target\":{\"@type\":\"EntryPoint\",\"urlTemplate\":\"https:\\\/\\\/www.floaterlaser.com\\\/?s={search_term_string}\"},\"query-input\":{\"@type\":\"PropertyValueSpecification\",\"valueRequired\":true,\"valueName\":\"search_term_string\"}}],\"inLanguage\":\"de-DE\"},{\"@type\":\"Organization\",\"@id\":\"https:\\\/\\\/www.floaterlaser.com\\\/#organization\",\"name\":\"Floaterlaser Oogkliniek \u2013 OMC Amstelland\",\"alternateName\":\"OMC Amstelland\",\"url\":\"https:\\\/\\\/www.floaterlaser.com\\\/\",\"logo\":{\"@type\":\"ImageObject\",\"inLanguage\":\"de-DE\",\"@id\":\"https:\\\/\\\/www.floaterlaser.com\\\/#\\\/schema\\\/logo\\\/image\\\/\",\"url\":\"https:\\\/\\\/www.floaterlaser.com\\\/wp-content\\\/uploads\\\/logoOMCmetAEH.jpg\",\"contentUrl\":\"https:\\\/\\\/www.floaterlaser.com\\\/wp-content\\\/uploads\\\/logoOMCmetAEH.jpg\",\"width\":473,\"height\":228,\"caption\":\"Floaterlaser Oogkliniek \u2013 OMC Amstelland\"},\"image\":{\"@id\":\"https:\\\/\\\/www.floaterlaser.com\\\/#\\\/schema\\\/logo\\\/image\\\/\"},\"sameAs\":[\"https:\\\/\\\/www.facebook.com\\\/floaterlaserOMC\",\"https:\\\/\\\/x.com\\\/floaterlaser1\",\"https:\\\/\\\/www.instagram.com\\\/omc_amstelland\\\/\",\"https:\\\/\\\/www.zorgkaartnederland.nl\\\/zorginstelling\\\/oogkliniek-omc-amstelland-diemen-3056449\"]}]}<\/script>\n<!-- \/ Yoast SEO plugin. -->","yoast_head_json":{"title":"H\u00e4ufig gestellte Fragen Mouches Volantes - OMC Amstelland","description":"M\u00f6chten Sie mehr \u00fcber Mouches volantes, Augenprobleme oder Glask\u00f6rpererkrankungen erfahren? Lesen Sie hier weitere Informationen.","robots":{"index":"index","follow":"follow","max-snippet":"max-snippet:-1","max-image-preview":"max-image-preview:large","max-video-preview":"max-video-preview:-1"},"canonical":"https:\/\/www.floaterlaser.com\/de\/glaskoerpertruebungen-oder-floater\/haeufig-gestellte-fragen\/","og_locale":"de_DE","og_type":"article","og_title":"H\u00e4ufig gestellte Fragen Mouches Volantes - OMC Amstelland","og_description":"M\u00f6chten Sie mehr \u00fcber Mouches volantes, Augenprobleme oder Glask\u00f6rpererkrankungen erfahren? Lesen Sie hier weitere Informationen.","og_url":"https:\/\/www.floaterlaser.com\/de\/glaskoerpertruebungen-oder-floater\/haeufig-gestellte-fragen\/","og_site_name":"Floater-Laser Augenklinik \u2013 Oogheelkundig Medisch Centrum Amstelland","article_publisher":"https:\/\/www.facebook.com\/floaterlaserOMC","article_modified_time":"2019-08-20T07:45:26+00:00","og_image":[{"width":473,"height":228,"url":"https:\/\/www.floaterlaser.com\/wp-content\/uploads\/logoOMCmetAEH.jpg","type":"image\/jpeg"}],"twitter_card":"summary_large_image","twitter_site":"@floaterlaser1","twitter_misc":{"Gesch\u00e4tzte Lesezeit":"4 minutes"},"schema":{"@context":"https:\/\/schema.org","@graph":[{"@type":["WebPage","MedicalWebPage"],"@id":"https:\/\/www.floaterlaser.com\/de\/glaskoerpertruebungen-oder-floater\/haeufig-gestellte-fragen\/","url":"https:\/\/www.floaterlaser.com\/de\/glaskoerpertruebungen-oder-floater\/haeufig-gestellte-fragen\/","name":"H\u00e4ufig gestellte Fragen Mouches Volantes - OMC Amstelland","isPartOf":{"@id":"https:\/\/www.floaterlaser.com\/#website"},"datePublished":"2019-08-12T18:07:53+00:00","dateModified":"2019-08-20T07:45:26+00:00","description":"M\u00f6chten Sie mehr \u00fcber Mouches volantes, Augenprobleme oder Glask\u00f6rpererkrankungen erfahren? Lesen Sie hier weitere Informationen.","breadcrumb":{"@id":"https:\/\/www.floaterlaser.com\/de\/glaskoerpertruebungen-oder-floater\/haeufig-gestellte-fragen\/#breadcrumb"},"inLanguage":"de-DE","potentialAction":[{"@type":"ReadAction","target":["https:\/\/www.floaterlaser.com\/de\/glaskoerpertruebungen-oder-floater\/haeufig-gestellte-fragen\/"]}]},{"@type":"BreadcrumbList","@id":"https:\/\/www.floaterlaser.com\/de\/glaskoerpertruebungen-oder-floater\/haeufig-gestellte-fragen\/#breadcrumb","itemListElement":[{"@type":"ListItem","position":1,"name":"Home","item":"https:\/\/www.floaterlaser.com\/de\/"},{"@type":"ListItem","position":2,"name":"Glask\u00f6rpertr\u00fcbungen oder Floater","item":"https:\/\/www.floaterlaser.com\/de\/glaskoerpertruebungen-oder-floater\/"},{"@type":"ListItem","position":3,"name":"H\u00e4ufig gestellte Fragen"}]},{"@type":"WebSite","@id":"https:\/\/www.floaterlaser.com\/#website","url":"https:\/\/www.floaterlaser.com\/","name":"Floaterlaser Oogkliniek","description":"Behandlungen von Glask\u00f6rpertr\u00fcbungen und anderen Augenerkrankungen","publisher":{"@id":"https:\/\/www.floaterlaser.com\/#organization"},"alternateName":"OMC Amstelland","potentialAction":[{"@type":"SearchAction","target":{"@type":"EntryPoint","urlTemplate":"https:\/\/www.floaterlaser.com\/?s={search_term_string}"},"query-input":{"@type":"PropertyValueSpecification","valueRequired":true,"valueName":"search_term_string"}}],"inLanguage":"de-DE"},{"@type":"Organization","@id":"https:\/\/www.floaterlaser.com\/#organization","name":"Floaterlaser Oogkliniek \u2013 OMC Amstelland","alternateName":"OMC Amstelland","url":"https:\/\/www.floaterlaser.com\/","logo":{"@type":"ImageObject","inLanguage":"de-DE","@id":"https:\/\/www.floaterlaser.com\/#\/schema\/logo\/image\/","url":"https:\/\/www.floaterlaser.com\/wp-content\/uploads\/logoOMCmetAEH.jpg","contentUrl":"https:\/\/www.floaterlaser.com\/wp-content\/uploads\/logoOMCmetAEH.jpg","width":473,"height":228,"caption":"Floaterlaser Oogkliniek \u2013 OMC Amstelland"},"image":{"@id":"https:\/\/www.floaterlaser.com\/#\/schema\/logo\/image\/"},"sameAs":["https:\/\/www.facebook.com\/floaterlaserOMC","https:\/\/x.com\/floaterlaser1","https:\/\/www.instagram.com\/omc_amstelland\/","https:\/\/www.zorgkaartnederland.nl\/zorginstelling\/oogkliniek-omc-amstelland-diemen-3056449"]}]}},"_links":{"self":[{"href":"https:\/\/www.floaterlaser.com\/de\/wp-json\/wp\/v2\/pages\/2988","targetHints":{"allow":["GET"]}}],"collection":[{"href":"https:\/\/www.floaterlaser.com\/de\/wp-json\/wp\/v2\/pages"}],"about":[{"href":"https:\/\/www.floaterlaser.com\/de\/wp-json\/wp\/v2\/types\/page"}],"author":[{"embeddable":true,"href":"https:\/\/www.floaterlaser.com\/de\/wp-json\/wp\/v2\/users\/1"}],"replies":[{"embeddable":true,"href":"https:\/\/www.floaterlaser.com\/de\/wp-json\/wp\/v2\/comments?post=2988"}],"version-history":[{"count":0,"href":"https:\/\/www.floaterlaser.com\/de\/wp-json\/wp\/v2\/pages\/2988\/revisions"}],"up":[{"embeddable":true,"href":"https:\/\/www.floaterlaser.com\/de\/wp-json\/wp\/v2\/pages\/2016"}],"wp:attachment":[{"href":"https:\/\/www.floaterlaser.com\/de\/wp-json\/wp\/v2\/media?parent=2988"}],"curies":[{"name":"wp","href":"https:\/\/api.w.org\/{rel}","templated":true}]}}